{"id":1196,"date":"2024-05-01T14:49:17","date_gmt":"2024-05-01T14:49:17","guid":{"rendered":"https:\/\/demo.casethemes.net\/proactive\/?page_id=1196"},"modified":"2025-04-22T13:55:08","modified_gmt":"2025-04-22T13:55:08","slug":"testimonio","status":"publish","type":"page","link":"https:\/\/nielsentech.co.uk\/es\/testimonio\/","title":{"rendered":"Lo que dicen nuestros clientes"},"content":{"rendered":"<div data-elementor-type=\"wp-page\" data-elementor-id=\"1196\" class=\"elementor elementor-1196\">\n\t\t\t\t        <section class=\"elementor-section elementor-top-section elementor-element elementor-element-9016673 elementor-section-boxed elementor-section-height-default elementor-section-height-default pxl-row-scroll-none pxl-zoom-point-false pxl-section-overflow-visible pxl-section-fix-none pxl-bg-color-none pxl-section-overlay-none\" data-id=\"9016673\" data-element_type=\"section\">\n\n                \n                <div class=\"elementor-container elementor-column-gap-extended\">\n                <div class=\"elementor-column elementor-col-100 elementor-top-column elementor-element elementor-element-ee54d6c pxl-column-none pxl-column-overflow-hidden-no\" data-id=\"ee54d6c\" data-element_type=\"column\">\r\n        <div class=\"elementor-widget-wrap elementor-element-populated\">\r\n                     \r\n        \t\t<div class=\"elementor-element elementor-element-715b64fe elementor-widget elementor-widget-pxl_heading\" data-id=\"715b64fe\" data-element_type=\"widget\" data-widget_type=\"pxl_heading.default\">\n\t\t\t\t<div class=\"elementor-widget-container\">\n\t\t\t\t\t\n<div id=\"pxl-pxl_heading-715b64fe-8159\" class=\"pxl-heading px-sub-title-shape-style\">\n\t<div class=\"pxl-heading--inner\">\n\t\t\t\t\t<div class=\"pxl-item--subtitle px-sub-title-shape\" data-wow-delay=\"ms\">\n\t\t\t\t<span class=\"pxl-item--subtext\">\n\t\t\t\t\t\t\t\t\t\t\t<i class=\"flaticon-heading text-gradient pxl-mr-10 pxl-icon--heading\"><\/i>\n\t\t\t\t\t\t\t\t\t\t\t\t\t\t\t\t\t\t\t\t<span class=\"\">Nuestros clientes <\/span>\n\t\t\t\t<\/span>\n\t\t\t<\/div>\n\t\t\n\t\t<h2 class=\"pxl-item--title style-default highlight-default pxl-split-text split-in-right\" data-wow-delay=\"ms\">\n\n\t\t\t<span class=\"pxl-heading--text\">\n\n\t\t\t\t\t\t\t\t\tDiga sobre nuestros servicios\t\n\t\t\t\t\t\n\n\t\t\t<\/span>\n\t\t<\/h2>\n\t\t\n\t<\/div>\n<\/div>\t\t\t\t<\/div>\n\t\t\t\t<\/div>\n\t\t\t\t<div class=\"elementor-element elementor-element-a71dd6c elementor-widget elementor-widget-pxl_testimonial_grid\" data-id=\"a71dd6c\" data-element_type=\"widget\" data-widget_type=\"pxl_testimonial_grid.default\">\n\t\t\t\t<div class=\"elementor-widget-container\">\n\t\t\t\t\t    <div class=\"pxl-grid pxl-testimonial-grid pxl-testimonial-grid1\">\r\n        <div class=\"pxl-grid-inner pxl-grid-masonry row\" data-gutter=\"15\">\r\n                            <div class=\"pxl-grid-item col-xl-6 col-lg-6 col-md-6 col-sm-12 col-12\">\r\n                    <div class=\"pxl-item--inner wow PXLfadeInUp\">\r\n                        <div class=\"pxl-item--star\">\r\n                            <span class=\"pxl-star--inner text-gradient\">\r\n                                <i class=\"flaticon-star\"><\/i>\r\n                                <i class=\"flaticon-star\"><\/i>\r\n                                <i class=\"flaticon-star\"><\/i>\r\n                                <i class=\"flaticon-star\"><\/i>\r\n                                <i class=\"flaticon-star\"><\/i>\r\n                            <\/span>\r\n                        <\/div>\r\n                        <div class=\"pxl-item--desc el-empty\">\"Absolutamente impresionados por la profesionalidad y la experiencia de este equipo. Transformaron nuestro sitio web anticuado en una plataforma moderna y de alto rendimiento que ha impulsado significativamente nuestro tr\u00e1fico y compromiso. Altamente recomendable!\"<\/div>\r\n                        <div class=\"pxl-item--divider\"><\/div>\r\n                        <div class=\"pxl-item--holder\">\r\n                                                            <div class=\"pxl-item--avatar pxl-mr-18\">\r\n                                    <img decoding=\"async\" class=\"no-lazyload\" src=\"https:\/\/nielsentech.co.uk\/wp-content\/uploads\/2024\/04\/testimonial-1-128x128.jpg\" width=\"128\" height=\"128\" alt=\"testimonio-1\" title=\"testimonio-1\" \/>                                <\/div>\r\n                                                        <div class=\"pxl-item--meta pxl-mr-20\">\r\n                                <h6 class=\"pxl-item--title el-empty\">Linda<\/h6>\r\n                                                                    <div class=\"pxl-item--position\">Director<\/div>\r\n                                                            <\/div>\r\n                            <div class=\"pxl-item--icon\"><i class=\"flaticon-quote-2 text-gradient\"><\/i><\/div>\r\n                        <\/div>\r\n                   <\/div>\r\n                <\/div>\r\n                            <div class=\"pxl-grid-item col-xl-6 col-lg-6 col-md-6 col-sm-12 col-12\">\r\n                    <div class=\"pxl-item--inner wow PXLfadeInUp\">\r\n                        <div class=\"pxl-item--star\">\r\n                            <span class=\"pxl-star--inner text-gradient\">\r\n                                <i class=\"flaticon-star\"><\/i>\r\n                                <i class=\"flaticon-star\"><\/i>\r\n                                <i class=\"flaticon-star\"><\/i>\r\n                                <i class=\"flaticon-star\"><\/i>\r\n                                <i class=\"flaticon-star\"><\/i>\r\n                            <\/span>\r\n                        <\/div>\r\n                        <div class=\"pxl-item--desc el-empty\">\"Desde la consulta inicial hasta el lanzamiento final, su profesionalidad fue evidente en cada paso. Realmente entendieron nuestra visi\u00f3n y entregaron un sitio web que super\u00f3 nuestras expectativas. Sus estrategias de SEO ya est\u00e1n mostrando resultados fant\u00e1sticos\".<\/div>\r\n                        <div class=\"pxl-item--divider\"><\/div>\r\n                        <div class=\"pxl-item--holder\">\r\n                                                            <div class=\"pxl-item--avatar pxl-mr-18\">\r\n                                    <img decoding=\"async\" class=\"no-lazyload\" src=\"https:\/\/nielsentech.co.uk\/wp-content\/uploads\/2024\/04\/testimonial-2.png\" width=\"128\" height=\"128\" alt=\"testimonio-2\" title=\"testimonio-2\" \/>                                <\/div>\r\n                                                        <div class=\"pxl-item--meta pxl-mr-20\">\r\n                                <h6 class=\"pxl-item--title el-empty\">Pe\u00f1a<\/h6>\r\n                                                                    <div class=\"pxl-item--position\">Director<\/div>\r\n                                                            <\/div>\r\n                            <div class=\"pxl-item--icon\"><i class=\"flaticon-quote-2 text-gradient\"><\/i><\/div>\r\n                        <\/div>\r\n                   <\/div>\r\n                <\/div>\r\n                            <div class=\"pxl-grid-item col-xl-6 col-lg-6 col-md-6 col-sm-12 col-12\">\r\n                    <div class=\"pxl-item--inner wow PXLfadeInUp\">\r\n                        <div class=\"pxl-item--star\">\r\n                            <span class=\"pxl-star--inner text-gradient\">\r\n                                <i class=\"flaticon-star\"><\/i>\r\n                                <i class=\"flaticon-star\"><\/i>\r\n                                <i class=\"flaticon-star\"><\/i>\r\n                                <i class=\"flaticon-star\"><\/i>\r\n                                <i class=\"flaticon-star\"><\/i>\r\n                            <\/span>\r\n                        <\/div>\r\n                        <div class=\"pxl-item--desc el-empty\">\"Trabajar con este equipo fue una experiencia profesional y sin complicaciones. Su comunicaci\u00f3n fue excelente, y su experiencia t\u00e9cnica tanto en dise\u00f1o web como en desarrollo de aplicaciones m\u00f3viles es de primera categor\u00eda. Entregaron un producto superior a tiempo y dentro del presupuesto.<\/div>\r\n                        <div class=\"pxl-item--divider\"><\/div>\r\n                        <div class=\"pxl-item--holder\">\r\n                                                            <div class=\"pxl-item--avatar pxl-mr-18\">\r\n                                    <img decoding=\"async\" class=\"no-lazyload\" src=\"https:\/\/nielsentech.co.uk\/wp-content\/uploads\/2024\/04\/testimonial-3.png\" width=\"128\" height=\"128\" alt=\"testimonio-3\" title=\"testimonio-3\" \/>                                <\/div>\r\n                                                        <div class=\"pxl-item--meta pxl-mr-20\">\r\n                                <h6 class=\"pxl-item--title el-empty\">Jerome Bell<\/h6>\r\n                                                                    <div class=\"pxl-item--position\">Director<\/div>\r\n                                                            <\/div>\r\n                            <div class=\"pxl-item--icon\"><i class=\"flaticon-quote-2 text-gradient\"><\/i><\/div>\r\n                        <\/div>\r\n                   <\/div>\r\n                <\/div>\r\n                            <div class=\"pxl-grid-item col-xl-6 col-lg-6 col-md-6 col-sm-12 col-12\">\r\n                    <div class=\"pxl-item--inner wow PXLfadeInUp\">\r\n                        <div class=\"pxl-item--star\">\r\n                            <span class=\"pxl-star--inner text-gradient\">\r\n                                <i class=\"flaticon-star\"><\/i>\r\n                                <i class=\"flaticon-star\"><\/i>\r\n                                <i class=\"flaticon-star\"><\/i>\r\n                                <i class=\"flaticon-star\"><\/i>\r\n                                <i class=\"flaticon-star\"><\/i>\r\n                            <\/span>\r\n                        <\/div>\r\n                        <div class=\"pxl-item--desc el-empty\">\"El nivel de profesionalidad y creatividad demostrado por este equipo es excepcional. Han dise\u00f1ado un sitio web impresionante y una aplicaci\u00f3n m\u00f3vil f\u00e1cil de usar que representa a la perfecci\u00f3n nuestra marca. Su apoyo continuo tambi\u00e9n ha sido incre\u00edblemente profesional y receptivo\".<\/div>\r\n                        <div class=\"pxl-item--divider\"><\/div>\r\n                        <div class=\"pxl-item--holder\">\r\n                                                            <div class=\"pxl-item--avatar pxl-mr-18\">\r\n                                    <img loading=\"lazy\" decoding=\"async\" class=\"no-lazyload\" src=\"https:\/\/nielsentech.co.uk\/wp-content\/uploads\/2024\/04\/testimonial-5.png\" width=\"128\" height=\"128\" alt=\"testimonio-5\" title=\"testimonio-5\" \/>                                <\/div>\r\n                                                        <div class=\"pxl-item--meta pxl-mr-20\">\r\n                                <h6 class=\"pxl-item--title el-empty\">Jacob Jones<\/h6>\r\n                                                                    <div class=\"pxl-item--position\">Director<\/div>\r\n                                                            <\/div>\r\n                            <div class=\"pxl-item--icon\"><i class=\"flaticon-quote-2 text-gradient\"><\/i><\/div>\r\n                        <\/div>\r\n                   <\/div>\r\n                <\/div>\r\n                            <div class=\"pxl-grid-item col-xl-6 col-lg-6 col-md-6 col-sm-12 col-12\">\r\n                    <div class=\"pxl-item--inner wow PXLfadeInUp\">\r\n                        <div class=\"pxl-item--star\">\r\n                            <span class=\"pxl-star--inner text-gradient\">\r\n                                <i class=\"flaticon-star\"><\/i>\r\n                                <i class=\"flaticon-star\"><\/i>\r\n                                <i class=\"flaticon-star\"><\/i>\r\n                                <i class=\"flaticon-star\"><\/i>\r\n                                <i class=\"flaticon-star\"><\/i>\r\n                            <\/span>\r\n                        <\/div>\r\n                        <div class=\"pxl-item--desc el-empty\">\"Busc\u00e1bamos una agencia profesional que se encargara de nuestro SEO y dise\u00f1o web, y hemos encontrado al socio perfecto. Su enfoque estrat\u00e9gico y su atenci\u00f3n al detalle son impresionantes, y los resultados hablan por s\u00ed solos. Un equipo verdaderamente profesional y fiable\"<\/div>\r\n                        <div class=\"pxl-item--divider\"><\/div>\r\n                        <div class=\"pxl-item--holder\">\r\n                                                            <div class=\"pxl-item--avatar pxl-mr-18\">\r\n                                    <img loading=\"lazy\" decoding=\"async\" class=\"no-lazyload\" src=\"https:\/\/nielsentech.co.uk\/wp-content\/uploads\/2024\/04\/testimonial-4.png\" width=\"128\" height=\"128\" alt=\"testimonio-4\" title=\"testimonio-4\" \/>                                <\/div>\r\n                                                        <div class=\"pxl-item--meta pxl-mr-20\">\r\n                                <h6 class=\"pxl-item--title el-empty\">Albert Flores<\/h6>\r\n                                                                    <div class=\"pxl-item--position\">Director<\/div>\r\n                                                            <\/div>\r\n                            <div class=\"pxl-item--icon\"><i class=\"flaticon-quote-2 text-gradient\"><\/i><\/div>\r\n                        <\/div>\r\n                   <\/div>\r\n                <\/div>\r\n                            <div class=\"pxl-grid-item col-xl-6 col-lg-6 col-md-6 col-sm-12 col-12\">\r\n                    <div class=\"pxl-item--inner wow PXLfadeInUp\">\r\n                        <div class=\"pxl-item--star\">\r\n                            <span class=\"pxl-star--inner text-gradient\">\r\n                                <i class=\"flaticon-star\"><\/i>\r\n                                <i class=\"flaticon-star\"><\/i>\r\n                                <i class=\"flaticon-star\"><\/i>\r\n                                <i class=\"flaticon-star\"><\/i>\r\n                                <i class=\"flaticon-star\"><\/i>\r\n                            <\/span>\r\n                        <\/div>\r\n                        <div class=\"pxl-item--desc el-empty\">\"Elegir esta agencia fue una de las mejores decisiones que tomamos para nuestro negocio. Su enfoque profesional del dise\u00f1o web y SEO ha tenido un impacto tangible en nuestra visibilidad online y en la captaci\u00f3n de clientes. Hemos visto un aumento significativo de clientes potenciales cualificados.\"<\/div>\r\n                        <div class=\"pxl-item--divider\"><\/div>\r\n                        <div class=\"pxl-item--holder\">\r\n                                                            <div class=\"pxl-item--avatar pxl-mr-18\">\r\n                                    <img loading=\"lazy\" decoding=\"async\" class=\"no-lazyload\" src=\"https:\/\/nielsentech.co.uk\/wp-content\/uploads\/2024\/04\/testimonial-6.png\" width=\"128\" height=\"128\" alt=\"testimonio-6\" title=\"testimonio-6\" \/>                                <\/div>\r\n                                                        <div class=\"pxl-item--meta pxl-mr-20\">\r\n                                <h6 class=\"pxl-item--title el-empty\">Kristin Watson<\/h6>\r\n                                                                    <div class=\"pxl-item--position\">Director<\/div>\r\n                                                            <\/div>\r\n                            <div class=\"pxl-item--icon\"><i class=\"flaticon-quote-2 text-gradient\"><\/i><\/div>\r\n                        <\/div>\r\n                   <\/div>\r\n                <\/div>\r\n                            <div class=\"pxl-grid-item col-xl-6 col-lg-6 col-md-6 col-sm-12 col-12\">\r\n                    <div class=\"pxl-item--inner wow PXLfadeInUp\">\r\n                        <div class=\"pxl-item--star\">\r\n                            <span class=\"pxl-star--inner text-gradient\">\r\n                                <i class=\"flaticon-star\"><\/i>\r\n                                <i class=\"flaticon-star\"><\/i>\r\n                                <i class=\"flaticon-star\"><\/i>\r\n                                <i class=\"flaticon-star\"><\/i>\r\n                                <i class=\"flaticon-star\"><\/i>\r\n                            <\/span>\r\n                        <\/div>\r\n                        <div class=\"pxl-item--desc el-empty\">\"Su equipo de ingenieros de software son aut\u00e9nticos profesionales. La aplicaci\u00f3n m\u00f3vil que desarrollaron para nosotros es robusta, intuitiva y ha sido incre\u00edblemente bien recibida por nuestros usuarios. Su experiencia y dedicaci\u00f3n a la calidad son evidentes en su trabajo.\"<\/div>\r\n                        <div class=\"pxl-item--divider\"><\/div>\r\n                        <div class=\"pxl-item--holder\">\r\n                                                            <div class=\"pxl-item--avatar pxl-mr-18\">\r\n                                    <img loading=\"lazy\" decoding=\"async\" class=\"no-lazyload\" src=\"https:\/\/nielsentech.co.uk\/wp-content\/uploads\/2024\/04\/testimonial-7.png\" width=\"128\" height=\"128\" alt=\"testimonio-7\" title=\"testimonio-7\" \/>                                <\/div>\r\n                                                        <div class=\"pxl-item--meta pxl-mr-20\">\r\n                                <h6 class=\"pxl-item--title el-empty\">Esther Howard<\/h6>\r\n                                                                    <div class=\"pxl-item--position\">Director<\/div>\r\n                                                            <\/div>\r\n                            <div class=\"pxl-item--icon\"><i class=\"flaticon-quote-2 text-gradient\"><\/i><\/div>\r\n                        <\/div>\r\n                   <\/div>\r\n                <\/div>\r\n                            <div class=\"pxl-grid-item col-xl-6 col-lg-6 col-md-6 col-sm-12 col-12\">\r\n                    <div class=\"pxl-item--inner wow PXLfadeInUp\">\r\n                        <div class=\"pxl-item--star\">\r\n                            <span class=\"pxl-star--inner text-gradient\">\r\n                                <i class=\"flaticon-star\"><\/i>\r\n                                <i class=\"flaticon-star\"><\/i>\r\n                                <i class=\"flaticon-star\"><\/i>\r\n                                <i class=\"flaticon-star\"><\/i>\r\n                                <i class=\"flaticon-star\"><\/i>\r\n                            <\/span>\r\n                        <\/div>\r\n                        <div class=\"pxl-item--desc el-empty\">\"Desde el principio brill\u00f3 su profesionalidad. Proporcionaron una comunicaci\u00f3n clara, un proceso bien definido y entregaron un sitio web y una estrategia SEO que han mejorado significativamente nuestro rendimiento en l\u00ednea. Un equipo realmente profesional y orientado a resultados\".<\/div>\r\n                        <div class=\"pxl-item--divider\"><\/div>\r\n                        <div class=\"pxl-item--holder\">\r\n                                                            <div class=\"pxl-item--avatar pxl-mr-18\">\r\n                                    <img loading=\"lazy\" decoding=\"async\" class=\"no-lazyload\" src=\"https:\/\/nielsentech.co.uk\/wp-content\/uploads\/2024\/04\/testimonial-8.png\" width=\"128\" height=\"128\" alt=\"testimonio-8\" title=\"testimonio-8\" \/>                                <\/div>\r\n                                                        <div class=\"pxl-item--meta pxl-mr-20\">\r\n                                <h6 class=\"pxl-item--title el-empty\">Guy Hawkins<\/h6>\r\n                                                                    <div class=\"pxl-item--position\">Director<\/div>\r\n                                                            <\/div>\r\n                            <div class=\"pxl-item--icon\"><i class=\"flaticon-quote-2 text-gradient\"><\/i><\/div>\r\n                        <\/div>\r\n                   <\/div>\r\n                <\/div>\r\n                        <div class=\"grid-sizer col-xl-6 col-lg-6 col-md-6 col-sm-12 col-12\"><\/div>\r\n        <\/div>\r\n    <\/div>\r\n\t\t\t\t<\/div>\n\t\t\t\t<\/div>\n\t\t            <\/div>\r\n        <\/div>\r\n        \t\t\t<\/div>\n\t\t<\/section>\n\t\t\t\t<\/div>","protected":false},"excerpt":{"rendered":"<p>Our Clients Say About Our Services \u201cAbsolutely blown away by the professionalism and expertise of this team. They transformed our outdated website into a modern, high-performing platform that has significantly boosted our traffic and engagement. Highly recommend!\u201c Linda Senior Director \u201cFrom the initial consultation to the final launch, their professionalism was evident in every step. [&hellip;]<\/p>","protected":false},"author":1,"featured_media":0,"parent":0,"menu_order":0,"comment_status":"closed","ping_status":"closed","template":"","meta":{"googlesitekit_rrm_CAowjZu7DA:productID":"","footnotes":""},"class_list":["post-1196","page","type-page","status-publish","hentry"],"_hostinger_reach_plugin_has_subscription_block":false,"_hostinger_reach_plugin_is_elementor":false,"_links":{"self":[{"href":"https:\/\/nielsentech.co.uk\/es\/wp-json\/wp\/v2\/pages\/1196","targetHints":{"allow":["GET"]}}],"collection":[{"href":"https:\/\/nielsentech.co.uk\/es\/wp-json\/wp\/v2\/pages"}],"about":[{"href":"https:\/\/nielsentech.co.uk\/es\/wp-json\/wp\/v2\/types\/page"}],"author":[{"embeddable":true,"href":"https:\/\/nielsentech.co.uk\/es\/wp-json\/wp\/v2\/users\/1"}],"replies":[{"embeddable":true,"href":"https:\/\/nielsentech.co.uk\/es\/wp-json\/wp\/v2\/comments?post=1196"}],"version-history":[{"count":8,"href":"https:\/\/nielsentech.co.uk\/es\/wp-json\/wp\/v2\/pages\/1196\/revisions"}],"predecessor-version":[{"id":5412,"href":"https:\/\/nielsentech.co.uk\/es\/wp-json\/wp\/v2\/pages\/1196\/revisions\/5412"}],"wp:attachment":[{"href":"https:\/\/nielsentech.co.uk\/es\/wp-json\/wp\/v2\/media?parent=1196"}],"curies":[{"name":"wp","href":"https:\/\/api.w.org\/{rel}","templated":true}]}}