{"id":525,"date":"2024-04-25T02:30:39","date_gmt":"2024-04-25T02:30:39","guid":{"rendered":"https:\/\/demo.casethemes.net\/proactive\/?page_id=525"},"modified":"2025-04-19T21:20:18","modified_gmt":"2025-04-19T21:20:18","slug":"detalles-del-equipo","status":"publish","type":"page","link":"https:\/\/nielsentech.co.uk\/es\/detalles-del-equipo\/","title":{"rendered":"Detalles del equipo"},"content":{"rendered":"<div data-elementor-type=\"wp-page\" data-elementor-id=\"525\" class=\"elementor elementor-525\">\n\t\t\t\t        <section class=\"elementor-section elementor-top-section elementor-element elementor-element-a7f4eec elementor-section-boxed elementor-section-height-default elementor-section-height-default pxl-row-scroll-none pxl-zoom-point-false pxl-section-overflow-visible pxl-section-fix-none pxl-bg-color-none pxl-section-overlay-none\" data-id=\"a7f4eec\" data-element_type=\"section\">\n\n                \n                <div class=\"elementor-container elementor-column-gap-extended\">\n                <div class=\"elementor-column elementor-col-33 elementor-top-column elementor-element elementor-element-032b964 pxl-column-none pxl-column-overflow-hidden-no\" data-id=\"032b964\" data-element_type=\"column\">\r\n        <div class=\"elementor-widget-wrap elementor-element-populated\">\r\n                     \r\n        \t\t<div class=\"elementor-element elementor-element-0b38ec9 elementor-widget elementor-widget-pxl_image\" data-id=\"0b38ec9\" data-element_type=\"widget\" data-widget_type=\"pxl_image.default\">\n\t\t\t\t<div class=\"elementor-widget-container\">\n\t\t\t\t\t<div id=\"pxl_image-0b38ec9-9739\" class=\"pxl-image-single pxl-disable-parallax-sm\" data-wow-delay=\"ms\"  >\r\n    <div class=\"pxl-item--inner\" data-wow-delay=\"120ms\">\r\n                \r\n                                <div class=\"pxl-item--bg bg-image\" style=\"background-image: url(https:\/\/nielsentech.co.uk\/wp-content\/uploads\/2025\/04\/WhatsApp-Image-2025-04-15-at-23.16.28_6b788734.jpg);\">\r\n                                            <\/div>\r\n                                <\/div>\r\n<\/div>\t\t\t\t<\/div>\n\t\t\t\t<\/div>\n\t\t            <\/div>\r\n        <\/div>\r\n                <div class=\"elementor-column elementor-col-33 elementor-top-column elementor-element elementor-element-d7130e6 pxl-column-none pxl-column-overflow-hidden-no\" data-id=\"d7130e6\" data-element_type=\"column\">\r\n        <div class=\"elementor-widget-wrap elementor-element-populated\">\r\n                     \r\n        \t\t<div class=\"elementor-element elementor-element-3715f60 elementor-widget elementor-widget-pxl_heading\" data-id=\"3715f60\" data-element_type=\"widget\" data-widget_type=\"pxl_heading.default\">\n\t\t\t\t<div class=\"elementor-widget-container\">\n\t\t\t\t\t\n<div id=\"pxl-pxl_heading-3715f60-6336\" class=\"pxl-heading px-sub-title-default-style\">\n\t<div class=\"pxl-heading--inner\">\n\t\t\n\t\t<h3 class=\"pxl-item--title style-default highlight-default\" data-wow-delay=\"ms\">\n\n\t\t\t<span class=\"pxl-heading--text\">\n\n\t\t\t\t\t\t\t\t\tAllan Nielsen\t\n\t\t\t\t\t\n\n\t\t\t<\/span>\n\t\t<\/h3>\n\t\t\n\t<\/div>\n<\/div>\t\t\t\t<\/div>\n\t\t\t\t<\/div>\n\t\t\t\t<div class=\"elementor-element elementor-element-b60a1ec elementor-widget elementor-widget-pxl_text_editor\" data-id=\"b60a1ec\" data-element_type=\"widget\" data-widget_type=\"pxl_text_editor.default\">\n\t\t\t\t<div class=\"elementor-widget-container\">\n\t\t\t\t\t<div class=\"pxl-text-editor highlight-gradient\">\n\t<div class=\"pxl-item--inner\" data-wow-delay=\"ms\">\n\t\t            <span class=\"pxl-text--highlight\">\n                Desarrollador web senior            <\/span>\n        \t\t\n\t<\/div>\n<\/div>\t\t\t\t<\/div>\n\t\t\t\t<\/div>\n\t\t\t\t<div class=\"elementor-element elementor-element-03bb7dc elementor-widget elementor-widget-pxl_list\" data-id=\"03bb7dc\" data-element_type=\"widget\" data-widget_type=\"pxl_list.default\">\n\t\t\t\t<div class=\"elementor-widget-container\">\n\t\t\t\t\t    <div class=\"pxl-list pxl-list1\" data-wow-delay=\"ms\">\r\n                    <div class=\"pxl--item\">\r\n                <div class=\"pxl-item--meta\">\r\n                                                        <\/div>\r\n                                    <div class=\"pxl-item--content\">\r\n                        <label class=\"pxl-empty\">Cargo:<\/label>\r\n                        DIRECTOR GENERAL                    <\/div>\r\n                            <\/div>\r\n                    <div class=\"pxl--item\">\r\n                <div class=\"pxl-item--meta\">\r\n                                                        <\/div>\r\n                                    <div class=\"pxl-item--content\">\r\n                        <label class=\"pxl-empty\">Experiencia:<\/label>\r\n                        12+ a\u00f1os                    <\/div>\r\n                            <\/div>\r\n                    <div class=\"pxl--item\">\r\n                <div class=\"pxl-item--meta\">\r\n                                                        <\/div>\r\n                                    <div class=\"pxl-item--content\">\r\n                        <label class=\"pxl-empty\">Ubicaci\u00f3n:<\/label>\r\n                        WC2H 9JQ ,londres                    <\/div>\r\n                            <\/div>\r\n                    <div class=\"pxl--item\">\r\n                <div class=\"pxl-item--meta\">\r\n                                                        <\/div>\r\n                                    <div class=\"pxl-item--content\">\r\n                        <label class=\"pxl-empty\">Correo electr\u00f3nico:<\/label>\r\n                        Allan.Nielsen.1st@gmail.com                    <\/div>\r\n                            <\/div>\r\n                    <div class=\"pxl--item\">\r\n                <div class=\"pxl-item--meta\">\r\n                                                        <\/div>\r\n                                    <div class=\"pxl-item--content\">\r\n                        <label class=\"pxl-empty\">Tel\u00e9fono:<\/label>\r\n                        +44 7341 741087                    <\/div>\r\n                            <\/div>\r\n            <\/div>\r\n\t\t\t\t<\/div>\n\t\t\t\t<\/div>\n\t\t\t\t<div class=\"elementor-element elementor-element-25e7041 elementor-widget elementor-widget-pxl_heading\" data-id=\"25e7041\" data-element_type=\"widget\" data-widget_type=\"pxl_heading.default\">\n\t\t\t\t<div class=\"elementor-widget-container\">\n\t\t\t\t\t\n<div id=\"pxl-pxl_heading-25e7041-4410\" class=\"pxl-heading px-sub-title-default-style\">\n\t<div class=\"pxl-heading--inner\">\n\t\t\n\t\t<h3 class=\"pxl-item--title style-default highlight-default\" data-wow-delay=\"ms\">\n\n\t\t\t<span class=\"pxl-heading--text\">\n\n\t\t\t\t\t\t\t\t\tRedes sociales\t\n\t\t\t\t\t\n\n\t\t\t<\/span>\n\t\t<\/h3>\n\t\t\n\t<\/div>\n<\/div>\t\t\t\t<\/div>\n\t\t\t\t<\/div>\n\t\t\t\t<div class=\"elementor-element elementor-element-cb5651a elementor-widget elementor-widget-pxl_social_icon\" data-id=\"cb5651a\" data-element_type=\"widget\" data-widget_type=\"pxl_social_icon.default\">\n\t\t\t\t<div class=\"elementor-widget-container\">\n\t\t\t\t\t    <div class=\"pxl-social-icons pxl-social-icons1\" data-wow-delay=\"ms\">\r\n                                    <a href=\"#\">\r\n                    <i aria-hidden=\"true\" class=\"fab fa-facebook-f\"><\/i>                <\/a>\r\n                                                <a href=\"#\">\r\n                    <i aria-hidden=\"true\" class=\"fab fa-twitter\"><\/i>                <\/a>\r\n                                                <a href=\"#\">\r\n                    <i aria-hidden=\"true\" class=\"fab fa-linkedin-in\"><\/i>                <\/a>\r\n                                                <a href=\"#\">\r\n                    <i aria-hidden=\"true\" class=\"fab fa-instagram\"><\/i>                <\/a>\r\n                        <\/div>\r\n\t\t\t\t<\/div>\n\t\t\t\t<\/div>\n\t\t            <\/div>\r\n        <\/div>\r\n                <div class=\"elementor-column elementor-col-33 elementor-top-column elementor-element elementor-element-7883acc pxl-column-none pxl-column-overflow-hidden-no\" data-id=\"7883acc\" data-element_type=\"column\">\r\n        <div class=\"elementor-widget-wrap elementor-element-populated\">\r\n                     \r\n        \t\t<div class=\"elementor-element elementor-element-34564d3 elementor-widget elementor-widget-pxl_heading\" data-id=\"34564d3\" data-element_type=\"widget\" data-widget_type=\"pxl_heading.default\">\n\t\t\t\t<div class=\"elementor-widget-container\">\n\t\t\t\t\t\n<div id=\"pxl-pxl_heading-34564d3-4348\" class=\"pxl-heading px-sub-title-default-style\">\n\t<div class=\"pxl-heading--inner\">\n\t\t\n\t\t<h3 class=\"pxl-item--title style-default highlight-default\" data-wow-delay=\"ms\">\n\n\t\t\t<span class=\"pxl-heading--text\">\n\n\t\t\t\t\t\t\t\t\tOrientaci\u00f3n profesional\t\n\t\t\t\t\t\n\n\t\t\t<\/span>\n\t\t<\/h3>\n\t\t\n\t<\/div>\n<\/div>\t\t\t\t<\/div>\n\t\t\t\t<\/div>\n\t\t\t\t<div class=\"elementor-element elementor-element-0d7937b elementor-widget elementor-widget-pxl_text_editor\" data-id=\"0d7937b\" data-element_type=\"widget\" data-widget_type=\"pxl_text_editor.default\">\n\t\t\t\t<div class=\"elementor-widget-container\">\n\t\t\t\t\t<div class=\"pxl-text-editor highlight-gradient\">\n\t<div class=\"pxl-item--inner\" data-wow-delay=\"ms\">\n\t\t<p>Mostramos s\u00f3lo los mejores sitios web y portafolios construidos completamente con pasi\u00f3n, simplicidad y creatividad. Nuestro equipo ha dise\u00f1ado productos que cambian el juego.<\/p>\t\t\n\t<\/div>\n<\/div>\t\t\t\t<\/div>\n\t\t\t\t<\/div>\n\t\t\t\t<div class=\"elementor-element elementor-element-27423e2 elementor-widget elementor-widget-pxl_heading\" data-id=\"27423e2\" data-element_type=\"widget\" data-widget_type=\"pxl_heading.default\">\n\t\t\t\t<div class=\"elementor-widget-container\">\n\t\t\t\t\t\n<div id=\"pxl-pxl_heading-27423e2-2147\" class=\"pxl-heading px-sub-title-default-style\">\n\t<div class=\"pxl-heading--inner\">\n\t\t\n\t\t<h3 class=\"pxl-item--title style-default highlight-default\" data-wow-delay=\"ms\">\n\n\t\t\t<span class=\"pxl-heading--text\">\n\n\t\t\t\t\t\t\t\t\tHabilidades\t\n\t\t\t\t\t\n\n\t\t\t<\/span>\n\t\t<\/h3>\n\t\t\n\t<\/div>\n<\/div>\t\t\t\t<\/div>\n\t\t\t\t<\/div>\n\t\t\t\t<div class=\"elementor-element elementor-element-461a16c elementor-widget elementor-widget-pxl_progressbar\" data-id=\"461a16c\" data-element_type=\"widget\" data-widget_type=\"pxl_progressbar.default\">\n\t\t\t\t<div class=\"elementor-widget-container\">\n\t\t\t\t\t    <div class=\"pxl-progressbar pxl-progressbar-1 style-2\">\n                    <div class=\"pxl--item\" data-wow-delay=\"ms\">\n                                <div class=\"pxl--holder pxl-flex-grow\">\n                    <div class=\"pxl--meta pxl-flex-middle\">\n                        <div class=\"pxl--title pxl-flex-grow el-empty pxl-mr-10\">Dise\u00f1o web<\/div>\n                        <div class=\"pxl--percentage\">80%<\/div>\n                    <\/div>\n                    <div class=\"pxl-progressbar--wrap\">\n                        <div class=\"pxl--progressbar\" role=\"progressbar\" data-valuetransitiongoal=\"80\"><\/div>\n                    <\/div>\n                <\/div>\n            <\/div>\n                    <div class=\"pxl--item\" data-wow-delay=\"ms\">\n                                <div class=\"pxl--holder pxl-flex-grow\">\n                    <div class=\"pxl--meta pxl-flex-middle\">\n                        <div class=\"pxl--title pxl-flex-grow el-empty pxl-mr-10\">Desarrollo de aplicaciones<\/div>\n                        <div class=\"pxl--percentage\">90%<\/div>\n                    <\/div>\n                    <div class=\"pxl-progressbar--wrap\">\n                        <div class=\"pxl--progressbar\" role=\"progressbar\" data-valuetransitiongoal=\"90\"><\/div>\n                    <\/div>\n                <\/div>\n            <\/div>\n                    <div class=\"pxl--item\" data-wow-delay=\"ms\">\n                                <div class=\"pxl--holder pxl-flex-grow\">\n                    <div class=\"pxl--meta pxl-flex-middle\">\n                        <div class=\"pxl--title pxl-flex-grow el-empty pxl-mr-10\">Consultor\u00eda empresarial<\/div>\n                        <div class=\"pxl--percentage\">60%<\/div>\n                    <\/div>\n                    <div class=\"pxl-progressbar--wrap\">\n                        <div class=\"pxl--progressbar\" role=\"progressbar\" data-valuetransitiongoal=\"60\"><\/div>\n                    <\/div>\n                <\/div>\n            <\/div>\n            <\/div>\n\t\t\t\t<\/div>\n\t\t\t\t<\/div>\n\t\t            <\/div>\r\n        <\/div>\r\n        \t\t\t<\/div>\n\t\t<\/section>\n\t\t        <section class=\"elementor-section elementor-top-section elementor-element elementor-element-556e65f elementor-section-boxed elementor-section-height-default elementor-section-height-default pxl-row-scroll-none pxl-zoom-point-false pxl-section-overflow-visible pxl-section-fix-none pxl-bg-color-none pxl-section-overlay-none\" data-id=\"556e65f\" data-element_type=\"section\">\n\n                \n                <div class=\"elementor-container elementor-column-gap-extended\">\n                <div class=\"elementor-column elementor-col-100 elementor-top-column elementor-element elementor-element-351841e pxl-column-none pxl-column-overflow-hidden-no\" data-id=\"351841e\" data-element_type=\"column\">\r\n        <div class=\"elementor-widget-wrap elementor-element-populated\">\r\n                     \r\n        \t\t<div class=\"elementor-element elementor-element-2977973 elementor-widget elementor-widget-pxl_heading\" data-id=\"2977973\" data-element_type=\"widget\" data-widget_type=\"pxl_heading.default\">\n\t\t\t\t<div class=\"elementor-widget-container\">\n\t\t\t\t\t\n<div id=\"pxl-pxl_heading-2977973-7578\" class=\"pxl-heading px-sub-title-default-style\">\n\t<div class=\"pxl-heading--inner\">\n\t\t\n\t\t<h3 class=\"pxl-item--title style-default highlight-default\" data-wow-delay=\"ms\">\n\n\t\t\t<span class=\"pxl-heading--text\">\n\n\t\t\t\t\t\t\t\t\tDise\u00f1o experto de sitios web y SEO para hacer crecer su negocio - Dirigido por Allan Nielsen.\t\n\t\t\t\t\t\n\n\t\t\t<\/span>\n\t\t<\/h3>\n\t\t\n\t<\/div>\n<\/div>\t\t\t\t<\/div>\n\t\t\t\t<\/div>\n\t\t\t\t<div class=\"elementor-element elementor-element-d217844 elementor-widget elementor-widget-pxl_text_editor\" data-id=\"d217844\" data-element_type=\"widget\" data-widget_type=\"pxl_text_editor.default\">\n\t\t\t\t<div class=\"elementor-widget-container\">\n\t\t\t\t\t<div class=\"pxl-text-editor highlight-gradient\">\n\t<div class=\"pxl-item--inner\" data-wow-delay=\"ms\">\n\t\t<p data-sourcepos=\"17:3-17:73\">\u00a0<\/p><p data-sourcepos=\"19:3-19:277\">Allan Nielsen, licenciado en Inform\u00e1tica por la Universidad de Copenhague, instituci\u00f3n puntera en tecnolog\u00eda, ofrece servicios expertos en desarrollo de negocios en l\u00ednea. Su formaci\u00f3n en desarrollo de software y su experiencia en ingenier\u00eda en Airbus garantizan un enfoque meticuloso para crear sitios web eficaces.<\/p><p data-sourcepos=\"21:3-21:235\">Allan est\u00e1 especializado en el dise\u00f1o de sitios web y SEO, con un historial demostrado en impulsar el crecimiento de peque\u00f1as y medianas empresas. Su capacidad para ofrecer resultados empresariales tangibles a trav\u00e9s de su experiencia t\u00e9cnica es una ventaja significativa.<\/p><p data-sourcepos=\"23:3-23:90\">Arraigado en sus or\u00edgenes daneses, el trabajo de Allan encarna la eficiencia y el dise\u00f1o funcional.<\/p><p data-sourcepos=\"25:3-25:192\">Si est\u00e1 buscando un profesional para transformar su presencia en l\u00ednea y lograr el crecimiento de su negocio, explore la experiencia de Nielsen Tech. P\u00f3ngase en contacto con nosotros para hablar de sus objetivos.<\/p>\t\t\n\t<\/div>\n<\/div>\t\t\t\t<\/div>\n\t\t\t\t<\/div>\n\t\t            <\/div>\r\n        <\/div>\r\n        \t\t\t<\/div>\n\t\t<\/section>\n\t\t\t\t<\/div>","protected":false},"excerpt":{"rendered":"<p>Allan Nielsen Sr. Web Developer Position: CEO Experience: 12+ Years Location: WC2H 9JQ ,london Email: Allan.Nielsen.1st@gmail.com Phone: +44 7341 741087 Social Media Career Guideline We shows only the best websites and portfolios built completely with passion, simplicity &amp; creativity. Our team have designed game changing products. Skills Web Design 80% App Development 90% Business Consulting [&hellip;]<\/p>","protected":false},"author":1,"featured_media":0,"parent":0,"menu_order":0,"comment_status":"closed","ping_status":"closed","template":"","meta":{"googlesitekit_rrm_CAowjZu7DA:productID":"","footnotes":""},"class_list":["post-525","page","type-page","status-publish","hentry"],"_hostinger_reach_plugin_has_subscription_block":false,"_hostinger_reach_plugin_is_elementor":false,"_links":{"self":[{"href":"https:\/\/nielsentech.co.uk\/es\/wp-json\/wp\/v2\/pages\/525","targetHints":{"allow":["GET"]}}],"collection":[{"href":"https:\/\/nielsentech.co.uk\/es\/wp-json\/wp\/v2\/pages"}],"about":[{"href":"https:\/\/nielsentech.co.uk\/es\/wp-json\/wp\/v2\/types\/page"}],"author":[{"embeddable":true,"href":"https:\/\/nielsentech.co.uk\/es\/wp-json\/wp\/v2\/users\/1"}],"replies":[{"embeddable":true,"href":"https:\/\/nielsentech.co.uk\/es\/wp-json\/wp\/v2\/comments?post=525"}],"version-history":[{"count":3,"href":"https:\/\/nielsentech.co.uk\/es\/wp-json\/wp\/v2\/pages\/525\/revisions"}],"predecessor-version":[{"id":5265,"href":"https:\/\/nielsentech.co.uk\/es\/wp-json\/wp\/v2\/pages\/525\/revisions\/5265"}],"wp:attachment":[{"href":"https:\/\/nielsentech.co.uk\/es\/wp-json\/wp\/v2\/media?parent=525"}],"curies":[{"name":"wp","href":"https:\/\/api.w.org\/{rel}","templated":true}]}}