{"id":1194,"date":"2024-05-01T14:49:07","date_gmt":"2024-05-01T14:49:07","guid":{"rendered":"https:\/\/demo.casethemes.net\/proactive\/?page_id=1194"},"modified":"2025-04-19T21:32:41","modified_gmt":"2025-04-19T21:32:41","slug":"faqs","status":"publish","type":"page","link":"https:\/\/nielsentech.co.uk\/fr\/faqs\/","title":{"rendered":"FAQ"},"content":{"rendered":"<div data-elementor-type=\"wp-page\" data-elementor-id=\"1194\" class=\"elementor elementor-1194\">\n\t\t\t\t        <section class=\"elementor-section elementor-top-section elementor-element elementor-element-60e76bf elementor-section-boxed elementor-section-height-default elementor-section-height-default pxl-row-scroll-none pxl-zoom-point-false pxl-section-overflow-visible pxl-section-fix-none pxl-bg-color-none pxl-section-overlay-none\" data-id=\"60e76bf\" data-element_type=\"section\">\n\n                \n                <div class=\"elementor-container elementor-column-gap-extended\">\n                <div class=\"elementor-column elementor-col-100 elementor-top-column elementor-element elementor-element-15ccd10 pxl-column-none pxl-column-overflow-hidden-no\" data-id=\"15ccd10\" data-element_type=\"column\">\r\n        <div class=\"elementor-widget-wrap elementor-element-populated\">\r\n                     \r\n        \t\t<div class=\"elementor-element elementor-element-ccc913a elementor-widget elementor-widget-pxl_heading\" data-id=\"ccc913a\" data-element_type=\"widget\" data-widget_type=\"pxl_heading.default\">\n\t\t\t\t<div class=\"elementor-widget-container\">\n\t\t\t\t\t\n<div id=\"pxl-pxl_heading-ccc913a-6906\" class=\"pxl-heading px-sub-title-shape-style\">\n\t<div class=\"pxl-heading--inner\">\n\t\t\t\t\t<div class=\"pxl-item--subtitle px-sub-title-shape\" data-wow-delay=\"ms\">\n\t\t\t\t<span class=\"pxl-item--subtext\">\n\t\t\t\t\t\t\t\t\t\t\t<i class=\"flaticon-heading text-gradient pxl-mr-10 pxl-icon--heading\"><\/i>\n\t\t\t\t\t\t\t\t\t\t\t\t\t\t\t\t\t\t\t\t<span class=\"\">Questions populaires<\/span>\n\t\t\t\t<\/span>\n\t\t\t<\/div>\n\t\t\n\t\t<h2 class=\"pxl-item--title style-default highlight-default pxl-split-text split-in-right\" data-wow-delay=\"ms\">\n\n\t\t\t<span class=\"pxl-heading--text\">\n\n\t\t\t\t\t\t\t\t\tQuestions fr\u00e9quemment pos\u00e9es\t\n\t\t\t\t\t\n\n\t\t\t<\/span>\n\t\t<\/h2>\n\t\t\n\t<\/div>\n<\/div>\t\t\t\t<\/div>\n\t\t\t\t<\/div>\n\t\t        <section class=\"elementor-section elementor-inner-section elementor-element elementor-element-eac2d63 elementor-section-boxed elementor-section-height-default elementor-section-height-default pxl-row-scroll-none pxl-zoom-point-false pxl-section-overflow-visible pxl-section-fix-none pxl-bg-color-none pxl-section-overlay-none\" data-id=\"eac2d63\" data-element_type=\"section\">\n\n                \n                <div class=\"elementor-container elementor-column-gap-extended\">\n                <div class=\"elementor-column elementor-col-50 elementor-inner-column elementor-element elementor-element-759dd5a pxl-column-none pxl-column-overflow-hidden-no\" data-id=\"759dd5a\" data-element_type=\"column\">\r\n        <div class=\"elementor-widget-wrap elementor-element-populated\">\r\n                     \r\n        \t\t<div class=\"elementor-element elementor-element-463bd04 elementor-widget elementor-widget-pxl_accordion\" data-id=\"463bd04\" data-element_type=\"widget\" data-widget_type=\"pxl_accordion.default\">\n\t\t\t\t<div class=\"elementor-widget-container\">\n\t\t\t\t\t    <div class=\"pxl-accordion pxl-accordion1 style-default\" data-wow-delay=\"ms\">\r\n                    <div class=\"pxl--item\">\r\n                <h5 class=\"pxl-accordion--title\" data-target=\"#pxl_accordion-463bd04-7684-34d4f7c\">\r\n                    <div class=\"pxl-title--number pxl-empty\">01<\/div>\r\n                                        <span class=\"pxl-title--text\">Pourquoi mon entreprise londonienne a-t-elle vraiment besoin d'un site web ?<\/span>\r\n                    <span class=\"pxl-icon--action\"><span class=\"pxl-icon--plus pxl-icon--gradient\"><span><\/span><\/span><\/span>                <\/h5>\r\n                <div id=\"pxl_accordion-463bd04-7684-34d4f7c\" class=\"pxl-accordion--content\" >C'est simple : \u00eatre vu par un plus grand nombre de clients en ligne, 24 heures sur 24 et 7 jours sur 7. C'est votre vitrine num\u00e9rique sur l'immense march\u00e9 londonien.<\/div>\r\n            <\/div>\r\n                    <div class=\"pxl--item active\">\r\n                <h5 class=\"pxl-accordion--title\" data-target=\"#pxl_accordion-463bd04-7684-ad26938\">\r\n                    <div class=\"pxl-title--number pxl-empty\">02<\/div>\r\n                                        <span class=\"pxl-title--text\">Un site web peut-il r\u00e9ellement augmenter mes ventes et mes revenus ?<\/span>\r\n                    <span class=\"pxl-icon--action\"><span class=\"pxl-icon--plus pxl-icon--gradient\"><span><\/span><\/span><\/span>                <\/h5>\r\n                <div id=\"pxl_accordion-463bd04-7684-ad26938\" class=\"pxl-accordion--content\" style=\"display: block;\">Absolument ! Un site bien con\u00e7u attire davantage de clients, met en valeur vos offres et leur permet d'acheter facilement chez vous, ce qui se traduit par une augmentation des recettes.<\/div>\r\n            <\/div>\r\n                    <div class=\"pxl--item\">\r\n                <h5 class=\"pxl-accordion--title\" data-target=\"#pxl_accordion-463bd04-7684-5b0c792\">\r\n                    <div class=\"pxl-title--number pxl-empty\">03<\/div>\r\n                                        <span class=\"pxl-title--text\">Je suis un petit magasin dans la r\u00e9gion de Londres. Un site web peut-il m'aider ?<\/span>\r\n                    <span class=\"pxl-icon--action\"><span class=\"pxl-icon--plus pxl-icon--gradient\"><span><\/span><\/span><\/span>                <\/h5>\r\n                <div id=\"pxl_accordion-463bd04-7684-5b0c792\" class=\"pxl-accordion--content\" >D\u00e9finitivement. Le r\u00e9f\u00e9rencement local de votre site Web vous permet d'\u00eatre trouv\u00e9 par les Londoniens qui recherchent des entreprises comme la v\u00f4tre dans votre r\u00e9gion.<\/div>\r\n            <\/div>\r\n                    <div class=\"pxl--item\">\r\n                <h5 class=\"pxl-accordion--title\" data-target=\"#pxl_accordion-463bd04-7684-74758e3\">\r\n                    <div class=\"pxl-title--number pxl-empty\">04<\/div>\r\n                                        <span class=\"pxl-title--text\">Avoir un site web co\u00fbte-t-il cher ?<\/span>\r\n                    <span class=\"pxl-icon--action\"><span class=\"pxl-icon--plus pxl-icon--gradient\"><span><\/span><\/span><\/span>                <\/h5>\r\n                <div id=\"pxl_accordion-463bd04-7684-74758e3\" class=\"pxl-accordion--content\" >Pas n\u00e9cessairement. Nous proposons des solutions sur mesure adapt\u00e9es \u00e0 diff\u00e9rents budgets, ce qui vous assure un pr\u00e9cieux retour sur investissement. Consid\u00e9rez cela comme un investissement dans votre croissance future.<\/div>\r\n            <\/div>\r\n                    <div class=\"pxl--item\">\r\n                <h5 class=\"pxl-accordion--title\" data-target=\"#pxl_accordion-463bd04-7684-ad6f45f\">\r\n                    <div class=\"pxl-title--number pxl-empty\">05<\/div>\r\n                                        <span class=\"pxl-title--text\">Je ne suis pas dou\u00e9 pour la technologie. Est-il compliqu\u00e9 de g\u00e9rer un site web ?<\/span>\r\n                    <span class=\"pxl-icon--action\"><span class=\"pxl-icon--plus pxl-icon--gradient\"><span><\/span><\/span><\/span>                <\/h5>\r\n                <div id=\"pxl_accordion-463bd04-7684-ad6f45f\" class=\"pxl-accordion--content\" >Nous cr\u00e9ons des sites web conviviaux et offrons une assistance permanente, de sorte que vous n'avez pas besoin d'\u00eatre un as de la technologie pour g\u00e9rer votre pr\u00e9sence en ligne.<\/div>\r\n            <\/div>\r\n            <\/div>\r\n\t\t\t\t<\/div>\n\t\t\t\t<\/div>\n\t\t            <\/div>\r\n        <\/div>\r\n                <div class=\"elementor-column elementor-col-50 elementor-inner-column elementor-element elementor-element-546bea1 pxl-column-none pxl-column-overflow-hidden-no\" data-id=\"546bea1\" data-element_type=\"column\">\r\n        <div class=\"elementor-widget-wrap elementor-element-populated\">\r\n                     \r\n        \t\t<div class=\"elementor-element elementor-element-02b14e5 elementor-widget elementor-widget-pxl_accordion\" data-id=\"02b14e5\" data-element_type=\"widget\" data-widget_type=\"pxl_accordion.default\">\n\t\t\t\t<div class=\"elementor-widget-container\">\n\t\t\t\t\t    <div class=\"pxl-accordion pxl-accordion1 style-default\" data-wow-delay=\"ms\">\r\n                    <div class=\"pxl--item\">\r\n                <h5 class=\"pxl-accordion--title\" data-target=\"#pxl_accordion-02b14e5-8291-34d4f7c\">\r\n                    <div class=\"pxl-title--number pxl-empty\">06<\/div>\r\n                                        <span class=\"pxl-title--text\">En combien de temps les r\u00e9sultats d'un site Internet se feront-ils sentir ?<\/span>\r\n                    <span class=\"pxl-icon--action\"><span class=\"pxl-icon--plus pxl-icon--gradient\"><span><\/span><\/span><\/span>                <\/h5>\r\n                <div id=\"pxl_accordion-02b14e5-8291-34d4f7c\" class=\"pxl-accordion--content\" >Bien que le r\u00e9f\u00e9rencement prenne du temps, vous pouvez commencer \u00e0 pr\u00e9senter votre entreprise et \u00e0 entrer en contact avec des clients potentiels en ligne presque imm\u00e9diatement.<\/div>\r\n            <\/div>\r\n                    <div class=\"pxl--item\">\r\n                <h5 class=\"pxl-accordion--title\" data-target=\"#pxl_accordion-02b14e5-8291-ad26938\">\r\n                    <div class=\"pxl-title--number pxl-empty\">07<\/div>\r\n                                        <span class=\"pxl-title--text\">Je cherche \u00e0 gagner de l'argent depuis mon domicile \u00e0 Londres. Pouvez-vous m'aider ?<\/span>\r\n                    <span class=\"pxl-icon--action\"><span class=\"pxl-icon--plus pxl-icon--gradient\"><span><\/span><\/span><\/span>                <\/h5>\r\n                <div id=\"pxl_accordion-02b14e5-8291-ad26938\" class=\"pxl-accordion--content\" >Oui ! Un site web et une boutique en ligne peuvent vous servir de plateforme pour vendre vos comp\u00e9tences, vos produits ou vos services directement depuis votre domicile sur le march\u00e9 londonien et au-del\u00e0.<\/div>\r\n            <\/div>\r\n                    <div class=\"pxl--item\">\r\n                <h5 class=\"pxl-accordion--title\" data-target=\"#pxl_accordion-02b14e5-8291-5b0c792\">\r\n                    <div class=\"pxl-title--number pxl-empty\">08<\/div>\r\n                                        <span class=\"pxl-title--text\">De quel type de site web ai-je besoin pour mon entreprise \u00e0 Londres ?<\/span>\r\n                    <span class=\"pxl-icon--action\"><span class=\"pxl-icon--plus pxl-icon--gradient\"><span><\/span><\/span><\/span>                <\/h5>\r\n                <div id=\"pxl_accordion-02b14e5-8291-5b0c792\" class=\"pxl-accordion--content\" >Nous travaillerons avec vous pour comprendre vos besoins sp\u00e9cifiques et cr\u00e9er un site web sur mesure qui refl\u00e8te parfaitement votre marque et vos objectifs.<\/div>\r\n            <\/div>\r\n                    <div class=\"pxl--item active\">\r\n                <h5 class=\"pxl-accordion--title\" data-target=\"#pxl_accordion-02b14e5-8291-74758e3\">\r\n                    <div class=\"pxl-title--number pxl-empty\">09<\/div>\r\n                                        <span class=\"pxl-title--text\">Un site web m'aidera-t-il \u00e0 me d\u00e9marquer de mes concurrents \u00e0 Londres ?<\/span>\r\n                    <span class=\"pxl-icon--action\"><span class=\"pxl-icon--plus pxl-icon--gradient\"><span><\/span><\/span><\/span>                <\/h5>\r\n                <div id=\"pxl_accordion-02b14e5-8291-74758e3\" class=\"pxl-accordion--content\" style=\"display: block;\">Absolument. Un site web professionnellement con\u00e7u met en valeur vos offres uniques et l'identit\u00e9 de votre marque, vous aidant ainsi \u00e0 faire une impression m\u00e9morable.<\/div>\r\n            <\/div>\r\n                    <div class=\"pxl--item\">\r\n                <h5 class=\"pxl-accordion--title\" data-target=\"#pxl_accordion-02b14e5-8291-ad6f45f\">\r\n                    <div class=\"pxl-title--number pxl-empty\">10<\/div>\r\n                                        <span class=\"pxl-title--text\">Pr\u00eat \u00e0 mettre mon entreprise londonienne en ligne ? Quelle est la prochaine \u00e9tape ?<\/span>\r\n                    <span class=\"pxl-icon--action\"><span class=\"pxl-icon--plus pxl-icon--gradient\"><span><\/span><\/span><\/span>                <\/h5>\r\n                <div id=\"pxl_accordion-02b14e5-8291-ad6f45f\" class=\"pxl-accordion--content\" >Prenez contact avec nous pour une discussion ! Nous discuterons de vos besoins et de la mani\u00e8re dont un site web peut vous aider \u00e0 prosp\u00e9rer sur le march\u00e9 londonien et \u00e0 augmenter vos revenus.<\/div>\r\n            <\/div>\r\n            <\/div>\r\n\t\t\t\t<\/div>\n\t\t\t\t<\/div>\n\t\t            <\/div>\r\n        <\/div>\r\n        \t\t\t<\/div>\n\t\t<\/section>\n\t\t            <\/div>\r\n        <\/div>\r\n        \t\t\t<\/div>\n\t\t<\/section>\n\t\t\t\t<\/div>","protected":false},"excerpt":{"rendered":"<p>Popular Questions Frequently Asked Questions 01 Why does my London business really need a website? Simple: to be seen by more customers online, 24\/7. It&#8217;s your digital shopfront in the massive London market. 02 Can a website actually boost my sales and income? Absolutely! A well-designed site attracts more customers, showcases your offerings, and makes [&hellip;]<\/p>","protected":false},"author":1,"featured_media":0,"parent":0,"menu_order":0,"comment_status":"closed","ping_status":"closed","template":"","meta":{"googlesitekit_rrm_CAowjZu7DA:productID":"","footnotes":""},"class_list":["post-1194","page","type-page","status-publish","hentry"],"_hostinger_reach_plugin_has_subscription_block":false,"_hostinger_reach_plugin_is_elementor":false,"_links":{"self":[{"href":"https:\/\/nielsentech.co.uk\/fr\/wp-json\/wp\/v2\/pages\/1194","targetHints":{"allow":["GET"]}}],"collection":[{"href":"https:\/\/nielsentech.co.uk\/fr\/wp-json\/wp\/v2\/pages"}],"about":[{"href":"https:\/\/nielsentech.co.uk\/fr\/wp-json\/wp\/v2\/types\/page"}],"author":[{"embeddable":true,"href":"https:\/\/nielsentech.co.uk\/fr\/wp-json\/wp\/v2\/users\/1"}],"replies":[{"embeddable":true,"href":"https:\/\/nielsentech.co.uk\/fr\/wp-json\/wp\/v2\/comments?post=1194"}],"version-history":[{"count":6,"href":"https:\/\/nielsentech.co.uk\/fr\/wp-json\/wp\/v2\/pages\/1194\/revisions"}],"predecessor-version":[{"id":5275,"href":"https:\/\/nielsentech.co.uk\/fr\/wp-json\/wp\/v2\/pages\/1194\/revisions\/5275"}],"wp:attachment":[{"href":"https:\/\/nielsentech.co.uk\/fr\/wp-json\/wp\/v2\/media?parent=1194"}],"curies":[{"name":"wp","href":"https:\/\/api.w.org\/{rel}","templated":true}]}}