{"id":1196,"date":"2024-05-01T14:49:17","date_gmt":"2024-05-01T14:49:17","guid":{"rendered":"https:\/\/demo.casethemes.net\/proactive\/?page_id=1196"},"modified":"2025-04-22T13:55:08","modified_gmt":"2025-04-22T13:55:08","slug":"temoignage","status":"publish","type":"page","link":"https:\/\/nielsentech.co.uk\/fr\/temoignage\/","title":{"rendered":"Ce que disent nos clients"},"content":{"rendered":"<div data-elementor-type=\"wp-page\" data-elementor-id=\"1196\" class=\"elementor elementor-1196\">\n\t\t\t\t        <section class=\"elementor-section elementor-top-section elementor-element elementor-element-9016673 elementor-section-boxed elementor-section-height-default elementor-section-height-default pxl-row-scroll-none pxl-zoom-point-false pxl-section-overflow-visible pxl-section-fix-none pxl-bg-color-none pxl-section-overlay-none\" data-id=\"9016673\" data-element_type=\"section\">\n\n                \n                <div class=\"elementor-container elementor-column-gap-extended\">\n                <div class=\"elementor-column elementor-col-100 elementor-top-column elementor-element elementor-element-ee54d6c pxl-column-none pxl-column-overflow-hidden-no\" data-id=\"ee54d6c\" data-element_type=\"column\">\r\n        <div class=\"elementor-widget-wrap elementor-element-populated\">\r\n                     \r\n        \t\t<div class=\"elementor-element elementor-element-715b64fe elementor-widget elementor-widget-pxl_heading\" data-id=\"715b64fe\" data-element_type=\"widget\" data-widget_type=\"pxl_heading.default\">\n\t\t\t\t<div class=\"elementor-widget-container\">\n\t\t\t\t\t\n<div id=\"pxl-pxl_heading-715b64fe-6175\" class=\"pxl-heading px-sub-title-shape-style\">\n\t<div class=\"pxl-heading--inner\">\n\t\t\t\t\t<div class=\"pxl-item--subtitle px-sub-title-shape\" data-wow-delay=\"ms\">\n\t\t\t\t<span class=\"pxl-item--subtext\">\n\t\t\t\t\t\t\t\t\t\t\t<i class=\"flaticon-heading text-gradient pxl-mr-10 pxl-icon--heading\"><\/i>\n\t\t\t\t\t\t\t\t\t\t\t\t\t\t\t\t\t\t\t\t<span class=\"\">Nos clients <\/span>\n\t\t\t\t<\/span>\n\t\t\t<\/div>\n\t\t\n\t\t<h2 class=\"pxl-item--title style-default highlight-default pxl-split-text split-in-right\" data-wow-delay=\"ms\">\n\n\t\t\t<span class=\"pxl-heading--text\">\n\n\t\t\t\t\t\t\t\t\tCe que vous pensez de nos services\t\n\t\t\t\t\t\n\n\t\t\t<\/span>\n\t\t<\/h2>\n\t\t\n\t<\/div>\n<\/div>\t\t\t\t<\/div>\n\t\t\t\t<\/div>\n\t\t\t\t<div class=\"elementor-element elementor-element-a71dd6c elementor-widget elementor-widget-pxl_testimonial_grid\" data-id=\"a71dd6c\" data-element_type=\"widget\" data-widget_type=\"pxl_testimonial_grid.default\">\n\t\t\t\t<div class=\"elementor-widget-container\">\n\t\t\t\t\t    <div class=\"pxl-grid pxl-testimonial-grid pxl-testimonial-grid1\">\r\n        <div class=\"pxl-grid-inner pxl-grid-masonry row\" data-gutter=\"15\">\r\n                            <div class=\"pxl-grid-item col-xl-6 col-lg-6 col-md-6 col-sm-12 col-12\">\r\n                    <div class=\"pxl-item--inner wow PXLfadeInUp\">\r\n                        <div class=\"pxl-item--star\">\r\n                            <span class=\"pxl-star--inner text-gradient\">\r\n                                <i class=\"flaticon-star\"><\/i>\r\n                                <i class=\"flaticon-star\"><\/i>\r\n                                <i class=\"flaticon-star\"><\/i>\r\n                                <i class=\"flaticon-star\"><\/i>\r\n                                <i class=\"flaticon-star\"><\/i>\r\n                            <\/span>\r\n                        <\/div>\r\n                        <div class=\"pxl-item--desc el-empty\">\"Absolument \u00e9poustoufl\u00e9 par le professionnalisme et l'expertise de cette \u00e9quipe. Ils ont transform\u00e9 notre site web obsol\u00e8te en une plateforme moderne et performante qui a consid\u00e9rablement augment\u00e9 notre trafic et notre engagement. Je recommande vivement !\"<\/div>\r\n                        <div class=\"pxl-item--divider\"><\/div>\r\n                        <div class=\"pxl-item--holder\">\r\n                                                            <div class=\"pxl-item--avatar pxl-mr-18\">\r\n                                    <img decoding=\"async\" class=\"no-lazyload\" src=\"https:\/\/nielsentech.co.uk\/wp-content\/uploads\/2024\/04\/testimonial-1-128x128.jpg\" width=\"128\" height=\"128\" alt=\"t\u00e9moignage-1\" title=\"t\u00e9moignage-1\" \/>                                <\/div>\r\n                                                        <div class=\"pxl-item--meta pxl-mr-20\">\r\n                                <h6 class=\"pxl-item--title el-empty\">Linda<\/h6>\r\n                                                                    <div class=\"pxl-item--position\">Directeur principal<\/div>\r\n                                                            <\/div>\r\n                            <div class=\"pxl-item--icon\"><i class=\"flaticon-quote-2 text-gradient\"><\/i><\/div>\r\n                        <\/div>\r\n                   <\/div>\r\n                <\/div>\r\n                            <div class=\"pxl-grid-item col-xl-6 col-lg-6 col-md-6 col-sm-12 col-12\">\r\n                    <div class=\"pxl-item--inner wow PXLfadeInUp\">\r\n                        <div class=\"pxl-item--star\">\r\n                            <span class=\"pxl-star--inner text-gradient\">\r\n                                <i class=\"flaticon-star\"><\/i>\r\n                                <i class=\"flaticon-star\"><\/i>\r\n                                <i class=\"flaticon-star\"><\/i>\r\n                                <i class=\"flaticon-star\"><\/i>\r\n                                <i class=\"flaticon-star\"><\/i>\r\n                            <\/span>\r\n                        <\/div>\r\n                        <div class=\"pxl-item--desc el-empty\">\"De la consultation initiale au lancement final, leur professionnalisme \u00e9tait \u00e9vident \u00e0 chaque \u00e9tape. Ils ont vraiment compris notre vision et nous ont livr\u00e9 un site web qui a d\u00e9pass\u00e9 nos attentes. Leurs strat\u00e9gies de r\u00e9f\u00e9rencement donnent d\u00e9j\u00e0 des r\u00e9sultats fantastiques.\"<\/div>\r\n                        <div class=\"pxl-item--divider\"><\/div>\r\n                        <div class=\"pxl-item--holder\">\r\n                                                            <div class=\"pxl-item--avatar pxl-mr-18\">\r\n                                    <img decoding=\"async\" class=\"no-lazyload\" src=\"https:\/\/nielsentech.co.uk\/wp-content\/uploads\/2024\/04\/testimonial-2.png\" width=\"128\" height=\"128\" alt=\"t\u00e9moignage-2\" title=\"t\u00e9moignage-2\" \/>                                <\/div>\r\n                                                        <div class=\"pxl-item--meta pxl-mr-20\">\r\n                                <h6 class=\"pxl-item--title el-empty\">Pena<\/h6>\r\n                                                                    <div class=\"pxl-item--position\">Directeur principal<\/div>\r\n                                                            <\/div>\r\n                            <div class=\"pxl-item--icon\"><i class=\"flaticon-quote-2 text-gradient\"><\/i><\/div>\r\n                        <\/div>\r\n                   <\/div>\r\n                <\/div>\r\n                            <div class=\"pxl-grid-item col-xl-6 col-lg-6 col-md-6 col-sm-12 col-12\">\r\n                    <div class=\"pxl-item--inner wow PXLfadeInUp\">\r\n                        <div class=\"pxl-item--star\">\r\n                            <span class=\"pxl-star--inner text-gradient\">\r\n                                <i class=\"flaticon-star\"><\/i>\r\n                                <i class=\"flaticon-star\"><\/i>\r\n                                <i class=\"flaticon-star\"><\/i>\r\n                                <i class=\"flaticon-star\"><\/i>\r\n                                <i class=\"flaticon-star\"><\/i>\r\n                            <\/span>\r\n                        <\/div>\r\n                        <div class=\"pxl-item--desc el-empty\">\"Travailler avec cette \u00e9quipe a \u00e9t\u00e9 une exp\u00e9rience transparente et professionnelle. Leur communication \u00e9tait excellente, et leur expertise technique en mati\u00e8re de conception de sites web et de d\u00e9veloppement d'applications mobiles est de premier ordre. Ils ont livr\u00e9 un produit de qualit\u00e9 sup\u00e9rieure dans les d\u00e9lais et dans le respect du budget.<\/div>\r\n                        <div class=\"pxl-item--divider\"><\/div>\r\n                        <div class=\"pxl-item--holder\">\r\n                                                            <div class=\"pxl-item--avatar pxl-mr-18\">\r\n                                    <img decoding=\"async\" class=\"no-lazyload\" src=\"https:\/\/nielsentech.co.uk\/wp-content\/uploads\/2024\/04\/testimonial-3.png\" width=\"128\" height=\"128\" alt=\"t\u00e9moignage-3\" title=\"t\u00e9moignage-3\" \/>                                <\/div>\r\n                                                        <div class=\"pxl-item--meta pxl-mr-20\">\r\n                                <h6 class=\"pxl-item--title el-empty\">Jerome Bell<\/h6>\r\n                                                                    <div class=\"pxl-item--position\">Directeur principal<\/div>\r\n                                                            <\/div>\r\n                            <div class=\"pxl-item--icon\"><i class=\"flaticon-quote-2 text-gradient\"><\/i><\/div>\r\n                        <\/div>\r\n                   <\/div>\r\n                <\/div>\r\n                            <div class=\"pxl-grid-item col-xl-6 col-lg-6 col-md-6 col-sm-12 col-12\">\r\n                    <div class=\"pxl-item--inner wow PXLfadeInUp\">\r\n                        <div class=\"pxl-item--star\">\r\n                            <span class=\"pxl-star--inner text-gradient\">\r\n                                <i class=\"flaticon-star\"><\/i>\r\n                                <i class=\"flaticon-star\"><\/i>\r\n                                <i class=\"flaticon-star\"><\/i>\r\n                                <i class=\"flaticon-star\"><\/i>\r\n                                <i class=\"flaticon-star\"><\/i>\r\n                            <\/span>\r\n                        <\/div>\r\n                        <div class=\"pxl-item--desc el-empty\">\"Le niveau de professionnalisme et de cr\u00e9ativit\u00e9 d\u00e9montr\u00e9 par cette \u00e9quipe est exceptionnel. Ils ont con\u00e7u un site web \u00e9poustouflant et une application mobile conviviale qui repr\u00e9sentent parfaitement notre marque. Leur soutien continu a \u00e9galement \u00e9t\u00e9 incroyablement professionnel et r\u00e9actif\"<\/div>\r\n                        <div class=\"pxl-item--divider\"><\/div>\r\n                        <div class=\"pxl-item--holder\">\r\n                                                            <div class=\"pxl-item--avatar pxl-mr-18\">\r\n                                    <img loading=\"lazy\" decoding=\"async\" class=\"no-lazyload\" src=\"https:\/\/nielsentech.co.uk\/wp-content\/uploads\/2024\/04\/testimonial-5.png\" width=\"128\" height=\"128\" alt=\"t\u00e9moignage-5\" title=\"t\u00e9moignage-5\" \/>                                <\/div>\r\n                                                        <div class=\"pxl-item--meta pxl-mr-20\">\r\n                                <h6 class=\"pxl-item--title el-empty\">Jacob Jones<\/h6>\r\n                                                                    <div class=\"pxl-item--position\">Directeur principal<\/div>\r\n                                                            <\/div>\r\n                            <div class=\"pxl-item--icon\"><i class=\"flaticon-quote-2 text-gradient\"><\/i><\/div>\r\n                        <\/div>\r\n                   <\/div>\r\n                <\/div>\r\n                            <div class=\"pxl-grid-item col-xl-6 col-lg-6 col-md-6 col-sm-12 col-12\">\r\n                    <div class=\"pxl-item--inner wow PXLfadeInUp\">\r\n                        <div class=\"pxl-item--star\">\r\n                            <span class=\"pxl-star--inner text-gradient\">\r\n                                <i class=\"flaticon-star\"><\/i>\r\n                                <i class=\"flaticon-star\"><\/i>\r\n                                <i class=\"flaticon-star\"><\/i>\r\n                                <i class=\"flaticon-star\"><\/i>\r\n                                <i class=\"flaticon-star\"><\/i>\r\n                            <\/span>\r\n                        <\/div>\r\n                        <div class=\"pxl-item--desc el-empty\">\"Nous \u00e9tions \u00e0 la recherche d'une agence professionnelle pour s'occuper de notre r\u00e9f\u00e9rencement et de la conception de notre site web, et nous avons trouv\u00e9 le partenaire id\u00e9al. Leur approche strat\u00e9gique et leur souci du d\u00e9tail sont impressionnants, et les r\u00e9sultats parlent d'eux-m\u00eames. Une \u00e9quipe vraiment professionnelle et fiable\"<\/div>\r\n                        <div class=\"pxl-item--divider\"><\/div>\r\n                        <div class=\"pxl-item--holder\">\r\n                                                            <div class=\"pxl-item--avatar pxl-mr-18\">\r\n                                    <img loading=\"lazy\" decoding=\"async\" class=\"no-lazyload\" src=\"https:\/\/nielsentech.co.uk\/wp-content\/uploads\/2024\/04\/testimonial-4.png\" width=\"128\" height=\"128\" alt=\"t\u00e9moignage-4\" title=\"t\u00e9moignage-4\" \/>                                <\/div>\r\n                                                        <div class=\"pxl-item--meta pxl-mr-20\">\r\n                                <h6 class=\"pxl-item--title el-empty\">Albert Flores<\/h6>\r\n                                                                    <div class=\"pxl-item--position\">Directeur principal<\/div>\r\n                                                            <\/div>\r\n                            <div class=\"pxl-item--icon\"><i class=\"flaticon-quote-2 text-gradient\"><\/i><\/div>\r\n                        <\/div>\r\n                   <\/div>\r\n                <\/div>\r\n                            <div class=\"pxl-grid-item col-xl-6 col-lg-6 col-md-6 col-sm-12 col-12\">\r\n                    <div class=\"pxl-item--inner wow PXLfadeInUp\">\r\n                        <div class=\"pxl-item--star\">\r\n                            <span class=\"pxl-star--inner text-gradient\">\r\n                                <i class=\"flaticon-star\"><\/i>\r\n                                <i class=\"flaticon-star\"><\/i>\r\n                                <i class=\"flaticon-star\"><\/i>\r\n                                <i class=\"flaticon-star\"><\/i>\r\n                                <i class=\"flaticon-star\"><\/i>\r\n                            <\/span>\r\n                        <\/div>\r\n                        <div class=\"pxl-item--desc el-empty\">\"Le choix de cette agence a \u00e9t\u00e9 l'une des meilleures d\u00e9cisions que nous ayons prises pour notre entreprise. Leur approche professionnelle de la conception de sites web et du r\u00e9f\u00e9rencement a eu un impact tangible sur notre visibilit\u00e9 en ligne et l'acquisition de clients. Nous avons constat\u00e9 une augmentation significative du nombre de prospects qualifi\u00e9s.\"<\/div>\r\n                        <div class=\"pxl-item--divider\"><\/div>\r\n                        <div class=\"pxl-item--holder\">\r\n                                                            <div class=\"pxl-item--avatar pxl-mr-18\">\r\n                                    <img loading=\"lazy\" decoding=\"async\" class=\"no-lazyload\" src=\"https:\/\/nielsentech.co.uk\/wp-content\/uploads\/2024\/04\/testimonial-6.png\" width=\"128\" height=\"128\" alt=\"t\u00e9moignage-6\" title=\"t\u00e9moignage-6\" \/>                                <\/div>\r\n                                                        <div class=\"pxl-item--meta pxl-mr-20\">\r\n                                <h6 class=\"pxl-item--title el-empty\">Kristin Watson<\/h6>\r\n                                                                    <div class=\"pxl-item--position\">Directeur principal<\/div>\r\n                                                            <\/div>\r\n                            <div class=\"pxl-item--icon\"><i class=\"flaticon-quote-2 text-gradient\"><\/i><\/div>\r\n                        <\/div>\r\n                   <\/div>\r\n                <\/div>\r\n                            <div class=\"pxl-grid-item col-xl-6 col-lg-6 col-md-6 col-sm-12 col-12\">\r\n                    <div class=\"pxl-item--inner wow PXLfadeInUp\">\r\n                        <div class=\"pxl-item--star\">\r\n                            <span class=\"pxl-star--inner text-gradient\">\r\n                                <i class=\"flaticon-star\"><\/i>\r\n                                <i class=\"flaticon-star\"><\/i>\r\n                                <i class=\"flaticon-star\"><\/i>\r\n                                <i class=\"flaticon-star\"><\/i>\r\n                                <i class=\"flaticon-star\"><\/i>\r\n                            <\/span>\r\n                        <\/div>\r\n                        <div class=\"pxl-item--desc el-empty\">\"Leur \u00e9quipe d'ing\u00e9nieurs logiciels est vraiment professionnelle. L'application mobile qu'ils ont d\u00e9velopp\u00e9e pour nous est robuste, intuitive et a \u00e9t\u00e9 incroyablement bien accueillie par nos utilisateurs. Leur exp\u00e9rience et leur d\u00e9vouement \u00e0 la qualit\u00e9 sont \u00e9vidents dans leur travail.\"<\/div>\r\n                        <div class=\"pxl-item--divider\"><\/div>\r\n                        <div class=\"pxl-item--holder\">\r\n                                                            <div class=\"pxl-item--avatar pxl-mr-18\">\r\n                                    <img loading=\"lazy\" decoding=\"async\" class=\"no-lazyload\" src=\"https:\/\/nielsentech.co.uk\/wp-content\/uploads\/2024\/04\/testimonial-7.png\" width=\"128\" height=\"128\" alt=\"t\u00e9moignage-7\" title=\"t\u00e9moignage-7\" \/>                                <\/div>\r\n                                                        <div class=\"pxl-item--meta pxl-mr-20\">\r\n                                <h6 class=\"pxl-item--title el-empty\">Esther Howard<\/h6>\r\n                                                                    <div class=\"pxl-item--position\">Directeur principal<\/div>\r\n                                                            <\/div>\r\n                            <div class=\"pxl-item--icon\"><i class=\"flaticon-quote-2 text-gradient\"><\/i><\/div>\r\n                        <\/div>\r\n                   <\/div>\r\n                <\/div>\r\n                            <div class=\"pxl-grid-item col-xl-6 col-lg-6 col-md-6 col-sm-12 col-12\">\r\n                    <div class=\"pxl-item--inner wow PXLfadeInUp\">\r\n                        <div class=\"pxl-item--star\">\r\n                            <span class=\"pxl-star--inner text-gradient\">\r\n                                <i class=\"flaticon-star\"><\/i>\r\n                                <i class=\"flaticon-star\"><\/i>\r\n                                <i class=\"flaticon-star\"><\/i>\r\n                                <i class=\"flaticon-star\"><\/i>\r\n                                <i class=\"flaticon-star\"><\/i>\r\n                            <\/span>\r\n                        <\/div>\r\n                        <div class=\"pxl-item--desc el-empty\">\"D\u00e8s le d\u00e9part, leur professionnalisme s'est impos\u00e9. Ils ont fourni une communication claire, un processus bien d\u00e9fini, et ont livr\u00e9 un site web et une strat\u00e9gie de r\u00e9f\u00e9rencement qui ont am\u00e9lior\u00e9 de mani\u00e8re significative notre performance en ligne. Une \u00e9quipe vraiment professionnelle et orient\u00e9e vers les r\u00e9sultats.<\/div>\r\n                        <div class=\"pxl-item--divider\"><\/div>\r\n                        <div class=\"pxl-item--holder\">\r\n                                                            <div class=\"pxl-item--avatar pxl-mr-18\">\r\n                                    <img loading=\"lazy\" decoding=\"async\" class=\"no-lazyload\" src=\"https:\/\/nielsentech.co.uk\/wp-content\/uploads\/2024\/04\/testimonial-8.png\" width=\"128\" height=\"128\" alt=\"t\u00e9moignage-8\" title=\"t\u00e9moignage-8\" \/>                                <\/div>\r\n                                                        <div class=\"pxl-item--meta pxl-mr-20\">\r\n                                <h6 class=\"pxl-item--title el-empty\">Guy Hawkins<\/h6>\r\n                                                                    <div class=\"pxl-item--position\">Directeur principal<\/div>\r\n                                                            <\/div>\r\n                            <div class=\"pxl-item--icon\"><i class=\"flaticon-quote-2 text-gradient\"><\/i><\/div>\r\n                        <\/div>\r\n                   <\/div>\r\n                <\/div>\r\n                        <div class=\"grid-sizer col-xl-6 col-lg-6 col-md-6 col-sm-12 col-12\"><\/div>\r\n        <\/div>\r\n    <\/div>\r\n\t\t\t\t<\/div>\n\t\t\t\t<\/div>\n\t\t            <\/div>\r\n        <\/div>\r\n        \t\t\t<\/div>\n\t\t<\/section>\n\t\t\t\t<\/div>","protected":false},"excerpt":{"rendered":"<p>Our Clients Say About Our Services \u201cAbsolutely blown away by the professionalism and expertise of this team. They transformed our outdated website into a modern, high-performing platform that has significantly boosted our traffic and engagement. Highly recommend!\u201c Linda Senior Director \u201cFrom the initial consultation to the final launch, their professionalism was evident in every step. [&hellip;]<\/p>","protected":false},"author":1,"featured_media":0,"parent":0,"menu_order":0,"comment_status":"closed","ping_status":"closed","template":"","meta":{"googlesitekit_rrm_CAowjZu7DA:productID":"","footnotes":""},"class_list":["post-1196","page","type-page","status-publish","hentry"],"_hostinger_reach_plugin_has_subscription_block":false,"_hostinger_reach_plugin_is_elementor":false,"_links":{"self":[{"href":"https:\/\/nielsentech.co.uk\/fr\/wp-json\/wp\/v2\/pages\/1196","targetHints":{"allow":["GET"]}}],"collection":[{"href":"https:\/\/nielsentech.co.uk\/fr\/wp-json\/wp\/v2\/pages"}],"about":[{"href":"https:\/\/nielsentech.co.uk\/fr\/wp-json\/wp\/v2\/types\/page"}],"author":[{"embeddable":true,"href":"https:\/\/nielsentech.co.uk\/fr\/wp-json\/wp\/v2\/users\/1"}],"replies":[{"embeddable":true,"href":"https:\/\/nielsentech.co.uk\/fr\/wp-json\/wp\/v2\/comments?post=1196"}],"version-history":[{"count":8,"href":"https:\/\/nielsentech.co.uk\/fr\/wp-json\/wp\/v2\/pages\/1196\/revisions"}],"predecessor-version":[{"id":5412,"href":"https:\/\/nielsentech.co.uk\/fr\/wp-json\/wp\/v2\/pages\/1196\/revisions\/5412"}],"wp:attachment":[{"href":"https:\/\/nielsentech.co.uk\/fr\/wp-json\/wp\/v2\/media?parent=1196"}],"curies":[{"name":"wp","href":"https:\/\/api.w.org\/{rel}","templated":true}]}}