{"id":525,"date":"2024-04-25T02:30:39","date_gmt":"2024-04-25T02:30:39","guid":{"rendered":"https:\/\/demo.casethemes.net\/proactive\/?page_id=525"},"modified":"2025-04-19T21:20:18","modified_gmt":"2025-04-19T21:20:18","slug":"details-de-lequipe","status":"publish","type":"page","link":"https:\/\/nielsentech.co.uk\/fr\/details-de-lequipe\/","title":{"rendered":"D\u00e9tails de l'\u00e9quipe"},"content":{"rendered":"<div data-elementor-type=\"wp-page\" data-elementor-id=\"525\" class=\"elementor elementor-525\">\n\t\t\t\t        <section class=\"elementor-section elementor-top-section elementor-element elementor-element-a7f4eec elementor-section-boxed elementor-section-height-default elementor-section-height-default pxl-row-scroll-none pxl-zoom-point-false pxl-section-overflow-visible pxl-section-fix-none pxl-bg-color-none pxl-section-overlay-none\" data-id=\"a7f4eec\" data-element_type=\"section\">\n\n                \n                <div class=\"elementor-container elementor-column-gap-extended\">\n                <div class=\"elementor-column elementor-col-33 elementor-top-column elementor-element elementor-element-032b964 pxl-column-none pxl-column-overflow-hidden-no\" data-id=\"032b964\" data-element_type=\"column\">\r\n        <div class=\"elementor-widget-wrap elementor-element-populated\">\r\n                     \r\n        \t\t<div class=\"elementor-element elementor-element-0b38ec9 elementor-widget elementor-widget-pxl_image\" data-id=\"0b38ec9\" data-element_type=\"widget\" data-widget_type=\"pxl_image.default\">\n\t\t\t\t<div class=\"elementor-widget-container\">\n\t\t\t\t\t<div id=\"pxl_image-0b38ec9-7917\" class=\"pxl-image-single pxl-disable-parallax-sm\" data-wow-delay=\"ms\"  >\r\n    <div class=\"pxl-item--inner\" data-wow-delay=\"120ms\">\r\n                \r\n                                <div class=\"pxl-item--bg bg-image\" style=\"background-image: url(https:\/\/nielsentech.co.uk\/wp-content\/uploads\/2025\/04\/WhatsApp-Image-2025-04-15-at-23.16.28_6b788734.jpg);\">\r\n                                            <\/div>\r\n                                <\/div>\r\n<\/div>\t\t\t\t<\/div>\n\t\t\t\t<\/div>\n\t\t            <\/div>\r\n        <\/div>\r\n                <div class=\"elementor-column elementor-col-33 elementor-top-column elementor-element elementor-element-d7130e6 pxl-column-none pxl-column-overflow-hidden-no\" data-id=\"d7130e6\" data-element_type=\"column\">\r\n        <div class=\"elementor-widget-wrap elementor-element-populated\">\r\n                     \r\n        \t\t<div class=\"elementor-element elementor-element-3715f60 elementor-widget elementor-widget-pxl_heading\" data-id=\"3715f60\" data-element_type=\"widget\" data-widget_type=\"pxl_heading.default\">\n\t\t\t\t<div class=\"elementor-widget-container\">\n\t\t\t\t\t\n<div id=\"pxl-pxl_heading-3715f60-4328\" class=\"pxl-heading px-sub-title-default-style\">\n\t<div class=\"pxl-heading--inner\">\n\t\t\n\t\t<h3 class=\"pxl-item--title style-default highlight-default\" data-wow-delay=\"ms\">\n\n\t\t\t<span class=\"pxl-heading--text\">\n\n\t\t\t\t\t\t\t\t\tAllan Nielsen\t\n\t\t\t\t\t\n\n\t\t\t<\/span>\n\t\t<\/h3>\n\t\t\n\t<\/div>\n<\/div>\t\t\t\t<\/div>\n\t\t\t\t<\/div>\n\t\t\t\t<div class=\"elementor-element elementor-element-b60a1ec elementor-widget elementor-widget-pxl_text_editor\" data-id=\"b60a1ec\" data-element_type=\"widget\" data-widget_type=\"pxl_text_editor.default\">\n\t\t\t\t<div class=\"elementor-widget-container\">\n\t\t\t\t\t<div class=\"pxl-text-editor highlight-gradient\">\n\t<div class=\"pxl-item--inner\" data-wow-delay=\"ms\">\n\t\t            <span class=\"pxl-text--highlight\">\n                D\u00e9veloppeur web senior            <\/span>\n        \t\t\n\t<\/div>\n<\/div>\t\t\t\t<\/div>\n\t\t\t\t<\/div>\n\t\t\t\t<div class=\"elementor-element elementor-element-03bb7dc elementor-widget elementor-widget-pxl_list\" data-id=\"03bb7dc\" data-element_type=\"widget\" data-widget_type=\"pxl_list.default\">\n\t\t\t\t<div class=\"elementor-widget-container\">\n\t\t\t\t\t    <div class=\"pxl-list pxl-list1\" data-wow-delay=\"ms\">\r\n                    <div class=\"pxl--item\">\r\n                <div class=\"pxl-item--meta\">\r\n                                                        <\/div>\r\n                                    <div class=\"pxl-item--content\">\r\n                        <label class=\"pxl-empty\">Poste :<\/label>\r\n                        PDG                    <\/div>\r\n                            <\/div>\r\n                    <div class=\"pxl--item\">\r\n                <div class=\"pxl-item--meta\">\r\n                                                        <\/div>\r\n                                    <div class=\"pxl-item--content\">\r\n                        <label class=\"pxl-empty\">Exp\u00e9rience :<\/label>\r\n                        12 ans et plus                    <\/div>\r\n                            <\/div>\r\n                    <div class=\"pxl--item\">\r\n                <div class=\"pxl-item--meta\">\r\n                                                        <\/div>\r\n                                    <div class=\"pxl-item--content\">\r\n                        <label class=\"pxl-empty\">Localisation :<\/label>\r\n                        WC2H 9JQ ,london                    <\/div>\r\n                            <\/div>\r\n                    <div class=\"pxl--item\">\r\n                <div class=\"pxl-item--meta\">\r\n                                                        <\/div>\r\n                                    <div class=\"pxl-item--content\">\r\n                        <label class=\"pxl-empty\">Courriel :<\/label>\r\n                        Allan.Nielsen.1st@gmail.com                    <\/div>\r\n                            <\/div>\r\n                    <div class=\"pxl--item\">\r\n                <div class=\"pxl-item--meta\">\r\n                                                        <\/div>\r\n                                    <div class=\"pxl-item--content\">\r\n                        <label class=\"pxl-empty\">T\u00e9l\u00e9phone :<\/label>\r\n                        +44 7341 741087                    <\/div>\r\n                            <\/div>\r\n            <\/div>\r\n\t\t\t\t<\/div>\n\t\t\t\t<\/div>\n\t\t\t\t<div class=\"elementor-element elementor-element-25e7041 elementor-widget elementor-widget-pxl_heading\" data-id=\"25e7041\" data-element_type=\"widget\" data-widget_type=\"pxl_heading.default\">\n\t\t\t\t<div class=\"elementor-widget-container\">\n\t\t\t\t\t\n<div id=\"pxl-pxl_heading-25e7041-7291\" class=\"pxl-heading px-sub-title-default-style\">\n\t<div class=\"pxl-heading--inner\">\n\t\t\n\t\t<h3 class=\"pxl-item--title style-default highlight-default\" data-wow-delay=\"ms\">\n\n\t\t\t<span class=\"pxl-heading--text\">\n\n\t\t\t\t\t\t\t\t\tM\u00e9dias sociaux\t\n\t\t\t\t\t\n\n\t\t\t<\/span>\n\t\t<\/h3>\n\t\t\n\t<\/div>\n<\/div>\t\t\t\t<\/div>\n\t\t\t\t<\/div>\n\t\t\t\t<div class=\"elementor-element elementor-element-cb5651a elementor-widget elementor-widget-pxl_social_icon\" data-id=\"cb5651a\" data-element_type=\"widget\" data-widget_type=\"pxl_social_icon.default\">\n\t\t\t\t<div class=\"elementor-widget-container\">\n\t\t\t\t\t    <div class=\"pxl-social-icons pxl-social-icons1\" data-wow-delay=\"ms\">\r\n                                    <a href=\"#\">\r\n                    <i aria-hidden=\"true\" class=\"fab fa-facebook-f\"><\/i>                <\/a>\r\n                                                <a href=\"#\">\r\n                    <i aria-hidden=\"true\" class=\"fab fa-twitter\"><\/i>                <\/a>\r\n                                                <a href=\"#\">\r\n                    <i aria-hidden=\"true\" class=\"fab fa-linkedin-in\"><\/i>                <\/a>\r\n                                                <a href=\"#\">\r\n                    <i aria-hidden=\"true\" class=\"fab fa-instagram\"><\/i>                <\/a>\r\n                        <\/div>\r\n\t\t\t\t<\/div>\n\t\t\t\t<\/div>\n\t\t            <\/div>\r\n        <\/div>\r\n                <div class=\"elementor-column elementor-col-33 elementor-top-column elementor-element elementor-element-7883acc pxl-column-none pxl-column-overflow-hidden-no\" data-id=\"7883acc\" data-element_type=\"column\">\r\n        <div class=\"elementor-widget-wrap elementor-element-populated\">\r\n                     \r\n        \t\t<div class=\"elementor-element elementor-element-34564d3 elementor-widget elementor-widget-pxl_heading\" data-id=\"34564d3\" data-element_type=\"widget\" data-widget_type=\"pxl_heading.default\">\n\t\t\t\t<div class=\"elementor-widget-container\">\n\t\t\t\t\t\n<div id=\"pxl-pxl_heading-34564d3-7919\" class=\"pxl-heading px-sub-title-default-style\">\n\t<div class=\"pxl-heading--inner\">\n\t\t\n\t\t<h3 class=\"pxl-item--title style-default highlight-default\" data-wow-delay=\"ms\">\n\n\t\t\t<span class=\"pxl-heading--text\">\n\n\t\t\t\t\t\t\t\t\tGuide des carri\u00e8res\t\n\t\t\t\t\t\n\n\t\t\t<\/span>\n\t\t<\/h3>\n\t\t\n\t<\/div>\n<\/div>\t\t\t\t<\/div>\n\t\t\t\t<\/div>\n\t\t\t\t<div class=\"elementor-element elementor-element-0d7937b elementor-widget elementor-widget-pxl_text_editor\" data-id=\"0d7937b\" data-element_type=\"widget\" data-widget_type=\"pxl_text_editor.default\">\n\t\t\t\t<div class=\"elementor-widget-container\">\n\t\t\t\t\t<div class=\"pxl-text-editor highlight-gradient\">\n\t<div class=\"pxl-item--inner\" data-wow-delay=\"ms\">\n\t\t<p>Nous ne montrons que les meilleurs sites web et portfolios construits avec passion, simplicit\u00e9 et cr\u00e9ativit\u00e9. Notre \u00e9quipe a con\u00e7u des produits qui changent la donne.<\/p>\t\t\n\t<\/div>\n<\/div>\t\t\t\t<\/div>\n\t\t\t\t<\/div>\n\t\t\t\t<div class=\"elementor-element elementor-element-27423e2 elementor-widget elementor-widget-pxl_heading\" data-id=\"27423e2\" data-element_type=\"widget\" data-widget_type=\"pxl_heading.default\">\n\t\t\t\t<div class=\"elementor-widget-container\">\n\t\t\t\t\t\n<div id=\"pxl-pxl_heading-27423e2-2152\" class=\"pxl-heading px-sub-title-default-style\">\n\t<div class=\"pxl-heading--inner\">\n\t\t\n\t\t<h3 class=\"pxl-item--title style-default highlight-default\" data-wow-delay=\"ms\">\n\n\t\t\t<span class=\"pxl-heading--text\">\n\n\t\t\t\t\t\t\t\t\tComp\u00e9tences\t\n\t\t\t\t\t\n\n\t\t\t<\/span>\n\t\t<\/h3>\n\t\t\n\t<\/div>\n<\/div>\t\t\t\t<\/div>\n\t\t\t\t<\/div>\n\t\t\t\t<div class=\"elementor-element elementor-element-461a16c elementor-widget elementor-widget-pxl_progressbar\" data-id=\"461a16c\" data-element_type=\"widget\" data-widget_type=\"pxl_progressbar.default\">\n\t\t\t\t<div class=\"elementor-widget-container\">\n\t\t\t\t\t    <div class=\"pxl-progressbar pxl-progressbar-1 style-2\">\n                    <div class=\"pxl--item\" data-wow-delay=\"ms\">\n                                <div class=\"pxl--holder pxl-flex-grow\">\n                    <div class=\"pxl--meta pxl-flex-middle\">\n                        <div class=\"pxl--title pxl-flex-grow el-empty pxl-mr-10\">Conception de sites web<\/div>\n                        <div class=\"pxl--percentage\">80%<\/div>\n                    <\/div>\n                    <div class=\"pxl-progressbar--wrap\">\n                        <div class=\"pxl--progressbar\" role=\"progressbar\" data-valuetransitiongoal=\"80\"><\/div>\n                    <\/div>\n                <\/div>\n            <\/div>\n                    <div class=\"pxl--item\" data-wow-delay=\"ms\">\n                                <div class=\"pxl--holder pxl-flex-grow\">\n                    <div class=\"pxl--meta pxl-flex-middle\">\n                        <div class=\"pxl--title pxl-flex-grow el-empty pxl-mr-10\">D\u00e9veloppement d'applications<\/div>\n                        <div class=\"pxl--percentage\">90%<\/div>\n                    <\/div>\n                    <div class=\"pxl-progressbar--wrap\">\n                        <div class=\"pxl--progressbar\" role=\"progressbar\" data-valuetransitiongoal=\"90\"><\/div>\n                    <\/div>\n                <\/div>\n            <\/div>\n                    <div class=\"pxl--item\" data-wow-delay=\"ms\">\n                                <div class=\"pxl--holder pxl-flex-grow\">\n                    <div class=\"pxl--meta pxl-flex-middle\">\n                        <div class=\"pxl--title pxl-flex-grow el-empty pxl-mr-10\">Conseil aux entreprises<\/div>\n                        <div class=\"pxl--percentage\">60%<\/div>\n                    <\/div>\n                    <div class=\"pxl-progressbar--wrap\">\n                        <div class=\"pxl--progressbar\" role=\"progressbar\" data-valuetransitiongoal=\"60\"><\/div>\n                    <\/div>\n                <\/div>\n            <\/div>\n            <\/div>\n\t\t\t\t<\/div>\n\t\t\t\t<\/div>\n\t\t            <\/div>\r\n        <\/div>\r\n        \t\t\t<\/div>\n\t\t<\/section>\n\t\t        <section class=\"elementor-section elementor-top-section elementor-element elementor-element-556e65f elementor-section-boxed elementor-section-height-default elementor-section-height-default pxl-row-scroll-none pxl-zoom-point-false pxl-section-overflow-visible pxl-section-fix-none pxl-bg-color-none pxl-section-overlay-none\" data-id=\"556e65f\" data-element_type=\"section\">\n\n                \n                <div class=\"elementor-container elementor-column-gap-extended\">\n                <div class=\"elementor-column elementor-col-100 elementor-top-column elementor-element elementor-element-351841e pxl-column-none pxl-column-overflow-hidden-no\" data-id=\"351841e\" data-element_type=\"column\">\r\n        <div class=\"elementor-widget-wrap elementor-element-populated\">\r\n                     \r\n        \t\t<div class=\"elementor-element elementor-element-2977973 elementor-widget elementor-widget-pxl_heading\" data-id=\"2977973\" data-element_type=\"widget\" data-widget_type=\"pxl_heading.default\">\n\t\t\t\t<div class=\"elementor-widget-container\">\n\t\t\t\t\t\n<div id=\"pxl-pxl_heading-2977973-3845\" class=\"pxl-heading px-sub-title-default-style\">\n\t<div class=\"pxl-heading--inner\">\n\t\t\n\t\t<h3 class=\"pxl-item--title style-default highlight-default\" data-wow-delay=\"ms\">\n\n\t\t\t<span class=\"pxl-heading--text\">\n\n\t\t\t\t\t\t\t\t\tDes experts en conception de sites web et en r\u00e9f\u00e9rencement pour d\u00e9velopper votre activit\u00e9 - Sous la direction d'Allan Nielsen.\t\n\t\t\t\t\t\n\n\t\t\t<\/span>\n\t\t<\/h3>\n\t\t\n\t<\/div>\n<\/div>\t\t\t\t<\/div>\n\t\t\t\t<\/div>\n\t\t\t\t<div class=\"elementor-element elementor-element-d217844 elementor-widget elementor-widget-pxl_text_editor\" data-id=\"d217844\" data-element_type=\"widget\" data-widget_type=\"pxl_text_editor.default\">\n\t\t\t\t<div class=\"elementor-widget-container\">\n\t\t\t\t\t<div class=\"pxl-text-editor highlight-gradient\">\n\t<div class=\"pxl-item--inner\" data-wow-delay=\"ms\">\n\t\t<p data-sourcepos=\"17:3-17:73\">\u00a0<\/p><p data-sourcepos=\"19:3-19:277\">Allan Nielsen, dipl\u00f4m\u00e9 de l'IT University of Copenhagen, une institution de pointe dans le domaine de la technologie, offre une expertise en mati\u00e8re de d\u00e9veloppement commercial en ligne. Sa formation en d\u00e9veloppement de logiciels et son exp\u00e9rience d'ing\u00e9nieur chez Airbus lui permettent d'adopter une approche m\u00e9ticuleuse pour cr\u00e9er des sites web efficaces.<\/p><p data-sourcepos=\"21:3-21:235\">Allan est sp\u00e9cialis\u00e9 dans la conception de sites web et le r\u00e9f\u00e9rencement, et a fait ses preuves dans la stimulation de la croissance des petites et moyennes entreprises. Sa capacit\u00e9 \u00e0 fournir des r\u00e9sultats commerciaux tangibles gr\u00e2ce \u00e0 son expertise technique est un avantage significatif.<\/p><p data-sourcepos=\"23:3-23:90\">Enracin\u00e9 dans ses origines danoises, le travail d'Allan incarne l'efficacit\u00e9 et le design fonctionnel.<\/p><p data-sourcepos=\"25:3-25:192\">Si vous \u00eates \u00e0 la recherche d'un professionnel pour transformer votre pr\u00e9sence en ligne et assurer la croissance de votre entreprise, exploitez l'expertise de Nielsen Tech. Contactez-nous pour discuter de vos objectifs.<\/p>\t\t\n\t<\/div>\n<\/div>\t\t\t\t<\/div>\n\t\t\t\t<\/div>\n\t\t            <\/div>\r\n        <\/div>\r\n        \t\t\t<\/div>\n\t\t<\/section>\n\t\t\t\t<\/div>","protected":false},"excerpt":{"rendered":"<p>Allan Nielsen Sr. Web Developer Position: CEO Experience: 12+ Years Location: WC2H 9JQ ,london Email: Allan.Nielsen.1st@gmail.com Phone: +44 7341 741087 Social Media Career Guideline We shows only the best websites and portfolios built completely with passion, simplicity &amp; creativity. Our team have designed game changing products. Skills Web Design 80% App Development 90% Business Consulting [&hellip;]<\/p>","protected":false},"author":1,"featured_media":0,"parent":0,"menu_order":0,"comment_status":"closed","ping_status":"closed","template":"","meta":{"googlesitekit_rrm_CAowjZu7DA:productID":"","footnotes":""},"class_list":["post-525","page","type-page","status-publish","hentry"],"_hostinger_reach_plugin_has_subscription_block":false,"_hostinger_reach_plugin_is_elementor":false,"_links":{"self":[{"href":"https:\/\/nielsentech.co.uk\/fr\/wp-json\/wp\/v2\/pages\/525","targetHints":{"allow":["GET"]}}],"collection":[{"href":"https:\/\/nielsentech.co.uk\/fr\/wp-json\/wp\/v2\/pages"}],"about":[{"href":"https:\/\/nielsentech.co.uk\/fr\/wp-json\/wp\/v2\/types\/page"}],"author":[{"embeddable":true,"href":"https:\/\/nielsentech.co.uk\/fr\/wp-json\/wp\/v2\/users\/1"}],"replies":[{"embeddable":true,"href":"https:\/\/nielsentech.co.uk\/fr\/wp-json\/wp\/v2\/comments?post=525"}],"version-history":[{"count":3,"href":"https:\/\/nielsentech.co.uk\/fr\/wp-json\/wp\/v2\/pages\/525\/revisions"}],"predecessor-version":[{"id":5265,"href":"https:\/\/nielsentech.co.uk\/fr\/wp-json\/wp\/v2\/pages\/525\/revisions\/5265"}],"wp:attachment":[{"href":"https:\/\/nielsentech.co.uk\/fr\/wp-json\/wp\/v2\/media?parent=525"}],"curies":[{"name":"wp","href":"https:\/\/api.w.org\/{rel}","templated":true}]}}