{"id":1196,"date":"2024-05-01T14:49:17","date_gmt":"2024-05-01T14:49:17","guid":{"rendered":"https:\/\/demo.casethemes.net\/proactive\/?page_id=1196"},"modified":"2025-04-22T13:55:08","modified_gmt":"2025-04-22T13:55:08","slug":"testimonianza","status":"publish","type":"page","link":"https:\/\/nielsentech.co.uk\/it\/testimonianza\/","title":{"rendered":"Cosa dicono i nostri clienti"},"content":{"rendered":"<div data-elementor-type=\"wp-page\" data-elementor-id=\"1196\" class=\"elementor elementor-1196\">\n\t\t\t\t        <section class=\"elementor-section elementor-top-section elementor-element elementor-element-9016673 elementor-section-boxed elementor-section-height-default elementor-section-height-default pxl-row-scroll-none pxl-zoom-point-false pxl-section-overflow-visible pxl-section-fix-none pxl-bg-color-none pxl-section-overlay-none\" data-id=\"9016673\" data-element_type=\"section\">\n\n                \n                <div class=\"elementor-container elementor-column-gap-extended\">\n                <div class=\"elementor-column elementor-col-100 elementor-top-column elementor-element elementor-element-ee54d6c pxl-column-none pxl-column-overflow-hidden-no\" data-id=\"ee54d6c\" data-element_type=\"column\">\r\n        <div class=\"elementor-widget-wrap elementor-element-populated\">\r\n                     \r\n        \t\t<div class=\"elementor-element elementor-element-715b64fe elementor-widget elementor-widget-pxl_heading\" data-id=\"715b64fe\" data-element_type=\"widget\" data-widget_type=\"pxl_heading.default\">\n\t\t\t\t<div class=\"elementor-widget-container\">\n\t\t\t\t\t\n<div id=\"pxl-pxl_heading-715b64fe-6079\" class=\"pxl-heading px-sub-title-shape-style\">\n\t<div class=\"pxl-heading--inner\">\n\t\t\t\t\t<div class=\"pxl-item--subtitle px-sub-title-shape\" data-wow-delay=\"ms\">\n\t\t\t\t<span class=\"pxl-item--subtext\">\n\t\t\t\t\t\t\t\t\t\t\t<i class=\"flaticon-heading text-gradient pxl-mr-10 pxl-icon--heading\"><\/i>\n\t\t\t\t\t\t\t\t\t\t\t\t\t\t\t\t\t\t\t\t<span class=\"\">I nostri clienti <\/span>\n\t\t\t\t<\/span>\n\t\t\t<\/div>\n\t\t\n\t\t<h2 class=\"pxl-item--title style-default highlight-default pxl-split-text split-in-right\" data-wow-delay=\"ms\">\n\n\t\t\t<span class=\"pxl-heading--text\">\n\n\t\t\t\t\t\t\t\t\tDicono dei nostri servizi\t\n\t\t\t\t\t\n\n\t\t\t<\/span>\n\t\t<\/h2>\n\t\t\n\t<\/div>\n<\/div>\t\t\t\t<\/div>\n\t\t\t\t<\/div>\n\t\t\t\t<div class=\"elementor-element elementor-element-a71dd6c elementor-widget elementor-widget-pxl_testimonial_grid\" data-id=\"a71dd6c\" data-element_type=\"widget\" data-widget_type=\"pxl_testimonial_grid.default\">\n\t\t\t\t<div class=\"elementor-widget-container\">\n\t\t\t\t\t    <div class=\"pxl-grid pxl-testimonial-grid pxl-testimonial-grid1\">\r\n        <div class=\"pxl-grid-inner pxl-grid-masonry row\" data-gutter=\"15\">\r\n                            <div class=\"pxl-grid-item col-xl-6 col-lg-6 col-md-6 col-sm-12 col-12\">\r\n                    <div class=\"pxl-item--inner wow PXLfadeInUp\">\r\n                        <div class=\"pxl-item--star\">\r\n                            <span class=\"pxl-star--inner text-gradient\">\r\n                                <i class=\"flaticon-star\"><\/i>\r\n                                <i class=\"flaticon-star\"><\/i>\r\n                                <i class=\"flaticon-star\"><\/i>\r\n                                <i class=\"flaticon-star\"><\/i>\r\n                                <i class=\"flaticon-star\"><\/i>\r\n                            <\/span>\r\n                        <\/div>\r\n                        <div class=\"pxl-item--desc el-empty\">\"Assolutamente sbalordito dalla professionalit\u00e0 e dalla competenza di questo team. Hanno trasformato il nostro sito web obsoleto in una piattaforma moderna e performante che ha incrementato in modo significativo il nostro traffico e il coinvolgimento. Lo consigliamo vivamente!\".<\/div>\r\n                        <div class=\"pxl-item--divider\"><\/div>\r\n                        <div class=\"pxl-item--holder\">\r\n                                                            <div class=\"pxl-item--avatar pxl-mr-18\">\r\n                                    <img decoding=\"async\" class=\"no-lazyload\" src=\"https:\/\/nielsentech.co.uk\/wp-content\/uploads\/2024\/04\/testimonial-1-128x128.jpg\" width=\"128\" height=\"128\" alt=\"testimonial-1\" title=\"testimonial-1\" \/>                                <\/div>\r\n                                                        <div class=\"pxl-item--meta pxl-mr-20\">\r\n                                <h6 class=\"pxl-item--title el-empty\">Linda<\/h6>\r\n                                                                    <div class=\"pxl-item--position\">Direttore senior<\/div>\r\n                                                            <\/div>\r\n                            <div class=\"pxl-item--icon\"><i class=\"flaticon-quote-2 text-gradient\"><\/i><\/div>\r\n                        <\/div>\r\n                   <\/div>\r\n                <\/div>\r\n                            <div class=\"pxl-grid-item col-xl-6 col-lg-6 col-md-6 col-sm-12 col-12\">\r\n                    <div class=\"pxl-item--inner wow PXLfadeInUp\">\r\n                        <div class=\"pxl-item--star\">\r\n                            <span class=\"pxl-star--inner text-gradient\">\r\n                                <i class=\"flaticon-star\"><\/i>\r\n                                <i class=\"flaticon-star\"><\/i>\r\n                                <i class=\"flaticon-star\"><\/i>\r\n                                <i class=\"flaticon-star\"><\/i>\r\n                                <i class=\"flaticon-star\"><\/i>\r\n                            <\/span>\r\n                        <\/div>\r\n                        <div class=\"pxl-item--desc el-empty\">\"Dalla consultazione iniziale al lancio finale, la loro professionalit\u00e0 \u00e8 stata evidente in ogni fase. Hanno capito veramente la nostra visione e hanno realizzato un sito web che ha superato le nostre aspettative. Le loro strategie SEO stanno gi\u00e0 dando risultati fantastici\".<\/div>\r\n                        <div class=\"pxl-item--divider\"><\/div>\r\n                        <div class=\"pxl-item--holder\">\r\n                                                            <div class=\"pxl-item--avatar pxl-mr-18\">\r\n                                    <img decoding=\"async\" class=\"no-lazyload\" src=\"https:\/\/nielsentech.co.uk\/wp-content\/uploads\/2024\/04\/testimonial-2.png\" width=\"128\" height=\"128\" alt=\"testimonial-2\" title=\"testimonial-2\" \/>                                <\/div>\r\n                                                        <div class=\"pxl-item--meta pxl-mr-20\">\r\n                                <h6 class=\"pxl-item--title el-empty\">Pena<\/h6>\r\n                                                                    <div class=\"pxl-item--position\">Direttore senior<\/div>\r\n                                                            <\/div>\r\n                            <div class=\"pxl-item--icon\"><i class=\"flaticon-quote-2 text-gradient\"><\/i><\/div>\r\n                        <\/div>\r\n                   <\/div>\r\n                <\/div>\r\n                            <div class=\"pxl-grid-item col-xl-6 col-lg-6 col-md-6 col-sm-12 col-12\">\r\n                    <div class=\"pxl-item--inner wow PXLfadeInUp\">\r\n                        <div class=\"pxl-item--star\">\r\n                            <span class=\"pxl-star--inner text-gradient\">\r\n                                <i class=\"flaticon-star\"><\/i>\r\n                                <i class=\"flaticon-star\"><\/i>\r\n                                <i class=\"flaticon-star\"><\/i>\r\n                                <i class=\"flaticon-star\"><\/i>\r\n                                <i class=\"flaticon-star\"><\/i>\r\n                            <\/span>\r\n                        <\/div>\r\n                        <div class=\"pxl-item--desc el-empty\">\"Lavorare con questo team \u00e8 stata un'esperienza professionale e senza soluzione di continuit\u00e0. La loro comunicazione \u00e8 stata eccellente e la loro competenza tecnica sia nel web design che nello sviluppo di applicazioni mobili \u00e8 di prim'ordine. Hanno consegnato un prodotto di qualit\u00e0 superiore rispettando i tempi e il budget.<\/div>\r\n                        <div class=\"pxl-item--divider\"><\/div>\r\n                        <div class=\"pxl-item--holder\">\r\n                                                            <div class=\"pxl-item--avatar pxl-mr-18\">\r\n                                    <img decoding=\"async\" class=\"no-lazyload\" src=\"https:\/\/nielsentech.co.uk\/wp-content\/uploads\/2024\/04\/testimonial-3.png\" width=\"128\" height=\"128\" alt=\"testimonial-3\" title=\"testimonial-3\" \/>                                <\/div>\r\n                                                        <div class=\"pxl-item--meta pxl-mr-20\">\r\n                                <h6 class=\"pxl-item--title el-empty\">Jerome Bell<\/h6>\r\n                                                                    <div class=\"pxl-item--position\">Direttore senior<\/div>\r\n                                                            <\/div>\r\n                            <div class=\"pxl-item--icon\"><i class=\"flaticon-quote-2 text-gradient\"><\/i><\/div>\r\n                        <\/div>\r\n                   <\/div>\r\n                <\/div>\r\n                            <div class=\"pxl-grid-item col-xl-6 col-lg-6 col-md-6 col-sm-12 col-12\">\r\n                    <div class=\"pxl-item--inner wow PXLfadeInUp\">\r\n                        <div class=\"pxl-item--star\">\r\n                            <span class=\"pxl-star--inner text-gradient\">\r\n                                <i class=\"flaticon-star\"><\/i>\r\n                                <i class=\"flaticon-star\"><\/i>\r\n                                <i class=\"flaticon-star\"><\/i>\r\n                                <i class=\"flaticon-star\"><\/i>\r\n                                <i class=\"flaticon-star\"><\/i>\r\n                            <\/span>\r\n                        <\/div>\r\n                        <div class=\"pxl-item--desc el-empty\">\"Il livello di professionalit\u00e0 e creativit\u00e0 dimostrato da questo team \u00e8 eccezionale. Hanno progettato un sito web straordinario e un'applicazione mobile di facile utilizzo che rappresenta perfettamente il nostro marchio. Anche il loro supporto continuo \u00e8 stato incredibilmente professionale e reattivo\".<\/div>\r\n                        <div class=\"pxl-item--divider\"><\/div>\r\n                        <div class=\"pxl-item--holder\">\r\n                                                            <div class=\"pxl-item--avatar pxl-mr-18\">\r\n                                    <img loading=\"lazy\" decoding=\"async\" class=\"no-lazyload\" src=\"https:\/\/nielsentech.co.uk\/wp-content\/uploads\/2024\/04\/testimonial-5.png\" width=\"128\" height=\"128\" alt=\"testimonial-5\" title=\"testimonial-5\" \/>                                <\/div>\r\n                                                        <div class=\"pxl-item--meta pxl-mr-20\">\r\n                                <h6 class=\"pxl-item--title el-empty\">Jacob Jones<\/h6>\r\n                                                                    <div class=\"pxl-item--position\">Direttore senior<\/div>\r\n                                                            <\/div>\r\n                            <div class=\"pxl-item--icon\"><i class=\"flaticon-quote-2 text-gradient\"><\/i><\/div>\r\n                        <\/div>\r\n                   <\/div>\r\n                <\/div>\r\n                            <div class=\"pxl-grid-item col-xl-6 col-lg-6 col-md-6 col-sm-12 col-12\">\r\n                    <div class=\"pxl-item--inner wow PXLfadeInUp\">\r\n                        <div class=\"pxl-item--star\">\r\n                            <span class=\"pxl-star--inner text-gradient\">\r\n                                <i class=\"flaticon-star\"><\/i>\r\n                                <i class=\"flaticon-star\"><\/i>\r\n                                <i class=\"flaticon-star\"><\/i>\r\n                                <i class=\"flaticon-star\"><\/i>\r\n                                <i class=\"flaticon-star\"><\/i>\r\n                            <\/span>\r\n                        <\/div>\r\n                        <div class=\"pxl-item--desc el-empty\">\"Stavamo cercando un'agenzia professionale per gestire il nostro SEO e il web design e abbiamo trovato il partner perfetto. Il loro approccio strategico e la loro attenzione ai dettagli sono impressionanti e i risultati parlano da soli. Un team davvero professionale e affidabile\".<\/div>\r\n                        <div class=\"pxl-item--divider\"><\/div>\r\n                        <div class=\"pxl-item--holder\">\r\n                                                            <div class=\"pxl-item--avatar pxl-mr-18\">\r\n                                    <img loading=\"lazy\" decoding=\"async\" class=\"no-lazyload\" src=\"https:\/\/nielsentech.co.uk\/wp-content\/uploads\/2024\/04\/testimonial-4.png\" width=\"128\" height=\"128\" alt=\"testimonial-4\" title=\"testimonial-4\" \/>                                <\/div>\r\n                                                        <div class=\"pxl-item--meta pxl-mr-20\">\r\n                                <h6 class=\"pxl-item--title el-empty\">Albert Flores<\/h6>\r\n                                                                    <div class=\"pxl-item--position\">Direttore senior<\/div>\r\n                                                            <\/div>\r\n                            <div class=\"pxl-item--icon\"><i class=\"flaticon-quote-2 text-gradient\"><\/i><\/div>\r\n                        <\/div>\r\n                   <\/div>\r\n                <\/div>\r\n                            <div class=\"pxl-grid-item col-xl-6 col-lg-6 col-md-6 col-sm-12 col-12\">\r\n                    <div class=\"pxl-item--inner wow PXLfadeInUp\">\r\n                        <div class=\"pxl-item--star\">\r\n                            <span class=\"pxl-star--inner text-gradient\">\r\n                                <i class=\"flaticon-star\"><\/i>\r\n                                <i class=\"flaticon-star\"><\/i>\r\n                                <i class=\"flaticon-star\"><\/i>\r\n                                <i class=\"flaticon-star\"><\/i>\r\n                                <i class=\"flaticon-star\"><\/i>\r\n                            <\/span>\r\n                        <\/div>\r\n                        <div class=\"pxl-item--desc el-empty\">\"Scegliere questa agenzia \u00e8 stata una delle migliori decisioni che abbiamo preso per la nostra attivit\u00e0. Il loro approccio professionale al web design e al SEO ha avuto un impatto tangibile sulla nostra visibilit\u00e0 online e sull'acquisizione dei clienti. Abbiamo visto un aumento significativo di lead qualificati\".<\/div>\r\n                        <div class=\"pxl-item--divider\"><\/div>\r\n                        <div class=\"pxl-item--holder\">\r\n                                                            <div class=\"pxl-item--avatar pxl-mr-18\">\r\n                                    <img loading=\"lazy\" decoding=\"async\" class=\"no-lazyload\" src=\"https:\/\/nielsentech.co.uk\/wp-content\/uploads\/2024\/04\/testimonial-6.png\" width=\"128\" height=\"128\" alt=\"testimonial-6\" title=\"testimonial-6\" \/>                                <\/div>\r\n                                                        <div class=\"pxl-item--meta pxl-mr-20\">\r\n                                <h6 class=\"pxl-item--title el-empty\">Kristin Watson<\/h6>\r\n                                                                    <div class=\"pxl-item--position\">Direttore senior<\/div>\r\n                                                            <\/div>\r\n                            <div class=\"pxl-item--icon\"><i class=\"flaticon-quote-2 text-gradient\"><\/i><\/div>\r\n                        <\/div>\r\n                   <\/div>\r\n                <\/div>\r\n                            <div class=\"pxl-grid-item col-xl-6 col-lg-6 col-md-6 col-sm-12 col-12\">\r\n                    <div class=\"pxl-item--inner wow PXLfadeInUp\">\r\n                        <div class=\"pxl-item--star\">\r\n                            <span class=\"pxl-star--inner text-gradient\">\r\n                                <i class=\"flaticon-star\"><\/i>\r\n                                <i class=\"flaticon-star\"><\/i>\r\n                                <i class=\"flaticon-star\"><\/i>\r\n                                <i class=\"flaticon-star\"><\/i>\r\n                                <i class=\"flaticon-star\"><\/i>\r\n                            <\/span>\r\n                        <\/div>\r\n                        <div class=\"pxl-item--desc el-empty\">\"Il loro team di ingegneri software \u00e8 composto da veri professionisti. L'applicazione mobile che hanno sviluppato per noi \u00e8 robusta, intuitiva ed \u00e8 stata incredibilmente apprezzata dai nostri utenti. La loro esperienza e la loro dedizione alla qualit\u00e0 sono evidenti nel loro lavoro\".<\/div>\r\n                        <div class=\"pxl-item--divider\"><\/div>\r\n                        <div class=\"pxl-item--holder\">\r\n                                                            <div class=\"pxl-item--avatar pxl-mr-18\">\r\n                                    <img loading=\"lazy\" decoding=\"async\" class=\"no-lazyload\" src=\"https:\/\/nielsentech.co.uk\/wp-content\/uploads\/2024\/04\/testimonial-7.png\" width=\"128\" height=\"128\" alt=\"testimonial-7\" title=\"testimonial-7\" \/>                                <\/div>\r\n                                                        <div class=\"pxl-item--meta pxl-mr-20\">\r\n                                <h6 class=\"pxl-item--title el-empty\">Esther Howard<\/h6>\r\n                                                                    <div class=\"pxl-item--position\">Direttore senior<\/div>\r\n                                                            <\/div>\r\n                            <div class=\"pxl-item--icon\"><i class=\"flaticon-quote-2 text-gradient\"><\/i><\/div>\r\n                        <\/div>\r\n                   <\/div>\r\n                <\/div>\r\n                            <div class=\"pxl-grid-item col-xl-6 col-lg-6 col-md-6 col-sm-12 col-12\">\r\n                    <div class=\"pxl-item--inner wow PXLfadeInUp\">\r\n                        <div class=\"pxl-item--star\">\r\n                            <span class=\"pxl-star--inner text-gradient\">\r\n                                <i class=\"flaticon-star\"><\/i>\r\n                                <i class=\"flaticon-star\"><\/i>\r\n                                <i class=\"flaticon-star\"><\/i>\r\n                                <i class=\"flaticon-star\"><\/i>\r\n                                <i class=\"flaticon-star\"><\/i>\r\n                            <\/span>\r\n                        <\/div>\r\n                        <div class=\"pxl-item--desc el-empty\">\"Fin dall'inizio la loro professionalit\u00e0 ha brillato. Hanno fornito una comunicazione chiara, un processo ben definito e hanno realizzato un sito web e una strategia SEO che hanno migliorato in modo significativo le nostre prestazioni online. Un team davvero professionale e orientato ai risultati\".<\/div>\r\n                        <div class=\"pxl-item--divider\"><\/div>\r\n                        <div class=\"pxl-item--holder\">\r\n                                                            <div class=\"pxl-item--avatar pxl-mr-18\">\r\n                                    <img loading=\"lazy\" decoding=\"async\" class=\"no-lazyload\" src=\"https:\/\/nielsentech.co.uk\/wp-content\/uploads\/2024\/04\/testimonial-8.png\" width=\"128\" height=\"128\" alt=\"testimonial-8\" title=\"testimonial-8\" \/>                                <\/div>\r\n                                                        <div class=\"pxl-item--meta pxl-mr-20\">\r\n                                <h6 class=\"pxl-item--title el-empty\">Guy Hawkins<\/h6>\r\n                                                                    <div class=\"pxl-item--position\">Direttore senior<\/div>\r\n                                                            <\/div>\r\n                            <div class=\"pxl-item--icon\"><i class=\"flaticon-quote-2 text-gradient\"><\/i><\/div>\r\n                        <\/div>\r\n                   <\/div>\r\n                <\/div>\r\n                        <div class=\"grid-sizer col-xl-6 col-lg-6 col-md-6 col-sm-12 col-12\"><\/div>\r\n        <\/div>\r\n    <\/div>\r\n\t\t\t\t<\/div>\n\t\t\t\t<\/div>\n\t\t            <\/div>\r\n        <\/div>\r\n        \t\t\t<\/div>\n\t\t<\/section>\n\t\t\t\t<\/div>","protected":false},"excerpt":{"rendered":"<p>Our Clients Say About Our Services \u201cAbsolutely blown away by the professionalism and expertise of this team. They transformed our outdated website into a modern, high-performing platform that has significantly boosted our traffic and engagement. Highly recommend!\u201c Linda Senior Director \u201cFrom the initial consultation to the final launch, their professionalism was evident in every step. [&hellip;]<\/p>","protected":false},"author":1,"featured_media":0,"parent":0,"menu_order":0,"comment_status":"closed","ping_status":"closed","template":"","meta":{"googlesitekit_rrm_CAowjZu7DA:productID":"","footnotes":""},"class_list":["post-1196","page","type-page","status-publish","hentry"],"_hostinger_reach_plugin_has_subscription_block":false,"_hostinger_reach_plugin_is_elementor":false,"_links":{"self":[{"href":"https:\/\/nielsentech.co.uk\/it\/wp-json\/wp\/v2\/pages\/1196","targetHints":{"allow":["GET"]}}],"collection":[{"href":"https:\/\/nielsentech.co.uk\/it\/wp-json\/wp\/v2\/pages"}],"about":[{"href":"https:\/\/nielsentech.co.uk\/it\/wp-json\/wp\/v2\/types\/page"}],"author":[{"embeddable":true,"href":"https:\/\/nielsentech.co.uk\/it\/wp-json\/wp\/v2\/users\/1"}],"replies":[{"embeddable":true,"href":"https:\/\/nielsentech.co.uk\/it\/wp-json\/wp\/v2\/comments?post=1196"}],"version-history":[{"count":8,"href":"https:\/\/nielsentech.co.uk\/it\/wp-json\/wp\/v2\/pages\/1196\/revisions"}],"predecessor-version":[{"id":5412,"href":"https:\/\/nielsentech.co.uk\/it\/wp-json\/wp\/v2\/pages\/1196\/revisions\/5412"}],"wp:attachment":[{"href":"https:\/\/nielsentech.co.uk\/it\/wp-json\/wp\/v2\/media?parent=1196"}],"curies":[{"name":"wp","href":"https:\/\/api.w.org\/{rel}","templated":true}]}}