{"id":1184,"date":"2024-05-01T14:48:20","date_gmt":"2024-05-01T14:48:20","guid":{"rendered":"https:\/\/demo.casethemes.net\/proactive\/?page_id=1184"},"modified":"2025-09-08T23:31:44","modified_gmt":"2025-09-08T23:31:44","slug":"build-better-ads-10x-faster-with-ai-powered-workflows-that-boost-output-and-performance","status":"publish","type":"page","link":"https:\/\/nielsentech.co.uk\/sq\/build-better-ads-10x-faster-with-ai-powered-workflows-that-boost-output-and-performance\/","title":{"rendered":"Eksploroni Portofolin Ton\u00eb Informues"},"content":{"rendered":"<div data-elementor-type=\"wp-page\" data-elementor-id=\"1184\" class=\"elementor elementor-1184\">\n\t\t\t\t        <section class=\"elementor-section elementor-top-section elementor-element elementor-element-781ddd4 elementor-section-stretched elementor-section-boxed elementor-section-height-default elementor-section-height-default pxl-row-scroll-none pxl-zoom-point-false pxl-section-overflow-visible pxl-section-fix-none pxl-bg-color-none pxl-section-overlay-none\" data-id=\"781ddd4\" data-element_type=\"section\" data-settings=\"{&quot;stretch_section&quot;:&quot;section-stretched&quot;}\">\n\n                \n                <div class=\"elementor-container elementor-column-gap-extended\">\n                <div class=\"elementor-column elementor-col-100 elementor-top-column elementor-element elementor-element-fd5423f pxl-column-none pxl-column-overflow-hidden-no\" data-id=\"fd5423f\" data-element_type=\"column\">\r\n        <div class=\"elementor-widget-wrap elementor-element-populated\">\r\n                     \r\n        \t\t<div class=\"elementor-element elementor-element-dcf2f71 elementor-widget elementor-widget-pxl_heading\" data-id=\"dcf2f71\" data-element_type=\"widget\" data-widget_type=\"pxl_heading.default\">\n\t\t\t\t<div class=\"elementor-widget-container\">\n\t\t\t\t\t\n<div id=\"pxl-pxl_heading-dcf2f71-1942\" class=\"pxl-heading px-sub-title-shape-style\">\n\t<div class=\"pxl-heading--inner\">\n\t\t\t\t\t<div class=\"pxl-item--subtitle px-sub-title-shape\" data-wow-delay=\"ms\">\n\t\t\t\t<span class=\"pxl-item--subtext\">\n\t\t\t\t\t\t\t\t\t\t\t<i class=\"flaticon-heading text-gradient pxl-mr-10 pxl-icon--heading\"><\/i>\n\t\t\t\t\t\t\t\t\t\t\t\t\t\t\t\t\t\t\t\t<span class=\"\">Portofoli yn\u00eb<\/span>\n\t\t\t\t<\/span>\n\t\t\t<\/div>\n\t\t\n\t\t<h2 class=\"pxl-item--title style-default highlight-default pxl-split-text split-in-right\" data-wow-delay=\"ms\">\n\n\t\t\t<span class=\"pxl-heading--text\">\n\n\t\t\t\t\t\t\t\t\tPortofoli yn\u00eb i mrekulluesh\u00ebm p\u00ebr t\u00eb dh\u00ebn\u00eb informacion\t\n\t\t\t\t\t\n\n\t\t\t<\/span>\n\t\t<\/h2>\n\t\t\n\t<\/div>\n<\/div>\t\t\t\t<\/div>\n\t\t\t\t<\/div>\n\t\t\t\t<div class=\"elementor-element elementor-element-dcad68e pxl-post-layout-portfolio-1 elementor-widget elementor-widget-pxl_post_grid\" data-id=\"dcad68e\" data-element_type=\"widget\" data-widget_type=\"pxl_post_grid.default\">\n\t\t\t\t<div class=\"elementor-widget-container\">\n\t\t\t\t\t\n<div id=\"pxl_post_grid-dcad68e-1609\" class=\"pxl-grid pxl-portfolio-grid pxl-portfolio-grid-layout1 pxl-portfolio-style1\" data-start-page=\"1\" data-max-pages=\"1\" data-total=\"1\" data-perpage=\"6\" data-next-link=\"\" data-loadmore=\"{&quot;tax&quot;:[&quot;portfolio-category&quot;],&quot;post_type&quot;:&quot;portfolio&quot;,&quot;layout&quot;:&quot;portfolio-1&quot;,&quot;startPage&quot;:1,&quot;maxPages&quot;:1,&quot;total&quot;:1,&quot;filter&quot;:&quot;false&quot;,&quot;filter_type&quot;:&quot;normal&quot;,&quot;perpage&quot;:6,&quot;nextLink&quot;:&quot;&quot;,&quot;source&quot;:&quot;&quot;,&quot;orderby&quot;:&quot;date&quot;,&quot;order&quot;:&quot;desc&quot;,&quot;limit&quot;:6,&quot;post_ids&quot;:[],&quot;col_xl&quot;:6,&quot;col_lg&quot;:6,&quot;col_md&quot;:6,&quot;col_sm&quot;:6,&quot;col_xs&quot;:12,&quot;pagination_type&quot;:&quot;pagination&quot;,&quot;show_category&quot;:&quot;true&quot;,&quot;show_button&quot;:&quot;true&quot;,&quot;button_box_gradient&quot;:&quot;style-1&quot;,&quot;img_size&quot;:&quot;&quot;,&quot;grid_masonry&quot;:[{&quot;col_lg_m&quot;:&quot;2&quot;,&quot;col_xl_m&quot;:&quot;2&quot;,&quot;img_size_m&quot;:&quot;800x763&quot;,&quot;_id&quot;:&quot;1df9e4b&quot;,&quot;col_xs_m&quot;:&quot;1&quot;,&quot;col_sm_m&quot;:&quot;2&quot;,&quot;col_md_m&quot;:&quot;2&quot;},{&quot;col_lg_m&quot;:&quot;2&quot;,&quot;col_xl_m&quot;:&quot;2&quot;,&quot;img_size_m&quot;:&quot;800x522&quot;,&quot;_id&quot;:&quot;60a6708&quot;,&quot;col_xs_m&quot;:&quot;1&quot;,&quot;col_sm_m&quot;:&quot;2&quot;,&quot;col_md_m&quot;:&quot;2&quot;},{&quot;_id&quot;:&quot;16ebbb0&quot;,&quot;col_lg_m&quot;:&quot;2&quot;,&quot;col_xl_m&quot;:&quot;2&quot;,&quot;img_size_m&quot;:&quot;800x763&quot;,&quot;col_xs_m&quot;:&quot;1&quot;,&quot;col_sm_m&quot;:&quot;2&quot;,&quot;col_md_m&quot;:&quot;2&quot;},{&quot;col_lg_m&quot;:&quot;2&quot;,&quot;col_xl_m&quot;:&quot;2&quot;,&quot;img_size_m&quot;:&quot;800x522&quot;,&quot;_id&quot;:&quot;ac3c538&quot;,&quot;col_xs_m&quot;:&quot;1&quot;,&quot;col_sm_m&quot;:&quot;2&quot;,&quot;col_md_m&quot;:&quot;2&quot;},{&quot;col_lg_m&quot;:&quot;2&quot;,&quot;col_xl_m&quot;:&quot;2&quot;,&quot;img_size_m&quot;:&quot;800x522&quot;,&quot;_id&quot;:&quot;fd484b2&quot;,&quot;col_xs_m&quot;:&quot;1&quot;,&quot;col_sm_m&quot;:&quot;2&quot;,&quot;col_md_m&quot;:&quot;2&quot;},{&quot;col_lg_m&quot;:&quot;2&quot;,&quot;col_xl_m&quot;:&quot;2&quot;,&quot;img_size_m&quot;:&quot;800x522&quot;,&quot;_id&quot;:&quot;70817a7&quot;,&quot;col_xs_m&quot;:&quot;1&quot;,&quot;col_sm_m&quot;:&quot;2&quot;,&quot;col_md_m&quot;:&quot;2&quot;}],&quot;pxl_animate&quot;:&quot;&quot;}\">\n    \n    <div class=\"pxl-grid-inner pxl-grid-masonry row\" data-gutter=\"15\">\n                        <div class=\"pxl-grid-item col-xl-6 col-lg-6 col-md-6 col-sm-6 col-12 various-analysis\">\n                    <div class=\"pxl-post--inner\" data-wow-duration=\"1.2s\">\n                                                <div class=\"pxl-post--featured hover-imge-effect3\">\n                            <a href=\"https:\/\/nielsentech.co.uk\/sq\/portofol\/inteligjenca-e-biznesit\/\"><img fetchpriority=\"high\" decoding=\"async\" class=\"\" src=\"https:\/\/nielsentech.co.uk\/wp-content\/uploads\/2024\/04\/portfolio-1.jpg\" width=\"800\" height=\"720\" alt=\"portofoli-1\" title=\"portofoli-1\" \/><\/a>\n                                                            <a class=\"pxl-post--readmore pxl-fl-middle\" href=\"https:\/\/nielsentech.co.uk\/sq\/portofol\/inteligjenca-e-biznesit\/\">\n                                    <i class=\"flaticon-right-arrow-2\"><\/i>\n                                <\/a>\n                                                    <\/div>\n                        <div class=\"pxl-post--holder\">\n                            <div class=\"pxl-post--meta\">\n                                                                    <div class=\"pxl-post--category link-none\">\n                                        <a href=\"https:\/\/nielsentech.co.uk\/sq\/kategoria-e-portofolit\/analiza-te-ndryshme\/\" rel=\"tag\">Analiza t\u00eb ndryshme<\/a>                                    <\/div>\n                                                                <h5 class=\"pxl-post--title\">Zgjidhjet tona profesionale p\u00ebr t\u00eb monetizuar ekspertiz\u00ebn dhe p\u00ebr t\u00eb nd\u00ebrtuar nj\u00eb rrjet t\u00eb fort\u00eb biznesi<\/h5>\n                            <\/div>\n                                                            <a class=\"pxl-post--readmore pxl-fl-middle\" href=\"https:\/\/nielsentech.co.uk\/sq\/portofol\/inteligjenca-e-biznesit\/\">\n                                    <i class=\"flaticon-right-arrow-2\"><\/i>\n                                <\/a>\n                                                    <\/div>\n                    <\/div>\n                <\/div>\n                            <div class=\"grid-sizer col-xl-6 col-lg-6 col-md-6 col-sm-6 col-12\"><\/div>\n        \n    <\/div>\n            <div class=\"pxl-grid-pagination\">\n                    <\/div>\n        <\/div>\t\t\t\t<\/div>\n\t\t\t\t<\/div>\n\t\t            <\/div>\r\n        <\/div>\r\n        \t\t\t<\/div>\n\t\t<\/section>\n\t\t\t\t<\/div>","protected":false},"excerpt":{"rendered":"<p>Our Portfolio Our awesome portfolio to give information Various Analysis Business Intelligence Various Analysis Consulting Success Various Analysis Performing Market Various Analysis Business Consulting Various Analysis Data Analytics Various Analysis Marketing Advisor \u00a0 1 2<\/p>","protected":false},"author":1,"featured_media":0,"parent":0,"menu_order":0,"comment_status":"closed","ping_status":"closed","template":"","meta":{"googlesitekit_rrm_CAowjZu7DA:productID":"","footnotes":""},"class_list":["post-1184","page","type-page","status-publish","hentry"],"_hostinger_reach_plugin_has_subscription_block":false,"_hostinger_reach_plugin_is_elementor":false,"_links":{"self":[{"href":"https:\/\/nielsentech.co.uk\/sq\/wp-json\/wp\/v2\/pages\/1184","targetHints":{"allow":["GET"]}}],"collection":[{"href":"https:\/\/nielsentech.co.uk\/sq\/wp-json\/wp\/v2\/pages"}],"about":[{"href":"https:\/\/nielsentech.co.uk\/sq\/wp-json\/wp\/v2\/types\/page"}],"author":[{"embeddable":true,"href":"https:\/\/nielsentech.co.uk\/sq\/wp-json\/wp\/v2\/users\/1"}],"replies":[{"embeddable":true,"href":"https:\/\/nielsentech.co.uk\/sq\/wp-json\/wp\/v2\/comments?post=1184"}],"version-history":[{"count":2,"href":"https:\/\/nielsentech.co.uk\/sq\/wp-json\/wp\/v2\/pages\/1184\/revisions"}],"predecessor-version":[{"id":5510,"href":"https:\/\/nielsentech.co.uk\/sq\/wp-json\/wp\/v2\/pages\/1184\/revisions\/5510"}],"wp:attachment":[{"href":"https:\/\/nielsentech.co.uk\/sq\/wp-json\/wp\/v2\/media?parent=1184"}],"curies":[{"name":"wp","href":"https:\/\/api.w.org\/{rel}","templated":true}]}}