{"id":1194,"date":"2024-05-01T14:49:07","date_gmt":"2024-05-01T14:49:07","guid":{"rendered":"https:\/\/demo.casethemes.net\/proactive\/?page_id=1194"},"modified":"2025-04-19T21:32:41","modified_gmt":"2025-04-19T21:32:41","slug":"pyetje-te-shpeshta","status":"publish","type":"page","link":"https:\/\/nielsentech.co.uk\/sq\/pyetje-te-shpeshta\/","title":{"rendered":"Pyetje t\u00eb shpeshta"},"content":{"rendered":"<div data-elementor-type=\"wp-page\" data-elementor-id=\"1194\" class=\"elementor elementor-1194\">\n\t\t\t\t        <section class=\"elementor-section elementor-top-section elementor-element elementor-element-60e76bf elementor-section-boxed elementor-section-height-default elementor-section-height-default pxl-row-scroll-none pxl-zoom-point-false pxl-section-overflow-visible pxl-section-fix-none pxl-bg-color-none pxl-section-overlay-none\" data-id=\"60e76bf\" data-element_type=\"section\">\n\n                \n                <div class=\"elementor-container elementor-column-gap-extended\">\n                <div class=\"elementor-column elementor-col-100 elementor-top-column elementor-element elementor-element-15ccd10 pxl-column-none pxl-column-overflow-hidden-no\" data-id=\"15ccd10\" data-element_type=\"column\">\r\n        <div class=\"elementor-widget-wrap elementor-element-populated\">\r\n                     \r\n        \t\t<div class=\"elementor-element elementor-element-ccc913a elementor-widget elementor-widget-pxl_heading\" data-id=\"ccc913a\" data-element_type=\"widget\" data-widget_type=\"pxl_heading.default\">\n\t\t\t\t<div class=\"elementor-widget-container\">\n\t\t\t\t\t\n<div id=\"pxl-pxl_heading-ccc913a-6180\" class=\"pxl-heading px-sub-title-shape-style\">\n\t<div class=\"pxl-heading--inner\">\n\t\t\t\t\t<div class=\"pxl-item--subtitle px-sub-title-shape\" data-wow-delay=\"ms\">\n\t\t\t\t<span class=\"pxl-item--subtext\">\n\t\t\t\t\t\t\t\t\t\t\t<i class=\"flaticon-heading text-gradient pxl-mr-10 pxl-icon--heading\"><\/i>\n\t\t\t\t\t\t\t\t\t\t\t\t\t\t\t\t\t\t\t\t<span class=\"\">Pyetje t\u00eb Shpeshta<\/span>\n\t\t\t\t<\/span>\n\t\t\t<\/div>\n\t\t\n\t\t<h2 class=\"pxl-item--title style-default highlight-default pxl-split-text split-in-right\" data-wow-delay=\"ms\">\n\n\t\t\t<span class=\"pxl-heading--text\">\n\n\t\t\t\t\t\t\t\t\tPyetje t\u00eb Shpeshta\t\n\t\t\t\t\t\n\n\t\t\t<\/span>\n\t\t<\/h2>\n\t\t\n\t<\/div>\n<\/div>\t\t\t\t<\/div>\n\t\t\t\t<\/div>\n\t\t        <section class=\"elementor-section elementor-inner-section elementor-element elementor-element-eac2d63 elementor-section-boxed elementor-section-height-default elementor-section-height-default pxl-row-scroll-none pxl-zoom-point-false pxl-section-overflow-visible pxl-section-fix-none pxl-bg-color-none pxl-section-overlay-none\" data-id=\"eac2d63\" data-element_type=\"section\">\n\n                \n                <div class=\"elementor-container elementor-column-gap-extended\">\n                <div class=\"elementor-column elementor-col-50 elementor-inner-column elementor-element elementor-element-759dd5a pxl-column-none pxl-column-overflow-hidden-no\" data-id=\"759dd5a\" data-element_type=\"column\">\r\n        <div class=\"elementor-widget-wrap elementor-element-populated\">\r\n                     \r\n        \t\t<div class=\"elementor-element elementor-element-463bd04 elementor-widget elementor-widget-pxl_accordion\" data-id=\"463bd04\" data-element_type=\"widget\" data-widget_type=\"pxl_accordion.default\">\n\t\t\t\t<div class=\"elementor-widget-container\">\n\t\t\t\t\t    <div class=\"pxl-accordion pxl-accordion1 style-default\" data-wow-delay=\"ms\">\r\n                    <div class=\"pxl--item\">\r\n                <h5 class=\"pxl-accordion--title\" data-target=\"#pxl_accordion-463bd04-7274-34d4f7c\">\r\n                    <div class=\"pxl-title--number pxl-empty\">01<\/div>\r\n                                        <span class=\"pxl-title--text\">Pse biznesit tim n\u00eb Lond\u00ebr i duhet v\u00ebrtet nj\u00eb faqe interneti?<\/span>\r\n                    <span class=\"pxl-icon--action\"><span class=\"pxl-icon--plus pxl-icon--gradient\"><span><\/span><\/span><\/span>                <\/h5>\r\n                <div id=\"pxl_accordion-463bd04-7274-34d4f7c\" class=\"pxl-accordion--content\" >E thjesht\u00eb: t\u00eb shihet nga m\u00eb shum\u00eb klient\u00eb n\u00eb internet, 24\/7. \u00cbsht\u00eb vitrina juaj dixhitale n\u00eb tregun masiv t\u00eb Londr\u00ebs.<\/div>\r\n            <\/div>\r\n                    <div class=\"pxl--item active\">\r\n                <h5 class=\"pxl-accordion--title\" data-target=\"#pxl_accordion-463bd04-7274-ad26938\">\r\n                    <div class=\"pxl-title--number pxl-empty\">02<\/div>\r\n                                        <span class=\"pxl-title--text\">A mundet nj\u00eb faqe interneti t\u00eb rris\u00eb shitjet dhe t\u00eb ardhurat e mia?<\/span>\r\n                    <span class=\"pxl-icon--action\"><span class=\"pxl-icon--plus pxl-icon--gradient\"><span><\/span><\/span><\/span>                <\/h5>\r\n                <div id=\"pxl_accordion-463bd04-7274-ad26938\" class=\"pxl-accordion--content\" style=\"display: block;\">Absolutisht! Nj\u00eb faqe interneti e dizajnuar mir\u00eb t\u00ebrheq m\u00eb shum\u00eb klient\u00eb, prezanton ofertat tuaja dhe ua leht\u00ebson atyre blerjen nga ju, duke \u00e7uar n\u00eb rritje t\u00eb t\u00eb ardhurave.<\/div>\r\n            <\/div>\r\n                    <div class=\"pxl--item\">\r\n                <h5 class=\"pxl-accordion--title\" data-target=\"#pxl_accordion-463bd04-7274-5b0c792\">\r\n                    <div class=\"pxl-title--number pxl-empty\">03<\/div>\r\n                                        <span class=\"pxl-title--text\">Un\u00eb jam nj\u00eb dyqan i vog\u00ebl n\u00eb zon\u00ebn e Londr\u00ebs. A do t\u00eb m\u00eb ndihmoj\u00eb nj\u00eb faqe interneti?<\/span>\r\n                    <span class=\"pxl-icon--action\"><span class=\"pxl-icon--plus pxl-icon--gradient\"><span><\/span><\/span><\/span>                <\/h5>\r\n                <div id=\"pxl_accordion-463bd04-7274-5b0c792\" class=\"pxl-accordion--content\" >Patjet\u00ebr. SEO lokale n\u00eb faqen tuaj t\u00eb internetit ju b\u00ebn t\u00eb gjeni nga londinez\u00ebt q\u00eb k\u00ebrkojn\u00eb biznese nj\u00ebsoj si tuajat n\u00eb zon\u00ebn tuaj.<\/div>\r\n            <\/div>\r\n                    <div class=\"pxl--item\">\r\n                <h5 class=\"pxl-accordion--title\" data-target=\"#pxl_accordion-463bd04-7274-74758e3\">\r\n                    <div class=\"pxl-title--number pxl-empty\">04<\/div>\r\n                                        <span class=\"pxl-title--text\">A \u00ebsht\u00eb e kushtueshme t\u00eb kesh nj\u00eb faqe interneti?<\/span>\r\n                    <span class=\"pxl-icon--action\"><span class=\"pxl-icon--plus pxl-icon--gradient\"><span><\/span><\/span><\/span>                <\/h5>\r\n                <div id=\"pxl_accordion-463bd04-7274-74758e3\" class=\"pxl-accordion--content\" >Jo domosdoshm\u00ebrisht. Ne ofrojm\u00eb zgjidhje t\u00eb personalizuara p\u00ebr t&#039;iu p\u00ebrshtatur buxheteve t\u00eb ndryshme, duke siguruar nj\u00eb kthim t\u00eb vlefsh\u00ebm t\u00eb investimit tuaj. Mendojeni si investim n\u00eb rritjen tuaj t\u00eb ardhshme.<\/div>\r\n            <\/div>\r\n                    <div class=\"pxl--item\">\r\n                <h5 class=\"pxl-accordion--title\" data-target=\"#pxl_accordion-463bd04-7274-ad6f45f\">\r\n                    <div class=\"pxl-title--number pxl-empty\">05<\/div>\r\n                                        <span class=\"pxl-title--text\">Nuk jam i\/e aft\u00eb n\u00eb teknologji. A \u00ebsht\u00eb e komplikuar t\u00eb menaxhosh nj\u00eb faqe interneti?<\/span>\r\n                    <span class=\"pxl-icon--action\"><span class=\"pxl-icon--plus pxl-icon--gradient\"><span><\/span><\/span><\/span>                <\/h5>\r\n                <div id=\"pxl_accordion-463bd04-7274-ad6f45f\" class=\"pxl-accordion--content\" >Ne nd\u00ebrtojm\u00eb faqe interneti miq\u00ebsore p\u00ebr p\u00ebrdoruesit dhe ofrojm\u00eb mb\u00ebshtetje t\u00eb vazhdueshme, k\u00ebshtu q\u00eb nuk keni nevoj\u00eb t\u00eb jeni nj\u00eb ekspert n\u00eb teknologji p\u00ebr t\u00eb menaxhuar pranin\u00eb tuaj online.<\/div>\r\n            <\/div>\r\n            <\/div>\r\n\t\t\t\t<\/div>\n\t\t\t\t<\/div>\n\t\t            <\/div>\r\n        <\/div>\r\n                <div class=\"elementor-column elementor-col-50 elementor-inner-column elementor-element elementor-element-546bea1 pxl-column-none pxl-column-overflow-hidden-no\" data-id=\"546bea1\" data-element_type=\"column\">\r\n        <div class=\"elementor-widget-wrap elementor-element-populated\">\r\n                     \r\n        \t\t<div class=\"elementor-element elementor-element-02b14e5 elementor-widget elementor-widget-pxl_accordion\" data-id=\"02b14e5\" data-element_type=\"widget\" data-widget_type=\"pxl_accordion.default\">\n\t\t\t\t<div class=\"elementor-widget-container\">\n\t\t\t\t\t    <div class=\"pxl-accordion pxl-accordion1 style-default\" data-wow-delay=\"ms\">\r\n                    <div class=\"pxl--item\">\r\n                <h5 class=\"pxl-accordion--title\" data-target=\"#pxl_accordion-02b14e5-3609-34d4f7c\">\r\n                    <div class=\"pxl-title--number pxl-empty\">06<\/div>\r\n                                        <span class=\"pxl-title--text\">Sa shpejt mund t\u00eb shoh rezultate nga nj\u00eb faqe interneti?<\/span>\r\n                    <span class=\"pxl-icon--action\"><span class=\"pxl-icon--plus pxl-icon--gradient\"><span><\/span><\/span><\/span>                <\/h5>\r\n                <div id=\"pxl_accordion-02b14e5-3609-34d4f7c\" class=\"pxl-accordion--content\" >Nd\u00ebrsa SEO k\u00ebrkon koh\u00eb, ju mund t\u00eb filloni t\u00eb shfaqni biznesin tuaj dhe t\u00eb angazhoheni me klient\u00eb potencial\u00eb n\u00eb internet pothuajse menj\u00ebher\u00eb.<\/div>\r\n            <\/div>\r\n                    <div class=\"pxl--item\">\r\n                <h5 class=\"pxl-accordion--title\" data-target=\"#pxl_accordion-02b14e5-3609-ad26938\">\r\n                    <div class=\"pxl-title--number pxl-empty\">07<\/div>\r\n                                        <span class=\"pxl-title--text\">Dua t\u00eb fitoj para nga sht\u00ebpia n\u00eb Lond\u00ebr. A mund t\u00eb m\u00eb ndihmoni?<\/span>\r\n                    <span class=\"pxl-icon--action\"><span class=\"pxl-icon--plus pxl-icon--gradient\"><span><\/span><\/span><\/span>                <\/h5>\r\n                <div id=\"pxl_accordion-02b14e5-3609-ad26938\" class=\"pxl-accordion--content\" >Po! Nj\u00eb faqe interneti dhe nj\u00eb dyqan online mund t\u00eb jen\u00eb platforma juaj p\u00ebr t\u00eb shitur aft\u00ebsit\u00eb, produktet ose sh\u00ebrbimet tuaja direkt nga sht\u00ebpia juaj n\u00eb tregun e Londr\u00ebs dhe m\u00eb gjer\u00eb.<\/div>\r\n            <\/div>\r\n                    <div class=\"pxl--item\">\r\n                <h5 class=\"pxl-accordion--title\" data-target=\"#pxl_accordion-02b14e5-3609-5b0c792\">\r\n                    <div class=\"pxl-title--number pxl-empty\">08<\/div>\r\n                                        <span class=\"pxl-title--text\">\u00c7far\u00eb lloj faqeje interneti m\u00eb duhet p\u00ebr biznesin tim n\u00eb Lond\u00ebr?<\/span>\r\n                    <span class=\"pxl-icon--action\"><span class=\"pxl-icon--plus pxl-icon--gradient\"><span><\/span><\/span><\/span>                <\/h5>\r\n                <div id=\"pxl_accordion-02b14e5-3609-5b0c792\" class=\"pxl-accordion--content\" >Ne do t\u00eb punojm\u00eb me ju p\u00ebr t\u00eb kuptuar nevojat tuaja specifike dhe p\u00ebr t\u00eb krijuar nj\u00eb faqe interneti t\u00eb personalizuar q\u00eb pasqyron n\u00eb m\u00ebnyr\u00eb t\u00eb p\u00ebrsosur mark\u00ebn dhe q\u00ebllimet tuaja.<\/div>\r\n            <\/div>\r\n                    <div class=\"pxl--item active\">\r\n                <h5 class=\"pxl-accordion--title\" data-target=\"#pxl_accordion-02b14e5-3609-74758e3\">\r\n                    <div class=\"pxl-title--number pxl-empty\">09<\/div>\r\n                                        <span class=\"pxl-title--text\">A do t\u00eb m\u00eb ndihmoj\u00eb nj\u00eb faqe interneti t\u00eb dallohem nga konkurrent\u00ebt e mi n\u00eb Lond\u00ebr?<\/span>\r\n                    <span class=\"pxl-icon--action\"><span class=\"pxl-icon--plus pxl-icon--gradient\"><span><\/span><\/span><\/span>                <\/h5>\r\n                <div id=\"pxl_accordion-02b14e5-3609-74758e3\" class=\"pxl-accordion--content\" style=\"display: block;\">Absolutisht. Nj\u00eb faqe interneti e dizajnuar profesionalisht shfaq ofertat tuaja unike dhe identitetin e mark\u00ebs, duke ju ndihmuar t\u00eb lini nj\u00eb p\u00ebrshtypje t\u00eb paharrueshme.<\/div>\r\n            <\/div>\r\n                    <div class=\"pxl--item\">\r\n                <h5 class=\"pxl-accordion--title\" data-target=\"#pxl_accordion-02b14e5-3609-ad6f45f\">\r\n                    <div class=\"pxl-title--number pxl-empty\">10<\/div>\r\n                                        <span class=\"pxl-title--text\">Gati p\u00ebr ta \u00e7uar biznesin tim n\u00eb Lond\u00ebr online? Cili \u00ebsht\u00eb hapi tjet\u00ebr?<\/span>\r\n                    <span class=\"pxl-icon--action\"><span class=\"pxl-icon--plus pxl-icon--gradient\"><span><\/span><\/span><\/span>                <\/h5>\r\n                <div id=\"pxl_accordion-02b14e5-3609-ad6f45f\" class=\"pxl-accordion--content\" >Na kontaktoni p\u00ebr nj\u00eb bised\u00eb! Do t\u00eb diskutojm\u00eb nevojat tuaja dhe se si nj\u00eb faqe interneti mund t&#039;ju ndihmoj\u00eb t\u00eb lul\u00ebzoni n\u00eb tregun e Londr\u00ebs dhe t\u00eb rrisni t\u00eb ardhurat tuaja.<\/div>\r\n            <\/div>\r\n            <\/div>\r\n\t\t\t\t<\/div>\n\t\t\t\t<\/div>\n\t\t            <\/div>\r\n        <\/div>\r\n        \t\t\t<\/div>\n\t\t<\/section>\n\t\t            <\/div>\r\n        <\/div>\r\n        \t\t\t<\/div>\n\t\t<\/section>\n\t\t\t\t<\/div>","protected":false},"excerpt":{"rendered":"<p>Popular Questions Frequently Asked Questions 01 Why does my London business really need a website? Simple: to be seen by more customers online, 24\/7. It&#8217;s your digital shopfront in the massive London market. 02 Can a website actually boost my sales and income? Absolutely! A well-designed site attracts more customers, showcases your offerings, and makes [&hellip;]<\/p>","protected":false},"author":1,"featured_media":0,"parent":0,"menu_order":0,"comment_status":"closed","ping_status":"closed","template":"","meta":{"googlesitekit_rrm_CAowjZu7DA:productID":"","footnotes":""},"class_list":["post-1194","page","type-page","status-publish","hentry"],"_hostinger_reach_plugin_has_subscription_block":false,"_hostinger_reach_plugin_is_elementor":false,"_links":{"self":[{"href":"https:\/\/nielsentech.co.uk\/sq\/wp-json\/wp\/v2\/pages\/1194","targetHints":{"allow":["GET"]}}],"collection":[{"href":"https:\/\/nielsentech.co.uk\/sq\/wp-json\/wp\/v2\/pages"}],"about":[{"href":"https:\/\/nielsentech.co.uk\/sq\/wp-json\/wp\/v2\/types\/page"}],"author":[{"embeddable":true,"href":"https:\/\/nielsentech.co.uk\/sq\/wp-json\/wp\/v2\/users\/1"}],"replies":[{"embeddable":true,"href":"https:\/\/nielsentech.co.uk\/sq\/wp-json\/wp\/v2\/comments?post=1194"}],"version-history":[{"count":6,"href":"https:\/\/nielsentech.co.uk\/sq\/wp-json\/wp\/v2\/pages\/1194\/revisions"}],"predecessor-version":[{"id":5275,"href":"https:\/\/nielsentech.co.uk\/sq\/wp-json\/wp\/v2\/pages\/1194\/revisions\/5275"}],"wp:attachment":[{"href":"https:\/\/nielsentech.co.uk\/sq\/wp-json\/wp\/v2\/media?parent=1194"}],"curies":[{"name":"wp","href":"https:\/\/api.w.org\/{rel}","templated":true}]}}