{"id":593,"date":"2024-04-25T03:08:55","date_gmt":"2024-04-25T03:08:55","guid":{"rendered":"https:\/\/demo.casethemes.net\/proactive\/?page_id=593"},"modified":"2025-04-20T12:27:16","modified_gmt":"2025-04-20T12:27:16","slug":"ekipi-yne","status":"publish","type":"page","link":"https:\/\/nielsentech.co.uk\/sq\/ekipi-yne\/","title":{"rendered":"\u00c7far\u00eb thon\u00eb klient\u00ebt tan\u00eb"},"content":{"rendered":"<div data-elementor-type=\"wp-page\" data-elementor-id=\"593\" class=\"elementor elementor-593\">\n\t\t\t\t        <section class=\"elementor-section elementor-top-section elementor-element elementor-element-ec66cfa elementor-section-boxed elementor-section-height-default elementor-section-height-default pxl-row-scroll-none pxl-zoom-point-false pxl-section-overflow-visible pxl-section-fix-none pxl-bg-color-none pxl-section-overlay-none\" data-id=\"ec66cfa\" data-element_type=\"section\">\n\n                \n                <div class=\"elementor-container elementor-column-gap-extended\">\n                <div class=\"elementor-column elementor-col-100 elementor-top-column elementor-element elementor-element-48aabe5 pxl-column-none pxl-column-overflow-hidden-no\" data-id=\"48aabe5\" data-element_type=\"column\">\r\n        <div class=\"elementor-widget-wrap elementor-element-populated\">\r\n                     \r\n                <section class=\"elementor-section elementor-inner-section elementor-element elementor-element-48fea33 elementor-section-content-middle elementor-section-boxed elementor-section-height-default elementor-section-height-default pxl-row-scroll-none pxl-zoom-point-false pxl-section-overflow-visible pxl-section-fix-none pxl-bg-color-none pxl-section-overlay-none\" data-id=\"48fea33\" data-element_type=\"section\">\n\n                \n                <div class=\"elementor-container elementor-column-gap-extended\">\n                <div class=\"elementor-column elementor-col-50 elementor-inner-column elementor-element elementor-element-9ccc330 pxl-column-none pxl-column-overflow-hidden-no\" data-id=\"9ccc330\" data-element_type=\"column\">\r\n        <div class=\"elementor-widget-wrap elementor-element-populated\">\r\n                     \r\n        \t\t<div class=\"elementor-element elementor-element-a459fef elementor-widget elementor-widget-pxl_heading\" data-id=\"a459fef\" data-element_type=\"widget\" data-widget_type=\"pxl_heading.default\">\n\t\t\t\t<div class=\"elementor-widget-container\">\n\t\t\t\t\t\n<div id=\"pxl-pxl_heading-a459fef-6679\" class=\"pxl-heading px-sub-title-shape-style\">\n\t<div class=\"pxl-heading--inner\">\n\t\t\t\t\t<div class=\"pxl-item--subtitle px-sub-title-shape\" data-wow-delay=\"ms\">\n\t\t\t\t<span class=\"pxl-item--subtext\">\n\t\t\t\t\t\t\t\t\t\t\t<i class=\"flaticon-heading text-gradient pxl-mr-10 pxl-icon--heading\"><\/i>\n\t\t\t\t\t\t\t\t\t\t\t\t\t\t\t\t\t\t\t\t<span class=\"\">An\u00ebtari i Ekipit ton\u00eb<\/span>\n\t\t\t\t<\/span>\n\t\t\t<\/div>\n\t\t\n\t\t<h2 class=\"pxl-item--title style-default highlight-default pxl-split-text split-in-right\" data-wow-delay=\"ms\">\n\n\t\t\t<span class=\"pxl-heading--text\">\n\n\t\t\t\t\t\t\t\t\tFuqizimi i Rritjes s\u00eb Mark\u00ebs S\u00eb Bashku\t\n\t\t\t\t\t\n\n\t\t\t<\/span>\n\t\t<\/h2>\n\t\t\n\t<\/div>\n<\/div>\t\t\t\t<\/div>\n\t\t\t\t<\/div>\n\t\t            <\/div>\r\n        <\/div>\r\n                <div class=\"elementor-column elementor-col-50 elementor-inner-column elementor-element elementor-element-4efcc26 pxl-column-none pxl-column-overflow-hidden-no\" data-id=\"4efcc26\" data-element_type=\"column\">\r\n        <div class=\"elementor-widget-wrap elementor-element-populated\">\r\n                     \r\n        \t\t<div class=\"elementor-element elementor-element-d6ce79d elementor-widget__width-auto elementor-widget elementor-widget-pxl_text_editor\" data-id=\"d6ce79d\" data-element_type=\"widget\" data-widget_type=\"pxl_text_editor.default\">\n\t\t\t\t<div class=\"elementor-widget-container\">\n\t\t\t\t\t<div class=\"pxl-text-editor highlight-gradient\">\n\t<div class=\"pxl-item--inner\" data-wow-delay=\"ms\">\n\t\t<p>Vizioni juaj, ekspertiza jon\u00eb. Ekipi yn\u00eb i jasht\u00ebzakonsh\u00ebm i dizajnit dhe zhvillimit t\u00eb softuer\u00ebve i transformon idet\u00eb tuaja n\u00eb realitet, duke ju ndihmuar t\u00eb bashkoheni me list\u00ebn n\u00eb rritje t\u00eb klient\u00ebve q\u00eb e kan\u00eb par\u00eb biznesin e tyre t\u00eb rritet me shpejt\u00ebsi me ndihm\u00ebn ton\u00eb.<\/p>\t\t\n\t<\/div>\n<\/div>\t\t\t\t<\/div>\n\t\t\t\t<\/div>\n\t\t            <\/div>\r\n        <\/div>\r\n        \t\t\t<\/div>\n\t\t<\/section>\n\t\t\t\t<div class=\"elementor-element elementor-element-cf3d6d2 elementor-widget elementor-widget-pxl_team_grid\" data-id=\"cf3d6d2\" data-element_type=\"widget\" data-widget_type=\"pxl_team_grid.default\">\n\t\t\t\t<div class=\"elementor-widget-container\">\n\t\t\t\t\t    <div class=\"pxl-grid pxl-team-grid pxl-team-grid1 pxl-team-layout1\">\r\n        <div class=\"pxl-grid-inner pxl-grid-masonry row\" data-gutter=\"15\">\r\n                            <div class=\"pxl-grid-item col-xl-4 col-lg-4 col-md-6 col-sm-6 col-12\">\r\n                    <div class=\"pxl-item--inner wow fadeInUp\">\r\n                                                    <div class=\"pxl-item--image\">\r\n                                <a href=\"https:\/\/nielsentech.co.uk\/sq\/detajet-e-ekipit\/\">                                    <img fetchpriority=\"high\" decoding=\"async\" class=\"no-lazyload\" src=\"https:\/\/nielsentech.co.uk\/wp-content\/uploads\/2025\/04\/WhatsApp-Image-2025-04-15-at-23.16.28_6b788734-354x354.jpg\" width=\"354\" height=\"354\" alt=\"Allan Nielsen\" title=\"Allan Nielsen\" \/>                                <\/a>                                                                    <div class=\"pxl-item--social\">\r\n                                                                                    <a href=\"#\" target=\"_blank\"><i class=\"fab fa-facebook-f\"><\/i><\/a>\r\n                                                                                    <a href=\"#\" target=\"_blank\"><i class=\"fab fa-twitter\"><\/i><\/a>\r\n                                                                                    <a href=\"#\" target=\"_blank\"><i class=\"fab fa-linkedin-in\"><\/i><\/a>\r\n                                                                                    <a href=\"#\" target=\"_blank\"><i class=\"fab fa-instagram\"><\/i><\/a>\r\n                                                                            <\/div>\r\n                                                            <\/div>\r\n                                                <div class=\"pxl-item--holder pxl-text-center pxl-transition\">\r\n                            <h3 class=\"pxl-item--title\">Allan Nielsen<\/h3>\r\n                            <div class=\"pxl-item--position\"><span>Themelues, Drejtor Ekzekutiv<\/span><\/div>\r\n                        <\/div>\r\n                   <\/div>\r\n                <\/div>\r\n                            <div class=\"pxl-grid-item col-xl-4 col-lg-4 col-md-6 col-sm-6 col-12\">\r\n                    <div class=\"pxl-item--inner wow fadeInUp\">\r\n                                                    <div class=\"pxl-item--image\">\r\n                                <a href=\"https:\/\/nielsentech.co.uk\/sq\/detajet-e-ekipit\/\">                                    <img decoding=\"async\" class=\"no-lazyload\" src=\"https:\/\/nielsentech.co.uk\/wp-content\/uploads\/2025\/04\/video-call-online-meeting-with-friends-young-beautiful-muslim-woman-in-hijab-looking-at-camera-and-354x354.jpg\" width=\"354\" height=\"354\" alt=\"Takim online me thirrje video me miqt\u00eb, grua e re e bukur myslimane me hixhab q\u00eb shikon kamer\u00ebn dhe\" title=\"Takim online me thirrje video me miqt\u00eb, grua e re e bukur myslimane me hixhab q\u00eb shikon kamer\u00ebn dhe\" \/>                                <\/a>                                                                    <div class=\"pxl-item--social\">\r\n                                                                                    <a href=\"#\" target=\"_blank\"><i class=\"fab fa-facebook-f\"><\/i><\/a>\r\n                                                                                    <a href=\"#\" target=\"_blank\"><i class=\"fab fa-twitter\"><\/i><\/a>\r\n                                                                                    <a href=\"#\" target=\"_blank\"><i class=\"fab fa-linkedin-in\"><\/i><\/a>\r\n                                                                                    <a href=\"#\" target=\"_blank\"><i class=\"fab fa-instagram\"><\/i><\/a>\r\n                                                                            <\/div>\r\n                                                            <\/div>\r\n                                                <div class=\"pxl-item--holder pxl-text-center pxl-transition\">\r\n                            <h3 class=\"pxl-item--title\">Emma Markson<\/h3>\r\n                            <div class=\"pxl-item--position\"><span>Ekipi i Lidershipit<\/span><\/div>\r\n                        <\/div>\r\n                   <\/div>\r\n                <\/div>\r\n                            <div class=\"pxl-grid-item col-xl-4 col-lg-4 col-md-6 col-sm-6 col-12\">\r\n                    <div class=\"pxl-item--inner wow fadeInUp\">\r\n                                                    <div class=\"pxl-item--image\">\r\n                                <a href=\"https:\/\/nielsentech.co.uk\/sq\/detajet-e-ekipit\/\">                                    <img decoding=\"async\" class=\"no-lazyload\" src=\"https:\/\/nielsentech.co.uk\/wp-content\/uploads\/2025\/04\/portrait-of-confident-business-woman-in-suit-cross-arms-on-chest-looking-self-assured-in-city-354x354.jpg\" width=\"354\" height=\"354\" alt=\"Portret i nj\u00eb gruaje biznesi t\u00eb sigurt n\u00eb kostum, me krah\u00ebt e kryq\u00ebzuar n\u00eb gjoks, q\u00eb duket e sigurt n\u00eb qytet\" title=\"Portret i nj\u00eb gruaje biznesi t\u00eb sigurt n\u00eb kostum, me krah\u00ebt e kryq\u00ebzuar n\u00eb gjoks, q\u00eb duket e sigurt n\u00eb qytet\" \/>                                <\/a>                                                                    <div class=\"pxl-item--social\">\r\n                                                                                    <a href=\"#\" target=\"_blank\"><i class=\"fab fa-facebook-f\"><\/i><\/a>\r\n                                                                                    <a href=\"#\" target=\"_blank\"><i class=\"fab fa-twitter\"><\/i><\/a>\r\n                                                                                    <a href=\"#\" target=\"_blank\"><i class=\"fab fa-linkedin-in\"><\/i><\/a>\r\n                                                                                    <a href=\"#\" target=\"_blank\"><i class=\"fab fa-instagram\"><\/i><\/a>\r\n                                                                            <\/div>\r\n                                                            <\/div>\r\n                                                <div class=\"pxl-item--holder pxl-text-center pxl-transition\">\r\n                            <h3 class=\"pxl-item--title\">Kristin Watson<\/h3>\r\n                            <div class=\"pxl-item--position\"><span>Konsulent i Lart\u00eb<\/span><\/div>\r\n                        <\/div>\r\n                   <\/div>\r\n                <\/div>\r\n                            <div class=\"pxl-grid-item col-xl-4 col-lg-4 col-md-6 col-sm-6 col-12\">\r\n                    <div class=\"pxl-item--inner wow fadeInUp\">\r\n                                                    <div class=\"pxl-item--image\">\r\n                                <a href=\"https:\/\/nielsentech.co.uk\/sq\/detajet-e-ekipit\/\">                                    <img loading=\"lazy\" decoding=\"async\" class=\"no-lazyload\" src=\"https:\/\/nielsentech.co.uk\/wp-content\/uploads\/2024\/04\/team-4.png\" width=\"354\" height=\"354\" alt=\"ekipi-4\" title=\"ekipi-4\" \/>                                <\/a>                                                                    <div class=\"pxl-item--social\">\r\n                                                                                    <a href=\"#\" target=\"_blank\"><i class=\"fab fa-facebook-f\"><\/i><\/a>\r\n                                                                                    <a href=\"#\" target=\"_blank\"><i class=\"fab fa-twitter\"><\/i><\/a>\r\n                                                                                    <a href=\"#\" target=\"_blank\"><i class=\"fab fa-linkedin-in\"><\/i><\/a>\r\n                                                                                    <a href=\"#\" target=\"_blank\"><i class=\"fab fa-instagram\"><\/i><\/a>\r\n                                                                            <\/div>\r\n                                                            <\/div>\r\n                                                <div class=\"pxl-item--holder pxl-text-center pxl-transition\">\r\n                            <h3 class=\"pxl-item--title\">Eleanor Pena<\/h3>\r\n                            <div class=\"pxl-item--position\"><span>Zhvillues Uebi<\/span><\/div>\r\n                        <\/div>\r\n                   <\/div>\r\n                <\/div>\r\n                            <div class=\"pxl-grid-item col-xl-4 col-lg-4 col-md-6 col-sm-6 col-12\">\r\n                    <div class=\"pxl-item--inner wow fadeInUp\">\r\n                                                    <div class=\"pxl-item--image\">\r\n                                <a href=\"https:\/\/nielsentech.co.uk\/sq\/detajet-e-ekipit\/\">                                    <img loading=\"lazy\" decoding=\"async\" class=\"no-lazyload\" src=\"https:\/\/nielsentech.co.uk\/wp-content\/uploads\/2024\/04\/team-5.png\" width=\"354\" height=\"354\" alt=\"ekipi-5\" title=\"ekipi-5\" \/>                                <\/a>                                                                    <div class=\"pxl-item--social\">\r\n                                                                                    <a href=\"#\" target=\"_blank\"><i class=\"fab fa-facebook-f\"><\/i><\/a>\r\n                                                                                    <a href=\"#\" target=\"_blank\"><i class=\"fab fa-twitter\"><\/i><\/a>\r\n                                                                                    <a href=\"#\" target=\"_blank\"><i class=\"fab fa-linkedin-in\"><\/i><\/a>\r\n                                                                                    <a href=\"#\" target=\"_blank\"><i class=\"fab fa-instagram\"><\/i><\/a>\r\n                                                                            <\/div>\r\n                                                            <\/div>\r\n                                                <div class=\"pxl-item--holder pxl-text-center pxl-transition\">\r\n                            <h3 class=\"pxl-item--title\">Darrell Steward<\/h3>\r\n                            <div class=\"pxl-item--position\"><span>Drejtor i Marketingut<\/span><\/div>\r\n                        <\/div>\r\n                   <\/div>\r\n                <\/div>\r\n                            <div class=\"pxl-grid-item col-xl-4 col-lg-4 col-md-6 col-sm-6 col-12\">\r\n                    <div class=\"pxl-item--inner wow fadeInUp\">\r\n                                                    <div class=\"pxl-item--image\">\r\n                                <a href=\"https:\/\/nielsentech.co.uk\/sq\/detajet-e-ekipit\/\">                                    <img loading=\"lazy\" decoding=\"async\" class=\"no-lazyload\" src=\"https:\/\/nielsentech.co.uk\/wp-content\/uploads\/2024\/04\/team-6.png\" width=\"354\" height=\"354\" alt=\"ekipi-6\" title=\"ekipi-6\" \/>                                <\/a>                                                                    <div class=\"pxl-item--social\">\r\n                                                                                    <a href=\"#\" target=\"_blank\"><i class=\"fab fa-facebook-f\"><\/i><\/a>\r\n                                                                                    <a href=\"#\" target=\"_blank\"><i class=\"fab fa-twitter\"><\/i><\/a>\r\n                                                                                    <a href=\"#\" target=\"_blank\"><i class=\"fab fa-linkedin-in\"><\/i><\/a>\r\n                                                                                    <a href=\"#\" target=\"_blank\"><i class=\"fab fa-instagram\"><\/i><\/a>\r\n                                                                            <\/div>\r\n                                                            <\/div>\r\n                                                <div class=\"pxl-item--holder pxl-text-center pxl-transition\">\r\n                            <h3 class=\"pxl-item--title\">Ronald Richards<\/h3>\r\n                            <div class=\"pxl-item--position\"><span>Konsulent\u00eb Ekzekutiv\u00eb<\/span><\/div>\r\n                        <\/div>\r\n                   <\/div>\r\n                <\/div>\r\n                        <div class=\"grid-sizer col-xl-4 col-lg-4 col-md-6 col-sm-6 col-12\"><\/div>\r\n        <\/div>\r\n    <\/div>\r\n\t\t\t\t<\/div>\n\t\t\t\t<\/div>\n\t\t            <\/div>\r\n        <\/div>\r\n        \t\t\t<\/div>\n\t\t<\/section>\n\t\t        <section class=\"elementor-section elementor-top-section elementor-element elementor-element-45661a9 elementor-section-boxed elementor-section-height-default elementor-section-height-default pxl-row-scroll-none pxl-zoom-point-false pxl-section-overflow-visible pxl-section-fix-none pxl-bg-color-none pxl-section-overlay-none\" data-id=\"45661a9\" data-element_type=\"section\">\n\n                \n                <div class=\"elementor-container elementor-column-gap-extended\">\n                <div class=\"elementor-column elementor-col-100 elementor-top-column elementor-element elementor-element-1f97eed pxl-column-none pxl-column-overflow-hidden-no\" data-id=\"1f97eed\" data-element_type=\"column\">\r\n        <div class=\"elementor-widget-wrap elementor-element-populated\">\r\n                     \r\n        \t\t<div class=\"elementor-element elementor-element-4a01b63 elementor-widget elementor-widget-pxl_text_editor\" data-id=\"4a01b63\" data-element_type=\"widget\" data-widget_type=\"pxl_text_editor.default\">\n\t\t\t\t<div class=\"elementor-widget-container\">\n\t\t\t\t\t<div class=\"pxl-text-editor highlight-gradient\">\n\t<div class=\"pxl-item--inner\" data-wow-delay=\"ms\">\n\t\tBashkohuni me mbi 27,000 <strong>kompanit\u00eb q\u00eb kan\u00eb arritur<\/strong>\t\t\n\t<\/div>\n<\/div>\t\t\t\t<\/div>\n\t\t\t\t<\/div>\n\t\t\t\t<div class=\"elementor-element elementor-element-9934866 elementor-widget elementor-widget-pxl_partner_carousel\" data-id=\"9934866\" data-element_type=\"widget\" data-widget_type=\"pxl_partner_carousel.default\">\n\t\t\t\t<div class=\"elementor-widget-container\">\n\t\t\t\t\t    <div class=\"pxl-swiper-slider pxl-partner-carousel pxl-partner-carousel1\">\n        <div class=\"pxl-carousel-inner\">\n            <div class=\"pxl-swiper-container\" dir=\"ltr\" data-settings=\"{&quot;slide_direction&quot;:&quot;horizontal&quot;,&quot;slide_percolumn&quot;:1,&quot;slide_mode&quot;:&quot;slide&quot;,&quot;slides_to_show&quot;:5,&quot;slides_to_show_xxl&quot;:5,&quot;slides_to_show_lg&quot;:4,&quot;slides_to_show_md&quot;:4,&quot;slides_to_show_sm&quot;:3,&quot;slides_to_show_xs&quot;:2,&quot;slides_to_scroll&quot;:1,&quot;arrow&quot;:false,&quot;pagination&quot;:false,&quot;pagination_type&quot;:&quot;bullets&quot;,&quot;autoplay&quot;:false,&quot;pause_on_hover&quot;:false,&quot;pause_on_interaction&quot;:true,&quot;delay&quot;:5000,&quot;loop&quot;:true,&quot;speed&quot;:500}\">\n                <div class=\"pxl-swiper-wrapper\">\n                                            <div class=\"pxl-swiper-slide\">\n                            <div class=\"pxl-item--inner\" data-wow-delay=\"ms\">\n                                                                     <div class=\"pxl-item--logo\">\n                                        <a href=\"#\"><img loading=\"lazy\" decoding=\"async\" width=\"500\" height=\"500\" src=\"https:\/\/nielsentech.co.uk\/wp-content\/uploads\/2025\/04\/borcelle-Photoroom-1.png\" class=\"no-lazyload attachment-full\" alt=\"\" srcset=\"https:\/\/nielsentech.co.uk\/wp-content\/uploads\/2025\/04\/borcelle-Photoroom-1.png 500w, https:\/\/nielsentech.co.uk\/wp-content\/uploads\/2025\/04\/borcelle-Photoroom-1-300x300.png 300w, https:\/\/nielsentech.co.uk\/wp-content\/uploads\/2025\/04\/borcelle-Photoroom-1-150x150.png 150w\" sizes=\"(max-width: 500px) 100vw, 500px\" \/><\/a>\n                                    <\/div>\n                                                           <\/div>\n                        <\/div>\n                                            <div class=\"pxl-swiper-slide\">\n                            <div class=\"pxl-item--inner\" data-wow-delay=\"ms\">\n                                                                     <div class=\"pxl-item--logo\">\n                                        <a href=\"#\"><img loading=\"lazy\" decoding=\"async\" width=\"720\" height=\"190\" src=\"https:\/\/nielsentech.co.uk\/wp-content\/uploads\/2025\/04\/result.png\" class=\"no-lazyload attachment-full\" alt=\"\" srcset=\"https:\/\/nielsentech.co.uk\/wp-content\/uploads\/2025\/04\/result.png 720w, https:\/\/nielsentech.co.uk\/wp-content\/uploads\/2025\/04\/result-300x79.png 300w, https:\/\/nielsentech.co.uk\/wp-content\/uploads\/2025\/04\/result-600x158.png 600w\" sizes=\"(max-width: 720px) 100vw, 720px\" \/><\/a>\n                                    <\/div>\n                                                           <\/div>\n                        <\/div>\n                                            <div class=\"pxl-swiper-slide\">\n                            <div class=\"pxl-item--inner\" data-wow-delay=\"ms\">\n                                                                     <div class=\"pxl-item--logo\">\n                                        <a href=\"#\"><img loading=\"lazy\" decoding=\"async\" width=\"720\" height=\"204\" src=\"https:\/\/nielsentech.co.uk\/wp-content\/uploads\/2025\/04\/result-1.png\" class=\"no-lazyload attachment-full\" alt=\"\" srcset=\"https:\/\/nielsentech.co.uk\/wp-content\/uploads\/2025\/04\/result-1.png 720w, https:\/\/nielsentech.co.uk\/wp-content\/uploads\/2025\/04\/result-1-300x85.png 300w, https:\/\/nielsentech.co.uk\/wp-content\/uploads\/2025\/04\/result-1-600x170.png 600w\" sizes=\"(max-width: 720px) 100vw, 720px\" \/><\/a>\n                                    <\/div>\n                                                           <\/div>\n                        <\/div>\n                                            <div class=\"pxl-swiper-slide\">\n                            <div class=\"pxl-item--inner\" data-wow-delay=\"ms\">\n                                                                     <div class=\"pxl-item--logo\">\n                                        <a href=\"#\"><img loading=\"lazy\" decoding=\"async\" width=\"229\" height=\"117\" src=\"https:\/\/nielsentech.co.uk\/wp-content\/uploads\/2024\/04\/partner-4.png\" class=\"no-lazyload attachment-full\" alt=\"\" \/><\/a>\n                                    <\/div>\n                                                           <\/div>\n                        <\/div>\n                                            <div class=\"pxl-swiper-slide\">\n                            <div class=\"pxl-item--inner\" data-wow-delay=\"ms\">\n                                                                     <div class=\"pxl-item--logo\">\n                                        <a href=\"#\"><img loading=\"lazy\" decoding=\"async\" width=\"229\" height=\"117\" src=\"https:\/\/nielsentech.co.uk\/wp-content\/uploads\/2024\/04\/partner-5.png\" class=\"no-lazyload attachment-full\" alt=\"\" \/><\/a>\n                                    <\/div>\n                                                           <\/div>\n                        <\/div>\n                                    <\/div>\n            <\/div>\n            \n            \n                        \n        <\/div>\n    <\/div>\n\t\t\t\t<\/div>\n\t\t\t\t<\/div>\n\t\t            <\/div>\r\n        <\/div>\r\n        \t\t\t<\/div>\n\t\t<\/section>\n\t\t\t\t<\/div>","protected":false},"excerpt":{"rendered":"<p>Our Team Member Empowering Brand Growth Together Your vision, our expertise. Our exceptional software design and development team transforms your ideas into reality, helping you join the growing list of clients who&#8217;ve seen their business skyrocket with our help. Allan Nielsen Founder CEO Emma Markson Leadership Team Kristin Watson Senior Consultant Eleanor Pena Web Developer [&hellip;]<\/p>","protected":false},"author":1,"featured_media":0,"parent":0,"menu_order":0,"comment_status":"closed","ping_status":"closed","template":"","meta":{"googlesitekit_rrm_CAowjZu7DA:productID":"","footnotes":""},"class_list":["post-593","page","type-page","status-publish","hentry"],"_hostinger_reach_plugin_has_subscription_block":false,"_hostinger_reach_plugin_is_elementor":false,"_links":{"self":[{"href":"https:\/\/nielsentech.co.uk\/sq\/wp-json\/wp\/v2\/pages\/593","targetHints":{"allow":["GET"]}}],"collection":[{"href":"https:\/\/nielsentech.co.uk\/sq\/wp-json\/wp\/v2\/pages"}],"about":[{"href":"https:\/\/nielsentech.co.uk\/sq\/wp-json\/wp\/v2\/types\/page"}],"author":[{"embeddable":true,"href":"https:\/\/nielsentech.co.uk\/sq\/wp-json\/wp\/v2\/users\/1"}],"replies":[{"embeddable":true,"href":"https:\/\/nielsentech.co.uk\/sq\/wp-json\/wp\/v2\/comments?post=593"}],"version-history":[{"count":7,"href":"https:\/\/nielsentech.co.uk\/sq\/wp-json\/wp\/v2\/pages\/593\/revisions"}],"predecessor-version":[{"id":5361,"href":"https:\/\/nielsentech.co.uk\/sq\/wp-json\/wp\/v2\/pages\/593\/revisions\/5361"}],"wp:attachment":[{"href":"https:\/\/nielsentech.co.uk\/sq\/wp-json\/wp\/v2\/media?parent=593"}],"curies":[{"name":"wp","href":"https:\/\/api.w.org\/{rel}","templated":true}]}}