{"id":1178,"date":"2024-05-01T14:45:02","date_gmt":"2024-05-01T14:45:02","guid":{"rendered":"https:\/\/demo.casethemes.net\/proactive\/?page_id=1178"},"modified":"2024-05-01T14:45:02","modified_gmt":"2024-05-01T14:45:02","slug":"blogg-rutnat","status":"publish","type":"page","link":"https:\/\/nielsentech.co.uk\/sv\/blogg-rutnat\/","title":{"rendered":"Bloggn\u00e4tverk"},"content":{"rendered":"<div data-elementor-type=\"wp-page\" data-elementor-id=\"1178\" class=\"elementor elementor-1178\">\n\t\t\t\t        <section class=\"elementor-section elementor-top-section elementor-element elementor-element-abb4b21 elementor-section-boxed elementor-section-height-default elementor-section-height-default pxl-row-scroll-none pxl-zoom-point-false pxl-section-overflow-visible pxl-section-fix-none pxl-bg-color-none pxl-section-overlay-none\" data-id=\"abb4b21\" data-element_type=\"section\">\n\n                \n                <div class=\"elementor-container elementor-column-gap-extended\">\n                <div class=\"elementor-column elementor-col-100 elementor-top-column elementor-element elementor-element-24ae29c pxl-column-none pxl-column-overflow-hidden-no\" data-id=\"24ae29c\" data-element_type=\"column\">\r\n        <div class=\"elementor-widget-wrap elementor-element-populated\">\r\n                     \r\n        \t\t<div class=\"elementor-element elementor-element-2386e36 pxl-post-layout-post-1 elementor-widget elementor-widget-pxl_post_grid\" data-id=\"2386e36\" data-element_type=\"widget\" data-widget_type=\"pxl_post_grid.default\">\n\t\t\t\t<div class=\"elementor-widget-container\">\n\t\t\t\t\t\n<div id=\"pxl_post_grid-2386e36-7098\" class=\"pxl-grid pxl-blog-grid pxl-blog-grid-layout1 pxl-blog-style1\" data-start-page=\"1\" data-max-pages=\"1\" data-total=\"6\" data-perpage=\"6\" data-next-link=\"\" data-loadmore=\"{&quot;tax&quot;:[&quot;category&quot;],&quot;post_type&quot;:&quot;post&quot;,&quot;layout&quot;:&quot;post-1&quot;,&quot;startPage&quot;:1,&quot;maxPages&quot;:1,&quot;total&quot;:6,&quot;filter&quot;:&quot;false&quot;,&quot;filter_type&quot;:&quot;normal&quot;,&quot;perpage&quot;:&quot;6&quot;,&quot;nextLink&quot;:&quot;&quot;,&quot;source&quot;:&quot;&quot;,&quot;orderby&quot;:&quot;date&quot;,&quot;order&quot;:&quot;desc&quot;,&quot;limit&quot;:&quot;6&quot;,&quot;post_ids&quot;:[],&quot;col_xl&quot;:4,&quot;col_lg&quot;:4,&quot;col_md&quot;:6,&quot;col_sm&quot;:6,&quot;col_xs&quot;:12,&quot;pagination_type&quot;:&quot;pagination&quot;,&quot;show_date&quot;:&quot;true&quot;,&quot;show_comment&quot;:&quot;true&quot;,&quot;show_author&quot;:&quot;true&quot;,&quot;show_button&quot;:&quot;&quot;,&quot;button_text&quot;:&quot;&quot;,&quot;show_excerpt&quot;:&quot;true&quot;,&quot;num_words&quot;:12,&quot;img_size&quot;:&quot;&quot;,&quot;grid_masonry&quot;:&quot;&quot;,&quot;pxl_animate&quot;:&quot;&quot;}\">\n    \n    <div class=\"pxl-grid-inner pxl-grid-masonry row\" data-gutter=\"15\">\n                    <div class=\"pxl-grid-item col-xl-4 col-lg-4 col-md-6 col-sm-6 col-12 branding\">\n                <div class=\"pxl-post--inner\" data-wow-duration=\"1.2s\">\n                                            <div class=\"pxl-post--featured hover-imge-effect2\">\n                            <a href=\"https:\/\/nielsentech.co.uk\/sv\/webbdesignbyra\/\"><img fetchpriority=\"high\" decoding=\"async\" class=\"\" src=\"https:\/\/nielsentech.co.uk\/wp-content\/uploads\/2025\/04\/online-meeting-with-client-600x438.jpg\" width=\"600\" height=\"438\" alt=\"Online-m\u00f6te med kunden\" title=\"Online-m\u00f6te med kunden\" \/><\/a>\n                                                    <\/div>\n                                        <h3 class=\"pxl-post--title\"><a href=\"https:\/\/nielsentech.co.uk\/sv\/webbdesignbyra\/\">Lyft ditt f\u00f6retag i London med Nielsen Techs l\u00f6sningar f\u00f6r digital n\u00e4rvaro<\/a><\/h3>\n                    <div class=\"pxl-post--meta\">\n                                                    <div class=\"pxl-post--author pxl-mr-10\">\n                                <i class=\"flaticon-user text-gradient pxl-mr-7\"><\/i>\n                                by&nbsp;                            <\/div>\n                                                                            <div class=\"pxl-item--comment pxl-mr-10\">\n                                <i class=\"flaticon-chat text-gradient pxl-mr-7\"><\/i>\n                                <a href=\"https:\/\/nielsentech.co.uk\/sv\/webbdesignbyra\/#comments\">\n                                    No Comments                                <\/a>\n                            <\/div>\n                                                                            <div class=\"pxl-post--date pxl-mr-10\">\n                                <i class=\"flaticon-calendar text-gradient pxl-mr-7\"><\/i>\n                                26 apr\/25        \n                            <\/div>\n                                            <\/div>\n                                            <div class=\"pxl-post--content\">\n                            We have over 100 professional software engineers with over 10 years of&hellip;                        <\/div>\n                                                        <\/div>\n            <\/div>\n                    <div class=\"pxl-grid-item col-xl-4 col-lg-4 col-md-6 col-sm-6 col-12 branding\">\n                <div class=\"pxl-post--inner\" data-wow-duration=\"1.2s\">\n                                            <div class=\"pxl-post--featured hover-imge-effect2\">\n                            <a href=\"https:\/\/nielsentech.co.uk\/sv\/whatever-the-service-youre-looking-for-well-help-you-find-a-professional-for-the-job\/\"><img decoding=\"async\" class=\"\" src=\"https:\/\/nielsentech.co.uk\/wp-content\/uploads\/2024\/04\/post-3-600x438.jpg\" width=\"600\" height=\"438\" alt=\"post-3\" title=\"post-3\" \/><\/a>\n                                                            <a href=\"https:\/\/youtu.be\/F6KjLEEnpTc?feature=shared\" class=\"post-button-video pxl-action-popup\"><i class=\"caseicon-play1\"><\/i><\/a>\n                                                    <\/div>\n                                        <h3 class=\"pxl-post--title\"><a href=\"https:\/\/nielsentech.co.uk\/sv\/whatever-the-service-youre-looking-for-well-help-you-find-a-professional-for-the-job\/\">Starta butik online fr\u00e5n din padda i London: Driva din egen verksamhet fr\u00e5n hj\u00e4rtat av huvudstaden<\/a><\/h3>\n                    <div class=\"pxl-post--meta\">\n                                                    <div class=\"pxl-post--author pxl-mr-10\">\n                                <i class=\"flaticon-user text-gradient pxl-mr-7\"><\/i>\n                                by&nbsp;                            <\/div>\n                                                                            <div class=\"pxl-item--comment pxl-mr-10\">\n                                <i class=\"flaticon-chat text-gradient pxl-mr-7\"><\/i>\n                                <a href=\"https:\/\/nielsentech.co.uk\/sv\/whatever-the-service-youre-looking-for-well-help-you-find-a-professional-for-the-job\/#comments\">\n                                    No Comments                                <\/a>\n                            <\/div>\n                                                                            <div class=\"pxl-post--date pxl-mr-10\">\n                                <i class=\"flaticon-calendar text-gradient pxl-mr-7\"><\/i>\n                                26 apr\/25        \n                            <\/div>\n                                            <\/div>\n                                            <div class=\"pxl-post--content\">\n                            We have over 100 professional software engineers with over 10 years of&hellip;                        <\/div>\n                                                        <\/div>\n            <\/div>\n                    <div class=\"pxl-grid-item col-xl-4 col-lg-4 col-md-6 col-sm-6 col-12 business\">\n                <div class=\"pxl-post--inner\" data-wow-duration=\"1.2s\">\n                                            <div class=\"pxl-post--featured hover-imge-effect2\">\n                            <a href=\"https:\/\/nielsentech.co.uk\/sv\/basta-mangsidiga-wordpress-temat-for-foretag\/\"><img decoding=\"async\" class=\"\" src=\"https:\/\/nielsentech.co.uk\/wp-content\/uploads\/2025\/04\/three-best-friends-touring-the-london-600x438.jpg\" width=\"600\" height=\"438\" alt=\"Tre b\u00e4sta v\u00e4nner p\u00e5 rundtur i London\" title=\"Tre b\u00e4sta v\u00e4nner p\u00e5 rundtur i London\" \/><\/a>\n                                                    <\/div>\n                                        <h3 class=\"pxl-post--title\"><a href=\"https:\/\/nielsentech.co.uk\/sv\/basta-mangsidiga-wordpress-temat-for-foretag\/\">Toppa din webbplats: Hitta den b\u00e4sta multifunktionella WordPress f\u00f6r ditt f\u00f6retag i London<\/a><\/h3>\n                    <div class=\"pxl-post--meta\">\n                                                    <div class=\"pxl-post--author pxl-mr-10\">\n                                <i class=\"flaticon-user text-gradient pxl-mr-7\"><\/i>\n                                by&nbsp;                            <\/div>\n                                                                            <div class=\"pxl-item--comment pxl-mr-10\">\n                                <i class=\"flaticon-chat text-gradient pxl-mr-7\"><\/i>\n                                <a href=\"https:\/\/nielsentech.co.uk\/sv\/basta-mangsidiga-wordpress-temat-for-foretag\/#comments\">\n                                    No Comments                                <\/a>\n                            <\/div>\n                                                                            <div class=\"pxl-post--date pxl-mr-10\">\n                                <i class=\"flaticon-calendar text-gradient pxl-mr-7\"><\/i>\n                                26 apr\/25        \n                            <\/div>\n                                            <\/div>\n                                            <div class=\"pxl-post--content\">\n                            We have over 100 professional software engineers with over 10 years of&hellip;                        <\/div>\n                                                        <\/div>\n            <\/div>\n                    <div class=\"pxl-grid-item col-xl-4 col-lg-4 col-md-6 col-sm-6 col-12 development\">\n                <div class=\"pxl-post--inner\" data-wow-duration=\"1.2s\">\n                                            <div class=\"pxl-post--featured hover-imge-effect2\">\n                            <a href=\"https:\/\/nielsentech.co.uk\/sv\/okningen-av-mikroogonblick-som-skapar-digitala-upplevelser\/\"><img loading=\"lazy\" decoding=\"async\" class=\"\" src=\"https:\/\/nielsentech.co.uk\/wp-content\/uploads\/2025\/04\/barista-at-work-skillfully-crafting-the-perfect-coffee-experience-in-a-warm-cozy-cafe-600x438.jpg\" width=\"600\" height=\"438\" alt=\"Barista arbetar skickligt med att skapa den perfekta kaffeupplevelsen p\u00e5 ett varmt, mysigt kaf\u00e9\" title=\"Barista arbetar skickligt med att skapa den perfekta kaffeupplevelsen p\u00e5 ett varmt, mysigt kaf\u00e9\" \/><\/a>\n                                                    <\/div>\n                                        <h3 class=\"pxl-post--title\"><a href=\"https:\/\/nielsentech.co.uk\/sv\/okningen-av-mikroogonblick-som-skapar-digitala-upplevelser\/\">\u00d6kningen av mikro\u00f6gonblick: Att skapa digitala upplevelser som vinner<\/a><\/h3>\n                    <div class=\"pxl-post--meta\">\n                                                    <div class=\"pxl-post--author pxl-mr-10\">\n                                <i class=\"flaticon-user text-gradient pxl-mr-7\"><\/i>\n                                by&nbsp;                            <\/div>\n                                                                            <div class=\"pxl-item--comment pxl-mr-10\">\n                                <i class=\"flaticon-chat text-gradient pxl-mr-7\"><\/i>\n                                <a href=\"https:\/\/nielsentech.co.uk\/sv\/okningen-av-mikroogonblick-som-skapar-digitala-upplevelser\/#comments\">\n                                    No Comments                                <\/a>\n                            <\/div>\n                                                                            <div class=\"pxl-post--date pxl-mr-10\">\n                                <i class=\"flaticon-calendar text-gradient pxl-mr-7\"><\/i>\n                                26 apr\/25        \n                            <\/div>\n                                            <\/div>\n                                            <div class=\"pxl-post--content\">\n                            We have over 100 professional software engineers with over 10 years of&hellip;                        <\/div>\n                                                        <\/div>\n            <\/div>\n                    <div class=\"pxl-grid-item col-xl-4 col-lg-4 col-md-6 col-sm-6 col-12 web-design\">\n                <div class=\"pxl-post--inner\" data-wow-duration=\"1.2s\">\n                                            <div class=\"pxl-post--featured hover-imge-effect2\">\n                            <a href=\"https:\/\/nielsentech.co.uk\/sv\/web-design-agency-2\/\"><img loading=\"lazy\" decoding=\"async\" class=\"\" src=\"https:\/\/nielsentech.co.uk\/wp-content\/uploads\/2024\/04\/post-8-600x438.jpg\" width=\"600\" height=\"438\" alt=\"post-8\" title=\"post-8\" \/><\/a>\n                                                    <\/div>\n                                        <h3 class=\"pxl-post--title\"><a href=\"https:\/\/nielsentech.co.uk\/sv\/web-design-agency-2\/\">Utforma \u00f6vertygande kampanjer f\u00f6r maximal effekt: Att omvandla uppm\u00e4rksamhet till handling<\/a><\/h3>\n                    <div class=\"pxl-post--meta\">\n                                                    <div class=\"pxl-post--author pxl-mr-10\">\n                                <i class=\"flaticon-user text-gradient pxl-mr-7\"><\/i>\n                                by&nbsp;                            <\/div>\n                                                                            <div class=\"pxl-item--comment pxl-mr-10\">\n                                <i class=\"flaticon-chat text-gradient pxl-mr-7\"><\/i>\n                                <a href=\"https:\/\/nielsentech.co.uk\/sv\/web-design-agency-2\/#comments\">\n                                    No Comments                                <\/a>\n                            <\/div>\n                                                                            <div class=\"pxl-post--date pxl-mr-10\">\n                                <i class=\"flaticon-calendar text-gradient pxl-mr-7\"><\/i>\n                                26 apr\/25        \n                            <\/div>\n                                            <\/div>\n                                            <div class=\"pxl-post--content\">\n                            We have over 100 professional software engineers with over 10 years of&hellip;                        <\/div>\n                                                        <\/div>\n            <\/div>\n                    <div class=\"pxl-grid-item col-xl-4 col-lg-4 col-md-6 col-sm-6 col-12 business\">\n                <div class=\"pxl-post--inner\" data-wow-duration=\"1.2s\">\n                                            <div class=\"pxl-post--featured hover-imge-effect2\">\n                            <a href=\"https:\/\/nielsentech.co.uk\/sv\/expert-pa-webbdesign\/\"><img loading=\"lazy\" decoding=\"async\" class=\"\" src=\"https:\/\/nielsentech.co.uk\/wp-content\/uploads\/2024\/04\/post-2-600x438.jpg\" width=\"600\" height=\"438\" alt=\"post-2\" title=\"post-2\" \/><\/a>\n                                                    <\/div>\n                                        <h3 class=\"pxl-post--title\"><a href=\"https:\/\/nielsentech.co.uk\/sv\/expert-pa-webbdesign\/\">Grundl\u00e4ggande regler f\u00f6r att driva agenturverksamhet<\/a><\/h3>\n                    <div class=\"pxl-post--meta\">\n                                                    <div class=\"pxl-post--author pxl-mr-10\">\n                                <i class=\"flaticon-user text-gradient pxl-mr-7\"><\/i>\n                                by&nbsp;                            <\/div>\n                                                                            <div class=\"pxl-item--comment pxl-mr-10\">\n                                <i class=\"flaticon-chat text-gradient pxl-mr-7\"><\/i>\n                                <a href=\"https:\/\/nielsentech.co.uk\/sv\/expert-pa-webbdesign\/#comments\">\n                                    No Comments                                <\/a>\n                            <\/div>\n                                                                            <div class=\"pxl-post--date pxl-mr-10\">\n                                <i class=\"flaticon-calendar text-gradient pxl-mr-7\"><\/i>\n                                26 mar\/25        \n                            <\/div>\n                                            <\/div>\n                                            <div class=\"pxl-post--content\">\n                            We have over 100 professional software engineers with over 10 years of&hellip;                        <\/div>\n                                                        <\/div>\n            <\/div>\n                <div class=\"grid-sizer col-xl-4 col-lg-4 col-md-6 col-sm-6 col-12\"><\/div>\n        \n    <\/div>\n            <div class=\"pxl-grid-pagination\">\n                    <\/div>\n        <\/div>\t\t\t\t<\/div>\n\t\t\t\t<\/div>\n\t\t            <\/div>\r\n        <\/div>\r\n        \t\t\t<\/div>\n\t\t<\/section>\n\t\t\t\t<\/div>","protected":false},"excerpt":{"rendered":"<p>The Best Customers Say About Agencium by&nbsp;John Smith No Comments 26 Apr\/24 We have over 100 professional software engineers with over 10 years of&hellip; Basic Rules of Running Agency business by&nbsp;John Smith No Comments 26 Apr\/24 We have over 100 professional software engineers with over 10 years of&hellip; Documents Required for Business Analysis by&nbsp;John Smith [&hellip;]<\/p>","protected":false},"author":1,"featured_media":0,"parent":0,"menu_order":0,"comment_status":"closed","ping_status":"closed","template":"","meta":{"googlesitekit_rrm_CAowjZu7DA:productID":"","footnotes":""},"class_list":["post-1178","page","type-page","status-publish","hentry"],"_hostinger_reach_plugin_has_subscription_block":false,"_hostinger_reach_plugin_is_elementor":false,"_links":{"self":[{"href":"https:\/\/nielsentech.co.uk\/sv\/wp-json\/wp\/v2\/pages\/1178","targetHints":{"allow":["GET"]}}],"collection":[{"href":"https:\/\/nielsentech.co.uk\/sv\/wp-json\/wp\/v2\/pages"}],"about":[{"href":"https:\/\/nielsentech.co.uk\/sv\/wp-json\/wp\/v2\/types\/page"}],"author":[{"embeddable":true,"href":"https:\/\/nielsentech.co.uk\/sv\/wp-json\/wp\/v2\/users\/1"}],"replies":[{"embeddable":true,"href":"https:\/\/nielsentech.co.uk\/sv\/wp-json\/wp\/v2\/comments?post=1178"}],"version-history":[{"count":0,"href":"https:\/\/nielsentech.co.uk\/sv\/wp-json\/wp\/v2\/pages\/1178\/revisions"}],"wp:attachment":[{"href":"https:\/\/nielsentech.co.uk\/sv\/wp-json\/wp\/v2\/media?parent=1178"}],"curies":[{"name":"wp","href":"https:\/\/api.w.org\/{rel}","templated":true}]}}