{"id":1196,"date":"2024-05-01T14:49:17","date_gmt":"2024-05-01T14:49:17","guid":{"rendered":"https:\/\/demo.casethemes.net\/proactive\/?page_id=1196"},"modified":"2025-04-22T13:55:08","modified_gmt":"2025-04-22T13:55:08","slug":"vittnesmal","status":"publish","type":"page","link":"https:\/\/nielsentech.co.uk\/sv\/vittnesmal\/","title":{"rendered":"Vad v\u00e5ra kunder s\u00e4ger"},"content":{"rendered":"<div data-elementor-type=\"wp-page\" data-elementor-id=\"1196\" class=\"elementor elementor-1196\">\n\t\t\t\t        <section class=\"elementor-section elementor-top-section elementor-element elementor-element-9016673 elementor-section-boxed elementor-section-height-default elementor-section-height-default pxl-row-scroll-none pxl-zoom-point-false pxl-section-overflow-visible pxl-section-fix-none pxl-bg-color-none pxl-section-overlay-none\" data-id=\"9016673\" data-element_type=\"section\">\n\n                \n                <div class=\"elementor-container elementor-column-gap-extended\">\n                <div class=\"elementor-column elementor-col-100 elementor-top-column elementor-element elementor-element-ee54d6c pxl-column-none pxl-column-overflow-hidden-no\" data-id=\"ee54d6c\" data-element_type=\"column\">\r\n        <div class=\"elementor-widget-wrap elementor-element-populated\">\r\n                     \r\n        \t\t<div class=\"elementor-element elementor-element-715b64fe elementor-widget elementor-widget-pxl_heading\" data-id=\"715b64fe\" data-element_type=\"widget\" data-widget_type=\"pxl_heading.default\">\n\t\t\t\t<div class=\"elementor-widget-container\">\n\t\t\t\t\t\n<div id=\"pxl-pxl_heading-715b64fe-4135\" class=\"pxl-heading px-sub-title-shape-style\">\n\t<div class=\"pxl-heading--inner\">\n\t\t\t\t\t<div class=\"pxl-item--subtitle px-sub-title-shape\" data-wow-delay=\"ms\">\n\t\t\t\t<span class=\"pxl-item--subtext\">\n\t\t\t\t\t\t\t\t\t\t\t<i class=\"flaticon-heading text-gradient pxl-mr-10 pxl-icon--heading\"><\/i>\n\t\t\t\t\t\t\t\t\t\t\t\t\t\t\t\t\t\t\t\t<span class=\"\">V\u00e5ra kunder <\/span>\n\t\t\t\t<\/span>\n\t\t\t<\/div>\n\t\t\n\t\t<h2 class=\"pxl-item--title style-default highlight-default pxl-split-text split-in-right\" data-wow-delay=\"ms\">\n\n\t\t\t<span class=\"pxl-heading--text\">\n\n\t\t\t\t\t\t\t\t\tS\u00e4g om v\u00e5ra tj\u00e4nster\t\n\t\t\t\t\t\n\n\t\t\t<\/span>\n\t\t<\/h2>\n\t\t\n\t<\/div>\n<\/div>\t\t\t\t<\/div>\n\t\t\t\t<\/div>\n\t\t\t\t<div class=\"elementor-element elementor-element-a71dd6c elementor-widget elementor-widget-pxl_testimonial_grid\" data-id=\"a71dd6c\" data-element_type=\"widget\" data-widget_type=\"pxl_testimonial_grid.default\">\n\t\t\t\t<div class=\"elementor-widget-container\">\n\t\t\t\t\t    <div class=\"pxl-grid pxl-testimonial-grid pxl-testimonial-grid1\">\r\n        <div class=\"pxl-grid-inner pxl-grid-masonry row\" data-gutter=\"15\">\r\n                            <div class=\"pxl-grid-item col-xl-6 col-lg-6 col-md-6 col-sm-12 col-12\">\r\n                    <div class=\"pxl-item--inner wow PXLfadeInUp\">\r\n                        <div class=\"pxl-item--star\">\r\n                            <span class=\"pxl-star--inner text-gradient\">\r\n                                <i class=\"flaticon-star\"><\/i>\r\n                                <i class=\"flaticon-star\"><\/i>\r\n                                <i class=\"flaticon-star\"><\/i>\r\n                                <i class=\"flaticon-star\"><\/i>\r\n                                <i class=\"flaticon-star\"><\/i>\r\n                            <\/span>\r\n                        <\/div>\r\n                        <div class=\"pxl-item--desc el-empty\">\"Helt bortbl\u00e5st av professionalismen och expertisen hos det h\u00e4r teamet. De f\u00f6rvandlade v\u00e5r f\u00f6r\u00e5ldrade webbplats till en modern, h\u00f6gpresterande plattform som har \u00f6kat v\u00e5r trafik och v\u00e5rt engagemang avsev\u00e4rt. Rekommenderar starkt!\"<\/div>\r\n                        <div class=\"pxl-item--divider\"><\/div>\r\n                        <div class=\"pxl-item--holder\">\r\n                                                            <div class=\"pxl-item--avatar pxl-mr-18\">\r\n                                    <img decoding=\"async\" class=\"no-lazyload\" src=\"https:\/\/nielsentech.co.uk\/wp-content\/uploads\/2024\/04\/testimonial-1-128x128.jpg\" width=\"128\" height=\"128\" alt=\"vittnesm\u00e5l-1\" title=\"vittnesm\u00e5l-1\" \/>                                <\/div>\r\n                                                        <div class=\"pxl-item--meta pxl-mr-20\">\r\n                                <h6 class=\"pxl-item--title el-empty\">Linda<\/h6>\r\n                                                                    <div class=\"pxl-item--position\">Senior direkt\u00f6r<\/div>\r\n                                                            <\/div>\r\n                            <div class=\"pxl-item--icon\"><i class=\"flaticon-quote-2 text-gradient\"><\/i><\/div>\r\n                        <\/div>\r\n                   <\/div>\r\n                <\/div>\r\n                            <div class=\"pxl-grid-item col-xl-6 col-lg-6 col-md-6 col-sm-12 col-12\">\r\n                    <div class=\"pxl-item--inner wow PXLfadeInUp\">\r\n                        <div class=\"pxl-item--star\">\r\n                            <span class=\"pxl-star--inner text-gradient\">\r\n                                <i class=\"flaticon-star\"><\/i>\r\n                                <i class=\"flaticon-star\"><\/i>\r\n                                <i class=\"flaticon-star\"><\/i>\r\n                                <i class=\"flaticon-star\"><\/i>\r\n                                <i class=\"flaticon-star\"><\/i>\r\n                            <\/span>\r\n                        <\/div>\r\n                        <div class=\"pxl-item--desc el-empty\">\"Fr\u00e5n det inledande samr\u00e5det till den slutliga lanseringen var deras professionalism uppenbar i varje steg. De f\u00f6rstod verkligen v\u00e5r vision och levererade en webbplats som \u00f6vertr\u00e4ffade v\u00e5ra f\u00f6rv\u00e4ntningar. Deras SEO-strategier visar redan fantastiska resultat.\"<\/div>\r\n                        <div class=\"pxl-item--divider\"><\/div>\r\n                        <div class=\"pxl-item--holder\">\r\n                                                            <div class=\"pxl-item--avatar pxl-mr-18\">\r\n                                    <img decoding=\"async\" class=\"no-lazyload\" src=\"https:\/\/nielsentech.co.uk\/wp-content\/uploads\/2024\/04\/testimonial-2.png\" width=\"128\" height=\"128\" alt=\"vittnesm\u00e5l-2\" title=\"vittnesm\u00e5l-2\" \/>                                <\/div>\r\n                                                        <div class=\"pxl-item--meta pxl-mr-20\">\r\n                                <h6 class=\"pxl-item--title el-empty\">Pena<\/h6>\r\n                                                                    <div class=\"pxl-item--position\">Senior direkt\u00f6r<\/div>\r\n                                                            <\/div>\r\n                            <div class=\"pxl-item--icon\"><i class=\"flaticon-quote-2 text-gradient\"><\/i><\/div>\r\n                        <\/div>\r\n                   <\/div>\r\n                <\/div>\r\n                            <div class=\"pxl-grid-item col-xl-6 col-lg-6 col-md-6 col-sm-12 col-12\">\r\n                    <div class=\"pxl-item--inner wow PXLfadeInUp\">\r\n                        <div class=\"pxl-item--star\">\r\n                            <span class=\"pxl-star--inner text-gradient\">\r\n                                <i class=\"flaticon-star\"><\/i>\r\n                                <i class=\"flaticon-star\"><\/i>\r\n                                <i class=\"flaticon-star\"><\/i>\r\n                                <i class=\"flaticon-star\"><\/i>\r\n                                <i class=\"flaticon-star\"><\/i>\r\n                            <\/span>\r\n                        <\/div>\r\n                        <div class=\"pxl-item--desc el-empty\">\"Att arbeta med det h\u00e4r teamet var en s\u00f6ml\u00f6s och professionell upplevelse. Deras kommunikation var utm\u00e4rkt och deras tekniska expertis inom b\u00e5de webbdesign och utveckling av mobilappar \u00e4r av h\u00f6gsta klass. De levererade en \u00f6verl\u00e4gsen produkt i tid och inom budget...<\/div>\r\n                        <div class=\"pxl-item--divider\"><\/div>\r\n                        <div class=\"pxl-item--holder\">\r\n                                                            <div class=\"pxl-item--avatar pxl-mr-18\">\r\n                                    <img decoding=\"async\" class=\"no-lazyload\" src=\"https:\/\/nielsentech.co.uk\/wp-content\/uploads\/2024\/04\/testimonial-3.png\" width=\"128\" height=\"128\" alt=\"vittnesm\u00e5l-3\" title=\"vittnesm\u00e5l-3\" \/>                                <\/div>\r\n                                                        <div class=\"pxl-item--meta pxl-mr-20\">\r\n                                <h6 class=\"pxl-item--title el-empty\">Jerome Bell<\/h6>\r\n                                                                    <div class=\"pxl-item--position\">Senior direkt\u00f6r<\/div>\r\n                                                            <\/div>\r\n                            <div class=\"pxl-item--icon\"><i class=\"flaticon-quote-2 text-gradient\"><\/i><\/div>\r\n                        <\/div>\r\n                   <\/div>\r\n                <\/div>\r\n                            <div class=\"pxl-grid-item col-xl-6 col-lg-6 col-md-6 col-sm-12 col-12\">\r\n                    <div class=\"pxl-item--inner wow PXLfadeInUp\">\r\n                        <div class=\"pxl-item--star\">\r\n                            <span class=\"pxl-star--inner text-gradient\">\r\n                                <i class=\"flaticon-star\"><\/i>\r\n                                <i class=\"flaticon-star\"><\/i>\r\n                                <i class=\"flaticon-star\"><\/i>\r\n                                <i class=\"flaticon-star\"><\/i>\r\n                                <i class=\"flaticon-star\"><\/i>\r\n                            <\/span>\r\n                        <\/div>\r\n                        <div class=\"pxl-item--desc el-empty\">\"Den niv\u00e5 av professionalism och kreativitet som det h\u00e4r teamet har visat \u00e4r enast\u00e5ende. De har designat en fantastisk webbplats och en anv\u00e4ndarv\u00e4nlig mobilapp som perfekt representerar v\u00e5rt varum\u00e4rke. Deras l\u00f6pande support har ocks\u00e5 varit otroligt professionell och lyh\u00f6rd.\"<\/div>\r\n                        <div class=\"pxl-item--divider\"><\/div>\r\n                        <div class=\"pxl-item--holder\">\r\n                                                            <div class=\"pxl-item--avatar pxl-mr-18\">\r\n                                    <img loading=\"lazy\" decoding=\"async\" class=\"no-lazyload\" src=\"https:\/\/nielsentech.co.uk\/wp-content\/uploads\/2024\/04\/testimonial-5.png\" width=\"128\" height=\"128\" alt=\"vittnesm\u00e5l-5\" title=\"vittnesm\u00e5l-5\" \/>                                <\/div>\r\n                                                        <div class=\"pxl-item--meta pxl-mr-20\">\r\n                                <h6 class=\"pxl-item--title el-empty\">Jacob Jones<\/h6>\r\n                                                                    <div class=\"pxl-item--position\">Senior direkt\u00f6r<\/div>\r\n                                                            <\/div>\r\n                            <div class=\"pxl-item--icon\"><i class=\"flaticon-quote-2 text-gradient\"><\/i><\/div>\r\n                        <\/div>\r\n                   <\/div>\r\n                <\/div>\r\n                            <div class=\"pxl-grid-item col-xl-6 col-lg-6 col-md-6 col-sm-12 col-12\">\r\n                    <div class=\"pxl-item--inner wow PXLfadeInUp\">\r\n                        <div class=\"pxl-item--star\">\r\n                            <span class=\"pxl-star--inner text-gradient\">\r\n                                <i class=\"flaticon-star\"><\/i>\r\n                                <i class=\"flaticon-star\"><\/i>\r\n                                <i class=\"flaticon-star\"><\/i>\r\n                                <i class=\"flaticon-star\"><\/i>\r\n                                <i class=\"flaticon-star\"><\/i>\r\n                            <\/span>\r\n                        <\/div>\r\n                        <div class=\"pxl-item--desc el-empty\">\"Vi letade efter en professionell byr\u00e5 f\u00f6r att hantera v\u00e5r SEO och webbdesign, och vi hittade den perfekta partnern. Deras strategiska tillv\u00e4gag\u00e5ngss\u00e4tt och k\u00e4nsla f\u00f6r detaljer \u00e4r imponerande, och resultaten talar f\u00f6r sig sj\u00e4lva. Ett verkligt professionellt och p\u00e5litligt team.\"<\/div>\r\n                        <div class=\"pxl-item--divider\"><\/div>\r\n                        <div class=\"pxl-item--holder\">\r\n                                                            <div class=\"pxl-item--avatar pxl-mr-18\">\r\n                                    <img loading=\"lazy\" decoding=\"async\" class=\"no-lazyload\" src=\"https:\/\/nielsentech.co.uk\/wp-content\/uploads\/2024\/04\/testimonial-4.png\" width=\"128\" height=\"128\" alt=\"vittnesm\u00e5l-4\" title=\"vittnesm\u00e5l-4\" \/>                                <\/div>\r\n                                                        <div class=\"pxl-item--meta pxl-mr-20\">\r\n                                <h6 class=\"pxl-item--title el-empty\">Albert Flores<\/h6>\r\n                                                                    <div class=\"pxl-item--position\">Senior direkt\u00f6r<\/div>\r\n                                                            <\/div>\r\n                            <div class=\"pxl-item--icon\"><i class=\"flaticon-quote-2 text-gradient\"><\/i><\/div>\r\n                        <\/div>\r\n                   <\/div>\r\n                <\/div>\r\n                            <div class=\"pxl-grid-item col-xl-6 col-lg-6 col-md-6 col-sm-12 col-12\">\r\n                    <div class=\"pxl-item--inner wow PXLfadeInUp\">\r\n                        <div class=\"pxl-item--star\">\r\n                            <span class=\"pxl-star--inner text-gradient\">\r\n                                <i class=\"flaticon-star\"><\/i>\r\n                                <i class=\"flaticon-star\"><\/i>\r\n                                <i class=\"flaticon-star\"><\/i>\r\n                                <i class=\"flaticon-star\"><\/i>\r\n                                <i class=\"flaticon-star\"><\/i>\r\n                            <\/span>\r\n                        <\/div>\r\n                        <div class=\"pxl-item--desc el-empty\">\"Att v\u00e4lja den h\u00e4r byr\u00e5n var ett av de b\u00e4sta besluten vi fattade f\u00f6r v\u00e5rt f\u00f6retag. Deras professionella inst\u00e4llning till webbdesign och SEO har haft en p\u00e5taglig inverkan p\u00e5 v\u00e5r synlighet online och kundf\u00f6rv\u00e4rv. Vi har sett en betydande \u00f6kning av kvalificerade leads.\"<\/div>\r\n                        <div class=\"pxl-item--divider\"><\/div>\r\n                        <div class=\"pxl-item--holder\">\r\n                                                            <div class=\"pxl-item--avatar pxl-mr-18\">\r\n                                    <img loading=\"lazy\" decoding=\"async\" class=\"no-lazyload\" src=\"https:\/\/nielsentech.co.uk\/wp-content\/uploads\/2024\/04\/testimonial-6.png\" width=\"128\" height=\"128\" alt=\"vittnesm\u00e5l-6\" title=\"vittnesm\u00e5l-6\" \/>                                <\/div>\r\n                                                        <div class=\"pxl-item--meta pxl-mr-20\">\r\n                                <h6 class=\"pxl-item--title el-empty\">Kristin Watson<\/h6>\r\n                                                                    <div class=\"pxl-item--position\">Senior direkt\u00f6r<\/div>\r\n                                                            <\/div>\r\n                            <div class=\"pxl-item--icon\"><i class=\"flaticon-quote-2 text-gradient\"><\/i><\/div>\r\n                        <\/div>\r\n                   <\/div>\r\n                <\/div>\r\n                            <div class=\"pxl-grid-item col-xl-6 col-lg-6 col-md-6 col-sm-12 col-12\">\r\n                    <div class=\"pxl-item--inner wow PXLfadeInUp\">\r\n                        <div class=\"pxl-item--star\">\r\n                            <span class=\"pxl-star--inner text-gradient\">\r\n                                <i class=\"flaticon-star\"><\/i>\r\n                                <i class=\"flaticon-star\"><\/i>\r\n                                <i class=\"flaticon-star\"><\/i>\r\n                                <i class=\"flaticon-star\"><\/i>\r\n                                <i class=\"flaticon-star\"><\/i>\r\n                            <\/span>\r\n                        <\/div>\r\n                        <div class=\"pxl-item--desc el-empty\">\"Deras team av mjukvaruingenj\u00f6rer \u00e4r verkligen professionella. Mobilappen som de utvecklade \u00e5t oss \u00e4r robust, intuitiv och har blivit otroligt v\u00e4l mottagen av v\u00e5ra anv\u00e4ndare. Deras erfarenhet och kvalitetsmedvetenhet m\u00e4rks tydligt i deras arbete.\"<\/div>\r\n                        <div class=\"pxl-item--divider\"><\/div>\r\n                        <div class=\"pxl-item--holder\">\r\n                                                            <div class=\"pxl-item--avatar pxl-mr-18\">\r\n                                    <img loading=\"lazy\" decoding=\"async\" class=\"no-lazyload\" src=\"https:\/\/nielsentech.co.uk\/wp-content\/uploads\/2024\/04\/testimonial-7.png\" width=\"128\" height=\"128\" alt=\"vittnesm\u00e5l-7\" title=\"vittnesm\u00e5l-7\" \/>                                <\/div>\r\n                                                        <div class=\"pxl-item--meta pxl-mr-20\">\r\n                                <h6 class=\"pxl-item--title el-empty\">Esther Howard<\/h6>\r\n                                                                    <div class=\"pxl-item--position\">Senior direkt\u00f6r<\/div>\r\n                                                            <\/div>\r\n                            <div class=\"pxl-item--icon\"><i class=\"flaticon-quote-2 text-gradient\"><\/i><\/div>\r\n                        <\/div>\r\n                   <\/div>\r\n                <\/div>\r\n                            <div class=\"pxl-grid-item col-xl-6 col-lg-6 col-md-6 col-sm-12 col-12\">\r\n                    <div class=\"pxl-item--inner wow PXLfadeInUp\">\r\n                        <div class=\"pxl-item--star\">\r\n                            <span class=\"pxl-star--inner text-gradient\">\r\n                                <i class=\"flaticon-star\"><\/i>\r\n                                <i class=\"flaticon-star\"><\/i>\r\n                                <i class=\"flaticon-star\"><\/i>\r\n                                <i class=\"flaticon-star\"><\/i>\r\n                                <i class=\"flaticon-star\"><\/i>\r\n                            <\/span>\r\n                        <\/div>\r\n                        <div class=\"pxl-item--desc el-empty\">\"Redan fr\u00e5n b\u00f6rjan lyste deras professionalism igenom. De hade en tydlig kommunikation, en v\u00e4ldefinierad process och levererade en webbplats och SEO-strategi som avsev\u00e4rt har f\u00f6rb\u00e4ttrat v\u00e5r onlineprestanda. Ett verkligt professionellt och resultatorienterat team.\"<\/div>\r\n                        <div class=\"pxl-item--divider\"><\/div>\r\n                        <div class=\"pxl-item--holder\">\r\n                                                            <div class=\"pxl-item--avatar pxl-mr-18\">\r\n                                    <img loading=\"lazy\" decoding=\"async\" class=\"no-lazyload\" src=\"https:\/\/nielsentech.co.uk\/wp-content\/uploads\/2024\/04\/testimonial-8.png\" width=\"128\" height=\"128\" alt=\"vittnesm\u00e5l-8\" title=\"vittnesm\u00e5l-8\" \/>                                <\/div>\r\n                                                        <div class=\"pxl-item--meta pxl-mr-20\">\r\n                                <h6 class=\"pxl-item--title el-empty\">Guy Hawkins<\/h6>\r\n                                                                    <div class=\"pxl-item--position\">Senior direkt\u00f6r<\/div>\r\n                                                            <\/div>\r\n                            <div class=\"pxl-item--icon\"><i class=\"flaticon-quote-2 text-gradient\"><\/i><\/div>\r\n                        <\/div>\r\n                   <\/div>\r\n                <\/div>\r\n                        <div class=\"grid-sizer col-xl-6 col-lg-6 col-md-6 col-sm-12 col-12\"><\/div>\r\n        <\/div>\r\n    <\/div>\r\n\t\t\t\t<\/div>\n\t\t\t\t<\/div>\n\t\t            <\/div>\r\n        <\/div>\r\n        \t\t\t<\/div>\n\t\t<\/section>\n\t\t\t\t<\/div>","protected":false},"excerpt":{"rendered":"<p>V\u00e5ra kunder s\u00e4ger om v\u00e5ra tj\u00e4nster \"Jag \u00e4r helt \u00f6verv\u00e4ldigad av det h\u00e4r teamets professionalism och expertis. De f\u00f6rvandlade v\u00e5r f\u00f6r\u00e5ldrade webbplats till en modern, h\u00f6gpresterande plattform som har \u00f6kat v\u00e5r trafik och v\u00e5rt engagemang avsev\u00e4rt. Rekommenderas varmt!\" Linda Senior Director \"Fr\u00e5n det inledande samr\u00e5det till den slutliga lanseringen var deras professionalism uppenbar i varje steg. [...]<\/p>","protected":false},"author":1,"featured_media":0,"parent":0,"menu_order":0,"comment_status":"closed","ping_status":"closed","template":"","meta":{"googlesitekit_rrm_CAowjZu7DA:productID":"","footnotes":""},"class_list":["post-1196","page","type-page","status-publish","hentry"],"_hostinger_reach_plugin_has_subscription_block":false,"_hostinger_reach_plugin_is_elementor":false,"_links":{"self":[{"href":"https:\/\/nielsentech.co.uk\/sv\/wp-json\/wp\/v2\/pages\/1196","targetHints":{"allow":["GET"]}}],"collection":[{"href":"https:\/\/nielsentech.co.uk\/sv\/wp-json\/wp\/v2\/pages"}],"about":[{"href":"https:\/\/nielsentech.co.uk\/sv\/wp-json\/wp\/v2\/types\/page"}],"author":[{"embeddable":true,"href":"https:\/\/nielsentech.co.uk\/sv\/wp-json\/wp\/v2\/users\/1"}],"replies":[{"embeddable":true,"href":"https:\/\/nielsentech.co.uk\/sv\/wp-json\/wp\/v2\/comments?post=1196"}],"version-history":[{"count":8,"href":"https:\/\/nielsentech.co.uk\/sv\/wp-json\/wp\/v2\/pages\/1196\/revisions"}],"predecessor-version":[{"id":5412,"href":"https:\/\/nielsentech.co.uk\/sv\/wp-json\/wp\/v2\/pages\/1196\/revisions\/5412"}],"wp:attachment":[{"href":"https:\/\/nielsentech.co.uk\/sv\/wp-json\/wp\/v2\/media?parent=1196"}],"curies":[{"name":"wp","href":"https:\/\/api.w.org\/{rel}","templated":true}]}}