{"id":1196,"date":"2024-05-01T14:49:17","date_gmt":"2024-05-01T14:49:17","guid":{"rendered":"https:\/\/demo.casethemes.net\/proactive\/?page_id=1196"},"modified":"2025-04-22T13:55:08","modified_gmt":"2025-04-22T13:55:08","slug":"taniklik","status":"publish","type":"page","link":"https:\/\/nielsentech.co.uk\/tr\/taniklik\/","title":{"rendered":"M\u00fc\u015fterilerimiz Ne Diyor"},"content":{"rendered":"<div data-elementor-type=\"wp-page\" data-elementor-id=\"1196\" class=\"elementor elementor-1196\">\n\t\t\t\t        <section class=\"elementor-section elementor-top-section elementor-element elementor-element-9016673 elementor-section-boxed elementor-section-height-default elementor-section-height-default pxl-row-scroll-none pxl-zoom-point-false pxl-section-overflow-visible pxl-section-fix-none pxl-bg-color-none pxl-section-overlay-none\" data-id=\"9016673\" data-element_type=\"section\">\n\n                \n                <div class=\"elementor-container elementor-column-gap-extended\">\n                <div class=\"elementor-column elementor-col-100 elementor-top-column elementor-element elementor-element-ee54d6c pxl-column-none pxl-column-overflow-hidden-no\" data-id=\"ee54d6c\" data-element_type=\"column\">\r\n        <div class=\"elementor-widget-wrap elementor-element-populated\">\r\n                     \r\n        \t\t<div class=\"elementor-element elementor-element-715b64fe elementor-widget elementor-widget-pxl_heading\" data-id=\"715b64fe\" data-element_type=\"widget\" data-widget_type=\"pxl_heading.default\">\n\t\t\t\t<div class=\"elementor-widget-container\">\n\t\t\t\t\t\n<div id=\"pxl-pxl_heading-715b64fe-6288\" class=\"pxl-heading px-sub-title-shape-style\">\n\t<div class=\"pxl-heading--inner\">\n\t\t\t\t\t<div class=\"pxl-item--subtitle px-sub-title-shape\" data-wow-delay=\"ms\">\n\t\t\t\t<span class=\"pxl-item--subtext\">\n\t\t\t\t\t\t\t\t\t\t\t<i class=\"flaticon-heading text-gradient pxl-mr-10 pxl-icon--heading\"><\/i>\n\t\t\t\t\t\t\t\t\t\t\t\t\t\t\t\t\t\t\t\t<span class=\"\">M\u00fc\u015fterilerimiz <\/span>\n\t\t\t\t<\/span>\n\t\t\t<\/div>\n\t\t\n\t\t<h2 class=\"pxl-item--title style-default highlight-default pxl-split-text split-in-right\" data-wow-delay=\"ms\">\n\n\t\t\t<span class=\"pxl-heading--text\">\n\n\t\t\t\t\t\t\t\t\tHizmetlerimiz Hakk\u0131nda S\u00f6yleyin\t\n\t\t\t\t\t\n\n\t\t\t<\/span>\n\t\t<\/h2>\n\t\t\n\t<\/div>\n<\/div>\t\t\t\t<\/div>\n\t\t\t\t<\/div>\n\t\t\t\t<div class=\"elementor-element elementor-element-a71dd6c elementor-widget elementor-widget-pxl_testimonial_grid\" data-id=\"a71dd6c\" data-element_type=\"widget\" data-widget_type=\"pxl_testimonial_grid.default\">\n\t\t\t\t<div class=\"elementor-widget-container\">\n\t\t\t\t\t    <div class=\"pxl-grid pxl-testimonial-grid pxl-testimonial-grid1\">\r\n        <div class=\"pxl-grid-inner pxl-grid-masonry row\" data-gutter=\"15\">\r\n                            <div class=\"pxl-grid-item col-xl-6 col-lg-6 col-md-6 col-sm-12 col-12\">\r\n                    <div class=\"pxl-item--inner wow PXLfadeInUp\">\r\n                        <div class=\"pxl-item--star\">\r\n                            <span class=\"pxl-star--inner text-gradient\">\r\n                                <i class=\"flaticon-star\"><\/i>\r\n                                <i class=\"flaticon-star\"><\/i>\r\n                                <i class=\"flaticon-star\"><\/i>\r\n                                <i class=\"flaticon-star\"><\/i>\r\n                                <i class=\"flaticon-star\"><\/i>\r\n                            <\/span>\r\n                        <\/div>\r\n                        <div class=\"pxl-item--desc el-empty\">\"Bu ekibin profesyonelli\u011fi ve uzmanl\u0131\u011f\u0131 bizi kesinlikle \u015fa\u015f\u0131rtt\u0131. Modas\u0131 ge\u00e7mi\u015f web sitemizi, trafi\u011fimizi ve etkile\u015fimimizi \u00f6nemli \u00f6l\u00e7\u00fcde art\u0131ran modern, y\u00fcksek performansl\u0131 bir platforma d\u00f6n\u00fc\u015ft\u00fcrd\u00fcler. \u015eiddetle tavsiye ederim!\"<\/div>\r\n                        <div class=\"pxl-item--divider\"><\/div>\r\n                        <div class=\"pxl-item--holder\">\r\n                                                            <div class=\"pxl-item--avatar pxl-mr-18\">\r\n                                    <img decoding=\"async\" class=\"no-lazyload\" src=\"https:\/\/nielsentech.co.uk\/wp-content\/uploads\/2024\/04\/testimonial-1-128x128.jpg\" width=\"128\" height=\"128\" alt=\"tan\u0131kl\u0131k-1\" title=\"tan\u0131kl\u0131k-1\" \/>                                <\/div>\r\n                                                        <div class=\"pxl-item--meta pxl-mr-20\">\r\n                                <h6 class=\"pxl-item--title el-empty\">Linda<\/h6>\r\n                                                                    <div class=\"pxl-item--position\">K\u0131demli Direkt\u00f6r<\/div>\r\n                                                            <\/div>\r\n                            <div class=\"pxl-item--icon\"><i class=\"flaticon-quote-2 text-gradient\"><\/i><\/div>\r\n                        <\/div>\r\n                   <\/div>\r\n                <\/div>\r\n                            <div class=\"pxl-grid-item col-xl-6 col-lg-6 col-md-6 col-sm-12 col-12\">\r\n                    <div class=\"pxl-item--inner wow PXLfadeInUp\">\r\n                        <div class=\"pxl-item--star\">\r\n                            <span class=\"pxl-star--inner text-gradient\">\r\n                                <i class=\"flaticon-star\"><\/i>\r\n                                <i class=\"flaticon-star\"><\/i>\r\n                                <i class=\"flaticon-star\"><\/i>\r\n                                <i class=\"flaticon-star\"><\/i>\r\n                                <i class=\"flaticon-star\"><\/i>\r\n                            <\/span>\r\n                        <\/div>\r\n                        <div class=\"pxl-item--desc el-empty\">\"\u0130lk g\u00f6r\u00fc\u015fmeden son lansmana kadar profesyonellikleri her ad\u0131mda kendini belli etti. Vizyonumuzu ger\u00e7ekten anlad\u0131lar ve beklentilerimizi a\u015fan bir web sitesi sundular. SEO stratejileri \u015fimdiden harika sonu\u00e7lar vermeye ba\u015flad\u0131.\"<\/div>\r\n                        <div class=\"pxl-item--divider\"><\/div>\r\n                        <div class=\"pxl-item--holder\">\r\n                                                            <div class=\"pxl-item--avatar pxl-mr-18\">\r\n                                    <img decoding=\"async\" class=\"no-lazyload\" src=\"https:\/\/nielsentech.co.uk\/wp-content\/uploads\/2024\/04\/testimonial-2.png\" width=\"128\" height=\"128\" alt=\"tan\u0131kl\u0131k-2\" title=\"tan\u0131kl\u0131k-2\" \/>                                <\/div>\r\n                                                        <div class=\"pxl-item--meta pxl-mr-20\">\r\n                                <h6 class=\"pxl-item--title el-empty\">Pena<\/h6>\r\n                                                                    <div class=\"pxl-item--position\">K\u0131demli Direkt\u00f6r<\/div>\r\n                                                            <\/div>\r\n                            <div class=\"pxl-item--icon\"><i class=\"flaticon-quote-2 text-gradient\"><\/i><\/div>\r\n                        <\/div>\r\n                   <\/div>\r\n                <\/div>\r\n                            <div class=\"pxl-grid-item col-xl-6 col-lg-6 col-md-6 col-sm-12 col-12\">\r\n                    <div class=\"pxl-item--inner wow PXLfadeInUp\">\r\n                        <div class=\"pxl-item--star\">\r\n                            <span class=\"pxl-star--inner text-gradient\">\r\n                                <i class=\"flaticon-star\"><\/i>\r\n                                <i class=\"flaticon-star\"><\/i>\r\n                                <i class=\"flaticon-star\"><\/i>\r\n                                <i class=\"flaticon-star\"><\/i>\r\n                                <i class=\"flaticon-star\"><\/i>\r\n                            <\/span>\r\n                        <\/div>\r\n                        <div class=\"pxl-item--desc el-empty\">\"Bu ekiple \u00e7al\u0131\u015fmak sorunsuz ve profesyonel bir deneyimdi. \u0130leti\u015fimleri m\u00fckemmeldi ve hem web tasar\u0131m\u0131 hem de mobil uygulama geli\u015ftirme konusundaki teknik uzmanl\u0131klar\u0131 birinci s\u0131n\u0131ft\u0131. Zaman\u0131nda ve b\u00fct\u00e7e dahilinde \u00fcst\u00fcn bir \u00fcr\u00fcn teslim ettiler.<\/div>\r\n                        <div class=\"pxl-item--divider\"><\/div>\r\n                        <div class=\"pxl-item--holder\">\r\n                                                            <div class=\"pxl-item--avatar pxl-mr-18\">\r\n                                    <img decoding=\"async\" class=\"no-lazyload\" src=\"https:\/\/nielsentech.co.uk\/wp-content\/uploads\/2024\/04\/testimonial-3.png\" width=\"128\" height=\"128\" alt=\"tan\u0131kl\u0131k-3\" title=\"tan\u0131kl\u0131k-3\" \/>                                <\/div>\r\n                                                        <div class=\"pxl-item--meta pxl-mr-20\">\r\n                                <h6 class=\"pxl-item--title el-empty\">Jerome Bell<\/h6>\r\n                                                                    <div class=\"pxl-item--position\">K\u0131demli Direkt\u00f6r<\/div>\r\n                                                            <\/div>\r\n                            <div class=\"pxl-item--icon\"><i class=\"flaticon-quote-2 text-gradient\"><\/i><\/div>\r\n                        <\/div>\r\n                   <\/div>\r\n                <\/div>\r\n                            <div class=\"pxl-grid-item col-xl-6 col-lg-6 col-md-6 col-sm-12 col-12\">\r\n                    <div class=\"pxl-item--inner wow PXLfadeInUp\">\r\n                        <div class=\"pxl-item--star\">\r\n                            <span class=\"pxl-star--inner text-gradient\">\r\n                                <i class=\"flaticon-star\"><\/i>\r\n                                <i class=\"flaticon-star\"><\/i>\r\n                                <i class=\"flaticon-star\"><\/i>\r\n                                <i class=\"flaticon-star\"><\/i>\r\n                                <i class=\"flaticon-star\"><\/i>\r\n                            <\/span>\r\n                        <\/div>\r\n                        <div class=\"pxl-item--desc el-empty\">\"Bu ekip taraf\u0131ndan sergilenen profesyonellik ve yarat\u0131c\u0131l\u0131k d\u00fczeyi ola\u011fan\u00fcst\u00fc. Markam\u0131z\u0131 m\u00fckemmel bir \u015fekilde temsil eden \u00e7arp\u0131c\u0131 bir web sitesi ve kullan\u0131c\u0131 dostu bir mobil uygulama tasarlad\u0131lar. Devam eden destekleri de inan\u0131lmaz derecede profesyonel ve duyarl\u0131yd\u0131.\"<\/div>\r\n                        <div class=\"pxl-item--divider\"><\/div>\r\n                        <div class=\"pxl-item--holder\">\r\n                                                            <div class=\"pxl-item--avatar pxl-mr-18\">\r\n                                    <img loading=\"lazy\" decoding=\"async\" class=\"no-lazyload\" src=\"https:\/\/nielsentech.co.uk\/wp-content\/uploads\/2024\/04\/testimonial-5.png\" width=\"128\" height=\"128\" alt=\"tan\u0131kl\u0131k-5\" title=\"tan\u0131kl\u0131k-5\" \/>                                <\/div>\r\n                                                        <div class=\"pxl-item--meta pxl-mr-20\">\r\n                                <h6 class=\"pxl-item--title el-empty\">Jacob Jones<\/h6>\r\n                                                                    <div class=\"pxl-item--position\">K\u0131demli Direkt\u00f6r<\/div>\r\n                                                            <\/div>\r\n                            <div class=\"pxl-item--icon\"><i class=\"flaticon-quote-2 text-gradient\"><\/i><\/div>\r\n                        <\/div>\r\n                   <\/div>\r\n                <\/div>\r\n                            <div class=\"pxl-grid-item col-xl-6 col-lg-6 col-md-6 col-sm-12 col-12\">\r\n                    <div class=\"pxl-item--inner wow PXLfadeInUp\">\r\n                        <div class=\"pxl-item--star\">\r\n                            <span class=\"pxl-star--inner text-gradient\">\r\n                                <i class=\"flaticon-star\"><\/i>\r\n                                <i class=\"flaticon-star\"><\/i>\r\n                                <i class=\"flaticon-star\"><\/i>\r\n                                <i class=\"flaticon-star\"><\/i>\r\n                                <i class=\"flaticon-star\"><\/i>\r\n                            <\/span>\r\n                        <\/div>\r\n                        <div class=\"pxl-item--desc el-empty\">\"SEO ve web tasar\u0131m\u0131m\u0131zla ilgilenecek profesyonel bir ajans ar\u0131yorduk ve m\u00fckemmel orta\u011f\u0131 bulduk. Stratejik yakla\u015f\u0131mlar\u0131 ve detaylara g\u00f6sterdikleri \u00f6zen etkileyici ve sonu\u00e7lar\u0131 da ortada. Ger\u00e7ekten profesyonel ve g\u00fcvenilir bir ekip.\"<\/div>\r\n                        <div class=\"pxl-item--divider\"><\/div>\r\n                        <div class=\"pxl-item--holder\">\r\n                                                            <div class=\"pxl-item--avatar pxl-mr-18\">\r\n                                    <img loading=\"lazy\" decoding=\"async\" class=\"no-lazyload\" src=\"https:\/\/nielsentech.co.uk\/wp-content\/uploads\/2024\/04\/testimonial-4.png\" width=\"128\" height=\"128\" alt=\"tan\u0131kl\u0131k-4\" title=\"tan\u0131kl\u0131k-4\" \/>                                <\/div>\r\n                                                        <div class=\"pxl-item--meta pxl-mr-20\">\r\n                                <h6 class=\"pxl-item--title el-empty\">Albert Flores<\/h6>\r\n                                                                    <div class=\"pxl-item--position\">K\u0131demli Direkt\u00f6r<\/div>\r\n                                                            <\/div>\r\n                            <div class=\"pxl-item--icon\"><i class=\"flaticon-quote-2 text-gradient\"><\/i><\/div>\r\n                        <\/div>\r\n                   <\/div>\r\n                <\/div>\r\n                            <div class=\"pxl-grid-item col-xl-6 col-lg-6 col-md-6 col-sm-12 col-12\">\r\n                    <div class=\"pxl-item--inner wow PXLfadeInUp\">\r\n                        <div class=\"pxl-item--star\">\r\n                            <span class=\"pxl-star--inner text-gradient\">\r\n                                <i class=\"flaticon-star\"><\/i>\r\n                                <i class=\"flaticon-star\"><\/i>\r\n                                <i class=\"flaticon-star\"><\/i>\r\n                                <i class=\"flaticon-star\"><\/i>\r\n                                <i class=\"flaticon-star\"><\/i>\r\n                            <\/span>\r\n                        <\/div>\r\n                        <div class=\"pxl-item--desc el-empty\">\"Bu ajans\u0131 se\u00e7mek i\u015fimiz i\u00e7in verdi\u011fimiz en iyi kararlardan biriydi. Web tasar\u0131m\u0131 ve SEO konusundaki profesyonel yakla\u015f\u0131mlar\u0131, \u00e7evrimi\u00e7i g\u00f6r\u00fcn\u00fcrl\u00fc\u011f\u00fcm\u00fcz ve m\u00fc\u015fteri kazan\u0131m\u0131m\u0131z \u00fczerinde somut bir etki yaratt\u0131. Nitelikli m\u00fc\u015fteri adaylar\u0131nda \u00f6nemli bir art\u0131\u015f g\u00f6rd\u00fck.\"<\/div>\r\n                        <div class=\"pxl-item--divider\"><\/div>\r\n                        <div class=\"pxl-item--holder\">\r\n                                                            <div class=\"pxl-item--avatar pxl-mr-18\">\r\n                                    <img loading=\"lazy\" decoding=\"async\" class=\"no-lazyload\" src=\"https:\/\/nielsentech.co.uk\/wp-content\/uploads\/2024\/04\/testimonial-6.png\" width=\"128\" height=\"128\" alt=\"tan\u0131kl\u0131k-6\" title=\"tan\u0131kl\u0131k-6\" \/>                                <\/div>\r\n                                                        <div class=\"pxl-item--meta pxl-mr-20\">\r\n                                <h6 class=\"pxl-item--title el-empty\">Kristin Watson<\/h6>\r\n                                                                    <div class=\"pxl-item--position\">K\u0131demli Direkt\u00f6r<\/div>\r\n                                                            <\/div>\r\n                            <div class=\"pxl-item--icon\"><i class=\"flaticon-quote-2 text-gradient\"><\/i><\/div>\r\n                        <\/div>\r\n                   <\/div>\r\n                <\/div>\r\n                            <div class=\"pxl-grid-item col-xl-6 col-lg-6 col-md-6 col-sm-12 col-12\">\r\n                    <div class=\"pxl-item--inner wow PXLfadeInUp\">\r\n                        <div class=\"pxl-item--star\">\r\n                            <span class=\"pxl-star--inner text-gradient\">\r\n                                <i class=\"flaticon-star\"><\/i>\r\n                                <i class=\"flaticon-star\"><\/i>\r\n                                <i class=\"flaticon-star\"><\/i>\r\n                                <i class=\"flaticon-star\"><\/i>\r\n                                <i class=\"flaticon-star\"><\/i>\r\n                            <\/span>\r\n                        <\/div>\r\n                        <div class=\"pxl-item--desc el-empty\">\"Yaz\u0131l\u0131m m\u00fchendislerinden olu\u015fan ekipleri ger\u00e7ekten profesyonel. Bizim i\u00e7in geli\u015ftirdikleri mobil uygulama sa\u011flam, sezgisel ve kullan\u0131c\u0131lar\u0131m\u0131z taraf\u0131ndan inan\u0131lmaz derecede iyi kar\u015f\u0131land\u0131. Deneyimleri ve kaliteye olan ba\u011fl\u0131l\u0131klar\u0131 \u00e7al\u0131\u015fmalar\u0131nda a\u00e7\u0131k\u00e7a g\u00f6r\u00fcl\u00fcyor.\"<\/div>\r\n                        <div class=\"pxl-item--divider\"><\/div>\r\n                        <div class=\"pxl-item--holder\">\r\n                                                            <div class=\"pxl-item--avatar pxl-mr-18\">\r\n                                    <img loading=\"lazy\" decoding=\"async\" class=\"no-lazyload\" src=\"https:\/\/nielsentech.co.uk\/wp-content\/uploads\/2024\/04\/testimonial-7.png\" width=\"128\" height=\"128\" alt=\"tan\u0131kl\u0131k-7\" title=\"tan\u0131kl\u0131k-7\" \/>                                <\/div>\r\n                                                        <div class=\"pxl-item--meta pxl-mr-20\">\r\n                                <h6 class=\"pxl-item--title el-empty\">Esther Howard<\/h6>\r\n                                                                    <div class=\"pxl-item--position\">K\u0131demli Direkt\u00f6r<\/div>\r\n                                                            <\/div>\r\n                            <div class=\"pxl-item--icon\"><i class=\"flaticon-quote-2 text-gradient\"><\/i><\/div>\r\n                        <\/div>\r\n                   <\/div>\r\n                <\/div>\r\n                            <div class=\"pxl-grid-item col-xl-6 col-lg-6 col-md-6 col-sm-12 col-12\">\r\n                    <div class=\"pxl-item--inner wow PXLfadeInUp\">\r\n                        <div class=\"pxl-item--star\">\r\n                            <span class=\"pxl-star--inner text-gradient\">\r\n                                <i class=\"flaticon-star\"><\/i>\r\n                                <i class=\"flaticon-star\"><\/i>\r\n                                <i class=\"flaticon-star\"><\/i>\r\n                                <i class=\"flaticon-star\"><\/i>\r\n                                <i class=\"flaticon-star\"><\/i>\r\n                            <\/span>\r\n                        <\/div>\r\n                        <div class=\"pxl-item--desc el-empty\">\"En ba\u015f\u0131ndan itibaren profesyonellikleri parlad\u0131. Net bir ileti\u015fim, iyi tan\u0131mlanm\u0131\u015f bir s\u00fcre\u00e7 sa\u011flad\u0131lar ve \u00e7evrimi\u00e7i performans\u0131m\u0131z\u0131 \u00f6nemli \u00f6l\u00e7\u00fcde art\u0131ran bir web sitesi ve SEO stratejisi sundular. Ger\u00e7ekten profesyonel ve sonu\u00e7 odakl\u0131 bir ekip.\"<\/div>\r\n                        <div class=\"pxl-item--divider\"><\/div>\r\n                        <div class=\"pxl-item--holder\">\r\n                                                            <div class=\"pxl-item--avatar pxl-mr-18\">\r\n                                    <img loading=\"lazy\" decoding=\"async\" class=\"no-lazyload\" src=\"https:\/\/nielsentech.co.uk\/wp-content\/uploads\/2024\/04\/testimonial-8.png\" width=\"128\" height=\"128\" alt=\"tan\u0131kl\u0131k-8\" title=\"tan\u0131kl\u0131k-8\" \/>                                <\/div>\r\n                                                        <div class=\"pxl-item--meta pxl-mr-20\">\r\n                                <h6 class=\"pxl-item--title el-empty\">Guy Hawkins<\/h6>\r\n                                                                    <div class=\"pxl-item--position\">K\u0131demli Direkt\u00f6r<\/div>\r\n                                                            <\/div>\r\n                            <div class=\"pxl-item--icon\"><i class=\"flaticon-quote-2 text-gradient\"><\/i><\/div>\r\n                        <\/div>\r\n                   <\/div>\r\n                <\/div>\r\n                        <div class=\"grid-sizer col-xl-6 col-lg-6 col-md-6 col-sm-12 col-12\"><\/div>\r\n        <\/div>\r\n    <\/div>\r\n\t\t\t\t<\/div>\n\t\t\t\t<\/div>\n\t\t            <\/div>\r\n        <\/div>\r\n        \t\t\t<\/div>\n\t\t<\/section>\n\t\t\t\t<\/div>","protected":false},"excerpt":{"rendered":"<p>Our Clients Say About Our Services \u201cAbsolutely blown away by the professionalism and expertise of this team. They transformed our outdated website into a modern, high-performing platform that has significantly boosted our traffic and engagement. Highly recommend!\u201c Linda Senior Director \u201cFrom the initial consultation to the final launch, their professionalism was evident in every step. [&hellip;]<\/p>","protected":false},"author":1,"featured_media":0,"parent":0,"menu_order":0,"comment_status":"closed","ping_status":"closed","template":"","meta":{"googlesitekit_rrm_CAowjZu7DA:productID":"","footnotes":""},"class_list":["post-1196","page","type-page","status-publish","hentry"],"_hostinger_reach_plugin_has_subscription_block":false,"_hostinger_reach_plugin_is_elementor":false,"_links":{"self":[{"href":"https:\/\/nielsentech.co.uk\/tr\/wp-json\/wp\/v2\/pages\/1196","targetHints":{"allow":["GET"]}}],"collection":[{"href":"https:\/\/nielsentech.co.uk\/tr\/wp-json\/wp\/v2\/pages"}],"about":[{"href":"https:\/\/nielsentech.co.uk\/tr\/wp-json\/wp\/v2\/types\/page"}],"author":[{"embeddable":true,"href":"https:\/\/nielsentech.co.uk\/tr\/wp-json\/wp\/v2\/users\/1"}],"replies":[{"embeddable":true,"href":"https:\/\/nielsentech.co.uk\/tr\/wp-json\/wp\/v2\/comments?post=1196"}],"version-history":[{"count":8,"href":"https:\/\/nielsentech.co.uk\/tr\/wp-json\/wp\/v2\/pages\/1196\/revisions"}],"predecessor-version":[{"id":5412,"href":"https:\/\/nielsentech.co.uk\/tr\/wp-json\/wp\/v2\/pages\/1196\/revisions\/5412"}],"wp:attachment":[{"href":"https:\/\/nielsentech.co.uk\/tr\/wp-json\/wp\/v2\/media?parent=1196"}],"curies":[{"name":"wp","href":"https:\/\/api.w.org\/{rel}","templated":true}]}}