{"id":525,"date":"2024-04-25T02:30:39","date_gmt":"2024-04-25T02:30:39","guid":{"rendered":"https:\/\/demo.casethemes.net\/proactive\/?page_id=525"},"modified":"2025-04-19T21:20:18","modified_gmt":"2025-04-19T21:20:18","slug":"eki%cc%87p-bi%cc%87lgi%cc%87leri%cc%87","status":"publish","type":"page","link":"https:\/\/nielsentech.co.uk\/tr\/eki%cc%87p-bi%cc%87lgi%cc%87leri%cc%87\/","title":{"rendered":"Ekip Detaylar\u0131"},"content":{"rendered":"<div data-elementor-type=\"wp-page\" data-elementor-id=\"525\" class=\"elementor elementor-525\">\n\t\t\t\t        <section class=\"elementor-section elementor-top-section elementor-element elementor-element-a7f4eec elementor-section-boxed elementor-section-height-default elementor-section-height-default pxl-row-scroll-none pxl-zoom-point-false pxl-section-overflow-visible pxl-section-fix-none pxl-bg-color-none pxl-section-overlay-none\" data-id=\"a7f4eec\" data-element_type=\"section\">\n\n                \n                <div class=\"elementor-container elementor-column-gap-extended\">\n                <div class=\"elementor-column elementor-col-33 elementor-top-column elementor-element elementor-element-032b964 pxl-column-none pxl-column-overflow-hidden-no\" data-id=\"032b964\" data-element_type=\"column\">\r\n        <div class=\"elementor-widget-wrap elementor-element-populated\">\r\n                     \r\n        \t\t<div class=\"elementor-element elementor-element-0b38ec9 elementor-widget elementor-widget-pxl_image\" data-id=\"0b38ec9\" data-element_type=\"widget\" data-widget_type=\"pxl_image.default\">\n\t\t\t\t<div class=\"elementor-widget-container\">\n\t\t\t\t\t<div id=\"pxl_image-0b38ec9-4308\" class=\"pxl-image-single pxl-disable-parallax-sm\" data-wow-delay=\"ms\"  >\r\n    <div class=\"pxl-item--inner\" data-wow-delay=\"120ms\">\r\n                \r\n                                <div class=\"pxl-item--bg bg-image\" style=\"background-image: url(https:\/\/nielsentech.co.uk\/wp-content\/uploads\/2025\/04\/WhatsApp-Image-2025-04-15-at-23.16.28_6b788734.jpg);\">\r\n                                            <\/div>\r\n                                <\/div>\r\n<\/div>\t\t\t\t<\/div>\n\t\t\t\t<\/div>\n\t\t            <\/div>\r\n        <\/div>\r\n                <div class=\"elementor-column elementor-col-33 elementor-top-column elementor-element elementor-element-d7130e6 pxl-column-none pxl-column-overflow-hidden-no\" data-id=\"d7130e6\" data-element_type=\"column\">\r\n        <div class=\"elementor-widget-wrap elementor-element-populated\">\r\n                     \r\n        \t\t<div class=\"elementor-element elementor-element-3715f60 elementor-widget elementor-widget-pxl_heading\" data-id=\"3715f60\" data-element_type=\"widget\" data-widget_type=\"pxl_heading.default\">\n\t\t\t\t<div class=\"elementor-widget-container\">\n\t\t\t\t\t\n<div id=\"pxl-pxl_heading-3715f60-1411\" class=\"pxl-heading px-sub-title-default-style\">\n\t<div class=\"pxl-heading--inner\">\n\t\t\n\t\t<h3 class=\"pxl-item--title style-default highlight-default\" data-wow-delay=\"ms\">\n\n\t\t\t<span class=\"pxl-heading--text\">\n\n\t\t\t\t\t\t\t\t\tAllan Nielsen\t\n\t\t\t\t\t\n\n\t\t\t<\/span>\n\t\t<\/h3>\n\t\t\n\t<\/div>\n<\/div>\t\t\t\t<\/div>\n\t\t\t\t<\/div>\n\t\t\t\t<div class=\"elementor-element elementor-element-b60a1ec elementor-widget elementor-widget-pxl_text_editor\" data-id=\"b60a1ec\" data-element_type=\"widget\" data-widget_type=\"pxl_text_editor.default\">\n\t\t\t\t<div class=\"elementor-widget-container\">\n\t\t\t\t\t<div class=\"pxl-text-editor highlight-gradient\">\n\t<div class=\"pxl-item--inner\" data-wow-delay=\"ms\">\n\t\t            <span class=\"pxl-text--highlight\">\n                K\u0131demli Web Geli\u015ftirici            <\/span>\n        \t\t\n\t<\/div>\n<\/div>\t\t\t\t<\/div>\n\t\t\t\t<\/div>\n\t\t\t\t<div class=\"elementor-element elementor-element-03bb7dc elementor-widget elementor-widget-pxl_list\" data-id=\"03bb7dc\" data-element_type=\"widget\" data-widget_type=\"pxl_list.default\">\n\t\t\t\t<div class=\"elementor-widget-container\">\n\t\t\t\t\t    <div class=\"pxl-list pxl-list1\" data-wow-delay=\"ms\">\r\n                    <div class=\"pxl--item\">\r\n                <div class=\"pxl-item--meta\">\r\n                                                        <\/div>\r\n                                    <div class=\"pxl-item--content\">\r\n                        <label class=\"pxl-empty\">Pozisyon:<\/label>\r\n                        CEO                    <\/div>\r\n                            <\/div>\r\n                    <div class=\"pxl--item\">\r\n                <div class=\"pxl-item--meta\">\r\n                                                        <\/div>\r\n                                    <div class=\"pxl-item--content\">\r\n                        <label class=\"pxl-empty\">Tecr\u00fcbe:<\/label>\r\n                        12+ Y\u0131l                    <\/div>\r\n                            <\/div>\r\n                    <div class=\"pxl--item\">\r\n                <div class=\"pxl-item--meta\">\r\n                                                        <\/div>\r\n                                    <div class=\"pxl-item--content\">\r\n                        <label class=\"pxl-empty\">Konum:<\/label>\r\n                        WC2H 9JQ ,london                    <\/div>\r\n                            <\/div>\r\n                    <div class=\"pxl--item\">\r\n                <div class=\"pxl-item--meta\">\r\n                                                        <\/div>\r\n                                    <div class=\"pxl-item--content\">\r\n                        <label class=\"pxl-empty\">E-posta:<\/label>\r\n                        Allan.Nielsen.1st@gmail.com                    <\/div>\r\n                            <\/div>\r\n                    <div class=\"pxl--item\">\r\n                <div class=\"pxl-item--meta\">\r\n                                                        <\/div>\r\n                                    <div class=\"pxl-item--content\">\r\n                        <label class=\"pxl-empty\">Telefon:<\/label>\r\n                        +44 7341 741087                    <\/div>\r\n                            <\/div>\r\n            <\/div>\r\n\t\t\t\t<\/div>\n\t\t\t\t<\/div>\n\t\t\t\t<div class=\"elementor-element elementor-element-25e7041 elementor-widget elementor-widget-pxl_heading\" data-id=\"25e7041\" data-element_type=\"widget\" data-widget_type=\"pxl_heading.default\">\n\t\t\t\t<div class=\"elementor-widget-container\">\n\t\t\t\t\t\n<div id=\"pxl-pxl_heading-25e7041-8298\" class=\"pxl-heading px-sub-title-default-style\">\n\t<div class=\"pxl-heading--inner\">\n\t\t\n\t\t<h3 class=\"pxl-item--title style-default highlight-default\" data-wow-delay=\"ms\">\n\n\t\t\t<span class=\"pxl-heading--text\">\n\n\t\t\t\t\t\t\t\t\tSosyal Medya\t\n\t\t\t\t\t\n\n\t\t\t<\/span>\n\t\t<\/h3>\n\t\t\n\t<\/div>\n<\/div>\t\t\t\t<\/div>\n\t\t\t\t<\/div>\n\t\t\t\t<div class=\"elementor-element elementor-element-cb5651a elementor-widget elementor-widget-pxl_social_icon\" data-id=\"cb5651a\" data-element_type=\"widget\" data-widget_type=\"pxl_social_icon.default\">\n\t\t\t\t<div class=\"elementor-widget-container\">\n\t\t\t\t\t    <div class=\"pxl-social-icons pxl-social-icons1\" data-wow-delay=\"ms\">\r\n                                    <a href=\"#\">\r\n                    <i aria-hidden=\"true\" class=\"fab fa-facebook-f\"><\/i>                <\/a>\r\n                                                <a href=\"#\">\r\n                    <i aria-hidden=\"true\" class=\"fab fa-twitter\"><\/i>                <\/a>\r\n                                                <a href=\"#\">\r\n                    <i aria-hidden=\"true\" class=\"fab fa-linkedin-in\"><\/i>                <\/a>\r\n                                                <a href=\"#\">\r\n                    <i aria-hidden=\"true\" class=\"fab fa-instagram\"><\/i>                <\/a>\r\n                        <\/div>\r\n\t\t\t\t<\/div>\n\t\t\t\t<\/div>\n\t\t            <\/div>\r\n        <\/div>\r\n                <div class=\"elementor-column elementor-col-33 elementor-top-column elementor-element elementor-element-7883acc pxl-column-none pxl-column-overflow-hidden-no\" data-id=\"7883acc\" data-element_type=\"column\">\r\n        <div class=\"elementor-widget-wrap elementor-element-populated\">\r\n                     \r\n        \t\t<div class=\"elementor-element elementor-element-34564d3 elementor-widget elementor-widget-pxl_heading\" data-id=\"34564d3\" data-element_type=\"widget\" data-widget_type=\"pxl_heading.default\">\n\t\t\t\t<div class=\"elementor-widget-container\">\n\t\t\t\t\t\n<div id=\"pxl-pxl_heading-34564d3-3355\" class=\"pxl-heading px-sub-title-default-style\">\n\t<div class=\"pxl-heading--inner\">\n\t\t\n\t\t<h3 class=\"pxl-item--title style-default highlight-default\" data-wow-delay=\"ms\">\n\n\t\t\t<span class=\"pxl-heading--text\">\n\n\t\t\t\t\t\t\t\t\tKariyer Rehberi\t\n\t\t\t\t\t\n\n\t\t\t<\/span>\n\t\t<\/h3>\n\t\t\n\t<\/div>\n<\/div>\t\t\t\t<\/div>\n\t\t\t\t<\/div>\n\t\t\t\t<div class=\"elementor-element elementor-element-0d7937b elementor-widget elementor-widget-pxl_text_editor\" data-id=\"0d7937b\" data-element_type=\"widget\" data-widget_type=\"pxl_text_editor.default\">\n\t\t\t\t<div class=\"elementor-widget-container\">\n\t\t\t\t\t<div class=\"pxl-text-editor highlight-gradient\">\n\t<div class=\"pxl-item--inner\" data-wow-delay=\"ms\">\n\t\t<p>Tamamen tutku, sadelik ve yarat\u0131c\u0131l\u0131kla olu\u015fturulmu\u015f en iyi web sitelerini ve portf\u00f6yleri g\u00f6steriyoruz. Ekibimiz ezber bozan \u00fcr\u00fcnler tasarlad\u0131.<\/p>\t\t\n\t<\/div>\n<\/div>\t\t\t\t<\/div>\n\t\t\t\t<\/div>\n\t\t\t\t<div class=\"elementor-element elementor-element-27423e2 elementor-widget elementor-widget-pxl_heading\" data-id=\"27423e2\" data-element_type=\"widget\" data-widget_type=\"pxl_heading.default\">\n\t\t\t\t<div class=\"elementor-widget-container\">\n\t\t\t\t\t\n<div id=\"pxl-pxl_heading-27423e2-7036\" class=\"pxl-heading px-sub-title-default-style\">\n\t<div class=\"pxl-heading--inner\">\n\t\t\n\t\t<h3 class=\"pxl-item--title style-default highlight-default\" data-wow-delay=\"ms\">\n\n\t\t\t<span class=\"pxl-heading--text\">\n\n\t\t\t\t\t\t\t\t\tBeceriler\t\n\t\t\t\t\t\n\n\t\t\t<\/span>\n\t\t<\/h3>\n\t\t\n\t<\/div>\n<\/div>\t\t\t\t<\/div>\n\t\t\t\t<\/div>\n\t\t\t\t<div class=\"elementor-element elementor-element-461a16c elementor-widget elementor-widget-pxl_progressbar\" data-id=\"461a16c\" data-element_type=\"widget\" data-widget_type=\"pxl_progressbar.default\">\n\t\t\t\t<div class=\"elementor-widget-container\">\n\t\t\t\t\t    <div class=\"pxl-progressbar pxl-progressbar-1 style-2\">\n                    <div class=\"pxl--item\" data-wow-delay=\"ms\">\n                                <div class=\"pxl--holder pxl-flex-grow\">\n                    <div class=\"pxl--meta pxl-flex-middle\">\n                        <div class=\"pxl--title pxl-flex-grow el-empty pxl-mr-10\">Web Tasar\u0131m<\/div>\n                        <div class=\"pxl--percentage\">80%<\/div>\n                    <\/div>\n                    <div class=\"pxl-progressbar--wrap\">\n                        <div class=\"pxl--progressbar\" role=\"progressbar\" data-valuetransitiongoal=\"80\"><\/div>\n                    <\/div>\n                <\/div>\n            <\/div>\n                    <div class=\"pxl--item\" data-wow-delay=\"ms\">\n                                <div class=\"pxl--holder pxl-flex-grow\">\n                    <div class=\"pxl--meta pxl-flex-middle\">\n                        <div class=\"pxl--title pxl-flex-grow el-empty pxl-mr-10\">Uygulama Geli\u015ftirme<\/div>\n                        <div class=\"pxl--percentage\">90%<\/div>\n                    <\/div>\n                    <div class=\"pxl-progressbar--wrap\">\n                        <div class=\"pxl--progressbar\" role=\"progressbar\" data-valuetransitiongoal=\"90\"><\/div>\n                    <\/div>\n                <\/div>\n            <\/div>\n                    <div class=\"pxl--item\" data-wow-delay=\"ms\">\n                                <div class=\"pxl--holder pxl-flex-grow\">\n                    <div class=\"pxl--meta pxl-flex-middle\">\n                        <div class=\"pxl--title pxl-flex-grow el-empty pxl-mr-10\">\u0130\u015f Dan\u0131\u015fmanl\u0131\u011f\u0131<\/div>\n                        <div class=\"pxl--percentage\">60%<\/div>\n                    <\/div>\n                    <div class=\"pxl-progressbar--wrap\">\n                        <div class=\"pxl--progressbar\" role=\"progressbar\" data-valuetransitiongoal=\"60\"><\/div>\n                    <\/div>\n                <\/div>\n            <\/div>\n            <\/div>\n\t\t\t\t<\/div>\n\t\t\t\t<\/div>\n\t\t            <\/div>\r\n        <\/div>\r\n        \t\t\t<\/div>\n\t\t<\/section>\n\t\t        <section class=\"elementor-section elementor-top-section elementor-element elementor-element-556e65f elementor-section-boxed elementor-section-height-default elementor-section-height-default pxl-row-scroll-none pxl-zoom-point-false pxl-section-overflow-visible pxl-section-fix-none pxl-bg-color-none pxl-section-overlay-none\" data-id=\"556e65f\" data-element_type=\"section\">\n\n                \n                <div class=\"elementor-container elementor-column-gap-extended\">\n                <div class=\"elementor-column elementor-col-100 elementor-top-column elementor-element elementor-element-351841e pxl-column-none pxl-column-overflow-hidden-no\" data-id=\"351841e\" data-element_type=\"column\">\r\n        <div class=\"elementor-widget-wrap elementor-element-populated\">\r\n                     \r\n        \t\t<div class=\"elementor-element elementor-element-2977973 elementor-widget elementor-widget-pxl_heading\" data-id=\"2977973\" data-element_type=\"widget\" data-widget_type=\"pxl_heading.default\">\n\t\t\t\t<div class=\"elementor-widget-container\">\n\t\t\t\t\t\n<div id=\"pxl-pxl_heading-2977973-6031\" class=\"pxl-heading px-sub-title-default-style\">\n\t<div class=\"pxl-heading--inner\">\n\t\t\n\t\t<h3 class=\"pxl-item--title style-default highlight-default\" data-wow-delay=\"ms\">\n\n\t\t\t<span class=\"pxl-heading--text\">\n\n\t\t\t\t\t\t\t\t\t\u0130\u015finizi B\u00fcy\u00fctmek i\u00e7in Uzman Web Sitesi Tasar\u0131m\u0131 ve SEO - Allan Nielsen liderli\u011finde.\t\n\t\t\t\t\t\n\n\t\t\t<\/span>\n\t\t<\/h3>\n\t\t\n\t<\/div>\n<\/div>\t\t\t\t<\/div>\n\t\t\t\t<\/div>\n\t\t\t\t<div class=\"elementor-element elementor-element-d217844 elementor-widget elementor-widget-pxl_text_editor\" data-id=\"d217844\" data-element_type=\"widget\" data-widget_type=\"pxl_text_editor.default\">\n\t\t\t\t<div class=\"elementor-widget-container\">\n\t\t\t\t\t<div class=\"pxl-text-editor highlight-gradient\">\n\t<div class=\"pxl-item--inner\" data-wow-delay=\"ms\">\n\t\t<p data-sourcepos=\"17:3-17:73\">\u00a0<\/p><p data-sourcepos=\"19:3-19:277\">Teknoloji alan\u0131nda lider bir kurum olan Kopenhag IT \u00dcniversitesi'nden mezun olan Allan Nielsen, uzman \u00e7evrimi\u00e7i i\u015f geli\u015ftirme hizmeti sunmaktad\u0131r. Yaz\u0131l\u0131m geli\u015ftirme ge\u00e7mi\u015fi ve Airbus'taki m\u00fchendislik deneyimi, etkili web siteleri olu\u015fturma konusunda titiz bir yakla\u015f\u0131m sa\u011fl\u0131yor.<\/p><p data-sourcepos=\"21:3-21:235\">Allan, k\u00fc\u00e7\u00fck ve orta \u00f6l\u00e7ekli i\u015fletmelerin b\u00fcy\u00fcmesini sa\u011flamada kan\u0131tlanm\u0131\u015f bir ge\u00e7mi\u015fe sahip web sitesi tasar\u0131m\u0131 ve SEO konusunda uzmanla\u015fm\u0131\u015ft\u0131r. Teknik uzmanl\u0131k yoluyla somut i\u015f sonu\u00e7lar\u0131 sunma becerisi \u00f6nemli bir avantajd\u0131r.<\/p><p data-sourcepos=\"23:3-23:90\">K\u00f6kleri Danimarka ge\u00e7mi\u015fine dayanan Allan'\u0131n \u00e7al\u0131\u015fmalar\u0131nda verimlilik ve i\u015flevsel tasar\u0131m \u00f6n plandad\u0131r.<\/p><p data-sourcepos=\"25:3-25:192\">\u00c7evrimi\u00e7i varl\u0131\u011f\u0131n\u0131z\u0131 d\u00f6n\u00fc\u015ft\u00fcrmek ve i\u015finizi b\u00fcy\u00fctmek i\u00e7in bir profesyonel ar\u0131yorsan\u0131z, Nielsen Tech'in uzmanl\u0131\u011f\u0131n\u0131 ke\u015ffedin. Hedeflerinizi g\u00f6r\u00fc\u015fmek i\u00e7in bizimle ileti\u015fime ge\u00e7in.<\/p>\t\t\n\t<\/div>\n<\/div>\t\t\t\t<\/div>\n\t\t\t\t<\/div>\n\t\t            <\/div>\r\n        <\/div>\r\n        \t\t\t<\/div>\n\t\t<\/section>\n\t\t\t\t<\/div>","protected":false},"excerpt":{"rendered":"<p>Allan Nielsen Sr. Web Developer Position: CEO Experience: 12+ Years Location: WC2H 9JQ ,london Email: Allan.Nielsen.1st@gmail.com Phone: +44 7341 741087 Social Media Career Guideline We shows only the best websites and portfolios built completely with passion, simplicity &amp; creativity. Our team have designed game changing products. Skills Web Design 80% App Development 90% Business Consulting [&hellip;]<\/p>","protected":false},"author":1,"featured_media":0,"parent":0,"menu_order":0,"comment_status":"closed","ping_status":"closed","template":"","meta":{"googlesitekit_rrm_CAowjZu7DA:productID":"","footnotes":""},"class_list":["post-525","page","type-page","status-publish","hentry"],"_hostinger_reach_plugin_has_subscription_block":false,"_hostinger_reach_plugin_is_elementor":false,"_links":{"self":[{"href":"https:\/\/nielsentech.co.uk\/tr\/wp-json\/wp\/v2\/pages\/525","targetHints":{"allow":["GET"]}}],"collection":[{"href":"https:\/\/nielsentech.co.uk\/tr\/wp-json\/wp\/v2\/pages"}],"about":[{"href":"https:\/\/nielsentech.co.uk\/tr\/wp-json\/wp\/v2\/types\/page"}],"author":[{"embeddable":true,"href":"https:\/\/nielsentech.co.uk\/tr\/wp-json\/wp\/v2\/users\/1"}],"replies":[{"embeddable":true,"href":"https:\/\/nielsentech.co.uk\/tr\/wp-json\/wp\/v2\/comments?post=525"}],"version-history":[{"count":3,"href":"https:\/\/nielsentech.co.uk\/tr\/wp-json\/wp\/v2\/pages\/525\/revisions"}],"predecessor-version":[{"id":5265,"href":"https:\/\/nielsentech.co.uk\/tr\/wp-json\/wp\/v2\/pages\/525\/revisions\/5265"}],"wp:attachment":[{"href":"https:\/\/nielsentech.co.uk\/tr\/wp-json\/wp\/v2\/media?parent=525"}],"curies":[{"name":"wp","href":"https:\/\/api.w.org\/{rel}","templated":true}]}}