{"id":593,"date":"2024-04-25T03:08:55","date_gmt":"2024-04-25T03:08:55","guid":{"rendered":"https:\/\/demo.casethemes.net\/proactive\/?page_id=593"},"modified":"2025-04-20T12:27:16","modified_gmt":"2025-04-20T12:27:16","slug":"bizim-ekibimiz","status":"publish","type":"page","link":"https:\/\/nielsentech.co.uk\/tr\/bizim-ekibimiz\/","title":{"rendered":"M\u00fc\u015fterilerimiz Ne Diyor"},"content":{"rendered":"<div data-elementor-type=\"wp-page\" data-elementor-id=\"593\" class=\"elementor elementor-593\">\n\t\t\t\t        <section class=\"elementor-section elementor-top-section elementor-element elementor-element-ec66cfa elementor-section-boxed elementor-section-height-default elementor-section-height-default pxl-row-scroll-none pxl-zoom-point-false pxl-section-overflow-visible pxl-section-fix-none pxl-bg-color-none pxl-section-overlay-none\" data-id=\"ec66cfa\" data-element_type=\"section\">\n\n                \n                <div class=\"elementor-container elementor-column-gap-extended\">\n                <div class=\"elementor-column elementor-col-100 elementor-top-column elementor-element elementor-element-48aabe5 pxl-column-none pxl-column-overflow-hidden-no\" data-id=\"48aabe5\" data-element_type=\"column\">\r\n        <div class=\"elementor-widget-wrap elementor-element-populated\">\r\n                     \r\n                <section class=\"elementor-section elementor-inner-section elementor-element elementor-element-48fea33 elementor-section-content-middle elementor-section-boxed elementor-section-height-default elementor-section-height-default pxl-row-scroll-none pxl-zoom-point-false pxl-section-overflow-visible pxl-section-fix-none pxl-bg-color-none pxl-section-overlay-none\" data-id=\"48fea33\" data-element_type=\"section\">\n\n                \n                <div class=\"elementor-container elementor-column-gap-extended\">\n                <div class=\"elementor-column elementor-col-50 elementor-inner-column elementor-element elementor-element-9ccc330 pxl-column-none pxl-column-overflow-hidden-no\" data-id=\"9ccc330\" data-element_type=\"column\">\r\n        <div class=\"elementor-widget-wrap elementor-element-populated\">\r\n                     \r\n        \t\t<div class=\"elementor-element elementor-element-a459fef elementor-widget elementor-widget-pxl_heading\" data-id=\"a459fef\" data-element_type=\"widget\" data-widget_type=\"pxl_heading.default\">\n\t\t\t\t<div class=\"elementor-widget-container\">\n\t\t\t\t\t\n<div id=\"pxl-pxl_heading-a459fef-9305\" class=\"pxl-heading px-sub-title-shape-style\">\n\t<div class=\"pxl-heading--inner\">\n\t\t\t\t\t<div class=\"pxl-item--subtitle px-sub-title-shape\" data-wow-delay=\"ms\">\n\t\t\t\t<span class=\"pxl-item--subtext\">\n\t\t\t\t\t\t\t\t\t\t\t<i class=\"flaticon-heading text-gradient pxl-mr-10 pxl-icon--heading\"><\/i>\n\t\t\t\t\t\t\t\t\t\t\t\t\t\t\t\t\t\t\t\t<span class=\"\">Ekip \u00dcyemiz<\/span>\n\t\t\t\t<\/span>\n\t\t\t<\/div>\n\t\t\n\t\t<h2 class=\"pxl-item--title style-default highlight-default pxl-split-text split-in-right\" data-wow-delay=\"ms\">\n\n\t\t\t<span class=\"pxl-heading--text\">\n\n\t\t\t\t\t\t\t\t\tMarka B\u00fcy\u00fcmesini Birlikte G\u00fc\u00e7lendiriyoruz\t\n\t\t\t\t\t\n\n\t\t\t<\/span>\n\t\t<\/h2>\n\t\t\n\t<\/div>\n<\/div>\t\t\t\t<\/div>\n\t\t\t\t<\/div>\n\t\t            <\/div>\r\n        <\/div>\r\n                <div class=\"elementor-column elementor-col-50 elementor-inner-column elementor-element elementor-element-4efcc26 pxl-column-none pxl-column-overflow-hidden-no\" data-id=\"4efcc26\" data-element_type=\"column\">\r\n        <div class=\"elementor-widget-wrap elementor-element-populated\">\r\n                     \r\n        \t\t<div class=\"elementor-element elementor-element-d6ce79d elementor-widget__width-auto elementor-widget elementor-widget-pxl_text_editor\" data-id=\"d6ce79d\" data-element_type=\"widget\" data-widget_type=\"pxl_text_editor.default\">\n\t\t\t\t<div class=\"elementor-widget-container\">\n\t\t\t\t\t<div class=\"pxl-text-editor highlight-gradient\">\n\t<div class=\"pxl-item--inner\" data-wow-delay=\"ms\">\n\t\t<p>Sizin vizyonunuz, bizim uzmanl\u0131\u011f\u0131m\u0131z. Ola\u011fan\u00fcst\u00fc yaz\u0131l\u0131m tasar\u0131m ve geli\u015ftirme ekibimiz fikirlerinizi ger\u00e7e\u011fe d\u00f6n\u00fc\u015ft\u00fcrerek, yard\u0131m\u0131m\u0131zla i\u015flerinin h\u0131zla b\u00fcy\u00fcd\u00fc\u011f\u00fcn\u00fc g\u00f6ren m\u00fc\u015fterilerin giderek artan listesine kat\u0131lman\u0131za yard\u0131mc\u0131 olur.<\/p>\t\t\n\t<\/div>\n<\/div>\t\t\t\t<\/div>\n\t\t\t\t<\/div>\n\t\t            <\/div>\r\n        <\/div>\r\n        \t\t\t<\/div>\n\t\t<\/section>\n\t\t\t\t<div class=\"elementor-element elementor-element-cf3d6d2 elementor-widget elementor-widget-pxl_team_grid\" data-id=\"cf3d6d2\" data-element_type=\"widget\" data-widget_type=\"pxl_team_grid.default\">\n\t\t\t\t<div class=\"elementor-widget-container\">\n\t\t\t\t\t    <div class=\"pxl-grid pxl-team-grid pxl-team-grid1 pxl-team-layout1\">\r\n        <div class=\"pxl-grid-inner pxl-grid-masonry row\" data-gutter=\"15\">\r\n                            <div class=\"pxl-grid-item col-xl-4 col-lg-4 col-md-6 col-sm-6 col-12\">\r\n                    <div class=\"pxl-item--inner wow fadeInUp\">\r\n                                                    <div class=\"pxl-item--image\">\r\n                                <a href=\"https:\/\/nielsentech.co.uk\/tr\/eki%cc%87p-bi%cc%87lgi%cc%87leri%cc%87\/\">                                    <img fetchpriority=\"high\" decoding=\"async\" class=\"no-lazyload\" src=\"https:\/\/nielsentech.co.uk\/wp-content\/uploads\/2025\/04\/WhatsApp-Image-2025-04-15-at-23.16.28_6b788734-354x354.jpg\" width=\"354\" height=\"354\" alt=\"Allan Nielsen\" title=\"Allan Nielsen\" \/>                                <\/a>                                                                    <div class=\"pxl-item--social\">\r\n                                                                                    <a href=\"#\" target=\"_blank\"><i class=\"fab fa-facebook-f\"><\/i><\/a>\r\n                                                                                    <a href=\"#\" target=\"_blank\"><i class=\"fab fa-twitter\"><\/i><\/a>\r\n                                                                                    <a href=\"#\" target=\"_blank\"><i class=\"fab fa-linkedin-in\"><\/i><\/a>\r\n                                                                                    <a href=\"#\" target=\"_blank\"><i class=\"fab fa-instagram\"><\/i><\/a>\r\n                                                                            <\/div>\r\n                                                            <\/div>\r\n                                                <div class=\"pxl-item--holder pxl-text-center pxl-transition\">\r\n                            <h3 class=\"pxl-item--title\">Allan Nielsen<\/h3>\r\n                            <div class=\"pxl-item--position\"><span>Kurucu CEO<\/span><\/div>\r\n                        <\/div>\r\n                   <\/div>\r\n                <\/div>\r\n                            <div class=\"pxl-grid-item col-xl-4 col-lg-4 col-md-6 col-sm-6 col-12\">\r\n                    <div class=\"pxl-item--inner wow fadeInUp\">\r\n                                                    <div class=\"pxl-item--image\">\r\n                                <a href=\"https:\/\/nielsentech.co.uk\/tr\/eki%cc%87p-bi%cc%87lgi%cc%87leri%cc%87\/\">                                    <img decoding=\"async\" class=\"no-lazyload\" src=\"https:\/\/nielsentech.co.uk\/wp-content\/uploads\/2025\/04\/video-call-online-meeting-with-friends-young-beautiful-muslim-woman-in-hijab-looking-at-camera-and-354x354.jpg\" width=\"354\" height=\"354\" alt=\"Arkada\u015flarla \u00e7evrimi\u00e7i g\u00f6r\u00fcnt\u00fcl\u00fc g\u00f6r\u00fc\u015fme, ba\u015f\u00f6rt\u00fcl\u00fc gen\u00e7 ve g\u00fczel M\u00fcsl\u00fcman kad\u0131n kameraya bak\u0131yor ve\" title=\"Arkada\u015flarla \u00e7evrimi\u00e7i g\u00f6r\u00fcnt\u00fcl\u00fc g\u00f6r\u00fc\u015fme, ba\u015f\u00f6rt\u00fcl\u00fc gen\u00e7 ve g\u00fczel M\u00fcsl\u00fcman kad\u0131n kameraya bak\u0131yor ve\" \/>                                <\/a>                                                                    <div class=\"pxl-item--social\">\r\n                                                                                    <a href=\"#\" target=\"_blank\"><i class=\"fab fa-facebook-f\"><\/i><\/a>\r\n                                                                                    <a href=\"#\" target=\"_blank\"><i class=\"fab fa-twitter\"><\/i><\/a>\r\n                                                                                    <a href=\"#\" target=\"_blank\"><i class=\"fab fa-linkedin-in\"><\/i><\/a>\r\n                                                                                    <a href=\"#\" target=\"_blank\"><i class=\"fab fa-instagram\"><\/i><\/a>\r\n                                                                            <\/div>\r\n                                                            <\/div>\r\n                                                <div class=\"pxl-item--holder pxl-text-center pxl-transition\">\r\n                            <h3 class=\"pxl-item--title\">Emma Markson<\/h3>\r\n                            <div class=\"pxl-item--position\"><span>Liderlik Ekibi<\/span><\/div>\r\n                        <\/div>\r\n                   <\/div>\r\n                <\/div>\r\n                            <div class=\"pxl-grid-item col-xl-4 col-lg-4 col-md-6 col-sm-6 col-12\">\r\n                    <div class=\"pxl-item--inner wow fadeInUp\">\r\n                                                    <div class=\"pxl-item--image\">\r\n                                <a href=\"https:\/\/nielsentech.co.uk\/tr\/eki%cc%87p-bi%cc%87lgi%cc%87leri%cc%87\/\">                                    <img decoding=\"async\" class=\"no-lazyload\" src=\"https:\/\/nielsentech.co.uk\/wp-content\/uploads\/2025\/04\/portrait-of-confident-business-woman-in-suit-cross-arms-on-chest-looking-self-assured-in-city-354x354.jpg\" width=\"354\" height=\"354\" alt=\"Tak\u0131m elbiseli, kollar\u0131n\u0131 g\u00f6\u011fs\u00fcnde kavu\u015fturmu\u015f, \u015fehirde kendinden emin g\u00f6r\u00fcnen i\u015f kad\u0131n\u0131 portresi\" title=\"Tak\u0131m elbiseli, kollar\u0131n\u0131 g\u00f6\u011fs\u00fcnde kavu\u015fturmu\u015f, \u015fehirde kendinden emin g\u00f6r\u00fcnen i\u015f kad\u0131n\u0131 portresi\" \/>                                <\/a>                                                                    <div class=\"pxl-item--social\">\r\n                                                                                    <a href=\"#\" target=\"_blank\"><i class=\"fab fa-facebook-f\"><\/i><\/a>\r\n                                                                                    <a href=\"#\" target=\"_blank\"><i class=\"fab fa-twitter\"><\/i><\/a>\r\n                                                                                    <a href=\"#\" target=\"_blank\"><i class=\"fab fa-linkedin-in\"><\/i><\/a>\r\n                                                                                    <a href=\"#\" target=\"_blank\"><i class=\"fab fa-instagram\"><\/i><\/a>\r\n                                                                            <\/div>\r\n                                                            <\/div>\r\n                                                <div class=\"pxl-item--holder pxl-text-center pxl-transition\">\r\n                            <h3 class=\"pxl-item--title\">Kristin Watson<\/h3>\r\n                            <div class=\"pxl-item--position\"><span>K\u0131demli Dan\u0131\u015fman<\/span><\/div>\r\n                        <\/div>\r\n                   <\/div>\r\n                <\/div>\r\n                            <div class=\"pxl-grid-item col-xl-4 col-lg-4 col-md-6 col-sm-6 col-12\">\r\n                    <div class=\"pxl-item--inner wow fadeInUp\">\r\n                                                    <div class=\"pxl-item--image\">\r\n                                <a href=\"https:\/\/nielsentech.co.uk\/tr\/eki%cc%87p-bi%cc%87lgi%cc%87leri%cc%87\/\">                                    <img loading=\"lazy\" decoding=\"async\" class=\"no-lazyload\" src=\"https:\/\/nielsentech.co.uk\/wp-content\/uploads\/2024\/04\/team-4.png\" width=\"354\" height=\"354\" alt=\"tak\u0131m-4\" title=\"tak\u0131m-4\" \/>                                <\/a>                                                                    <div class=\"pxl-item--social\">\r\n                                                                                    <a href=\"#\" target=\"_blank\"><i class=\"fab fa-facebook-f\"><\/i><\/a>\r\n                                                                                    <a href=\"#\" target=\"_blank\"><i class=\"fab fa-twitter\"><\/i><\/a>\r\n                                                                                    <a href=\"#\" target=\"_blank\"><i class=\"fab fa-linkedin-in\"><\/i><\/a>\r\n                                                                                    <a href=\"#\" target=\"_blank\"><i class=\"fab fa-instagram\"><\/i><\/a>\r\n                                                                            <\/div>\r\n                                                            <\/div>\r\n                                                <div class=\"pxl-item--holder pxl-text-center pxl-transition\">\r\n                            <h3 class=\"pxl-item--title\">Eleanor Pena<\/h3>\r\n                            <div class=\"pxl-item--position\"><span>Web Geli\u015ftirici<\/span><\/div>\r\n                        <\/div>\r\n                   <\/div>\r\n                <\/div>\r\n                            <div class=\"pxl-grid-item col-xl-4 col-lg-4 col-md-6 col-sm-6 col-12\">\r\n                    <div class=\"pxl-item--inner wow fadeInUp\">\r\n                                                    <div class=\"pxl-item--image\">\r\n                                <a href=\"https:\/\/nielsentech.co.uk\/tr\/eki%cc%87p-bi%cc%87lgi%cc%87leri%cc%87\/\">                                    <img loading=\"lazy\" decoding=\"async\" class=\"no-lazyload\" src=\"https:\/\/nielsentech.co.uk\/wp-content\/uploads\/2024\/04\/team-5.png\" width=\"354\" height=\"354\" alt=\"tak\u0131m-5\" title=\"tak\u0131m-5\" \/>                                <\/a>                                                                    <div class=\"pxl-item--social\">\r\n                                                                                    <a href=\"#\" target=\"_blank\"><i class=\"fab fa-facebook-f\"><\/i><\/a>\r\n                                                                                    <a href=\"#\" target=\"_blank\"><i class=\"fab fa-twitter\"><\/i><\/a>\r\n                                                                                    <a href=\"#\" target=\"_blank\"><i class=\"fab fa-linkedin-in\"><\/i><\/a>\r\n                                                                                    <a href=\"#\" target=\"_blank\"><i class=\"fab fa-instagram\"><\/i><\/a>\r\n                                                                            <\/div>\r\n                                                            <\/div>\r\n                                                <div class=\"pxl-item--holder pxl-text-center pxl-transition\">\r\n                            <h3 class=\"pxl-item--title\">Darrell Steward<\/h3>\r\n                            <div class=\"pxl-item--position\"><span>Pazarlama Direkt\u00f6r\u00fc<\/span><\/div>\r\n                        <\/div>\r\n                   <\/div>\r\n                <\/div>\r\n                            <div class=\"pxl-grid-item col-xl-4 col-lg-4 col-md-6 col-sm-6 col-12\">\r\n                    <div class=\"pxl-item--inner wow fadeInUp\">\r\n                                                    <div class=\"pxl-item--image\">\r\n                                <a href=\"https:\/\/nielsentech.co.uk\/tr\/eki%cc%87p-bi%cc%87lgi%cc%87leri%cc%87\/\">                                    <img loading=\"lazy\" decoding=\"async\" class=\"no-lazyload\" src=\"https:\/\/nielsentech.co.uk\/wp-content\/uploads\/2024\/04\/team-6.png\" width=\"354\" height=\"354\" alt=\"tak\u0131m-6\" title=\"tak\u0131m-6\" \/>                                <\/a>                                                                    <div class=\"pxl-item--social\">\r\n                                                                                    <a href=\"#\" target=\"_blank\"><i class=\"fab fa-facebook-f\"><\/i><\/a>\r\n                                                                                    <a href=\"#\" target=\"_blank\"><i class=\"fab fa-twitter\"><\/i><\/a>\r\n                                                                                    <a href=\"#\" target=\"_blank\"><i class=\"fab fa-linkedin-in\"><\/i><\/a>\r\n                                                                                    <a href=\"#\" target=\"_blank\"><i class=\"fab fa-instagram\"><\/i><\/a>\r\n                                                                            <\/div>\r\n                                                            <\/div>\r\n                                                <div class=\"pxl-item--holder pxl-text-center pxl-transition\">\r\n                            <h3 class=\"pxl-item--title\">Ronald Richards<\/h3>\r\n                            <div class=\"pxl-item--position\"><span>Y\u00f6netici Dan\u0131\u015fmanlar\u0131<\/span><\/div>\r\n                        <\/div>\r\n                   <\/div>\r\n                <\/div>\r\n                        <div class=\"grid-sizer col-xl-4 col-lg-4 col-md-6 col-sm-6 col-12\"><\/div>\r\n        <\/div>\r\n    <\/div>\r\n\t\t\t\t<\/div>\n\t\t\t\t<\/div>\n\t\t            <\/div>\r\n        <\/div>\r\n        \t\t\t<\/div>\n\t\t<\/section>\n\t\t        <section class=\"elementor-section elementor-top-section elementor-element elementor-element-45661a9 elementor-section-boxed elementor-section-height-default elementor-section-height-default pxl-row-scroll-none pxl-zoom-point-false pxl-section-overflow-visible pxl-section-fix-none pxl-bg-color-none pxl-section-overlay-none\" data-id=\"45661a9\" data-element_type=\"section\">\n\n                \n                <div class=\"elementor-container elementor-column-gap-extended\">\n                <div class=\"elementor-column elementor-col-100 elementor-top-column elementor-element elementor-element-1f97eed pxl-column-none pxl-column-overflow-hidden-no\" data-id=\"1f97eed\" data-element_type=\"column\">\r\n        <div class=\"elementor-widget-wrap elementor-element-populated\">\r\n                     \r\n        \t\t<div class=\"elementor-element elementor-element-4a01b63 elementor-widget elementor-widget-pxl_text_editor\" data-id=\"4a01b63\" data-element_type=\"widget\" data-widget_type=\"pxl_text_editor.default\">\n\t\t\t\t<div class=\"elementor-widget-container\">\n\t\t\t\t\t<div class=\"pxl-text-editor highlight-gradient\">\n\t<div class=\"pxl-item--inner\" data-wow-delay=\"ms\">\n\t\t27.000+ ki\u015fiye kat\u0131l\u0131n <strong>ula\u015fan \u015firketler<\/strong>\t\t\n\t<\/div>\n<\/div>\t\t\t\t<\/div>\n\t\t\t\t<\/div>\n\t\t\t\t<div class=\"elementor-element elementor-element-9934866 elementor-widget elementor-widget-pxl_partner_carousel\" data-id=\"9934866\" data-element_type=\"widget\" data-widget_type=\"pxl_partner_carousel.default\">\n\t\t\t\t<div class=\"elementor-widget-container\">\n\t\t\t\t\t    <div class=\"pxl-swiper-slider pxl-partner-carousel pxl-partner-carousel1\">\n        <div class=\"pxl-carousel-inner\">\n            <div class=\"pxl-swiper-container\" dir=\"ltr\" data-settings=\"{&quot;slide_direction&quot;:&quot;horizontal&quot;,&quot;slide_percolumn&quot;:1,&quot;slide_mode&quot;:&quot;slide&quot;,&quot;slides_to_show&quot;:5,&quot;slides_to_show_xxl&quot;:5,&quot;slides_to_show_lg&quot;:4,&quot;slides_to_show_md&quot;:4,&quot;slides_to_show_sm&quot;:3,&quot;slides_to_show_xs&quot;:2,&quot;slides_to_scroll&quot;:1,&quot;arrow&quot;:false,&quot;pagination&quot;:false,&quot;pagination_type&quot;:&quot;bullets&quot;,&quot;autoplay&quot;:false,&quot;pause_on_hover&quot;:false,&quot;pause_on_interaction&quot;:true,&quot;delay&quot;:5000,&quot;loop&quot;:true,&quot;speed&quot;:500}\">\n                <div class=\"pxl-swiper-wrapper\">\n                                            <div class=\"pxl-swiper-slide\">\n                            <div class=\"pxl-item--inner\" data-wow-delay=\"ms\">\n                                                                     <div class=\"pxl-item--logo\">\n                                        <a href=\"#\"><img loading=\"lazy\" decoding=\"async\" width=\"500\" height=\"500\" src=\"https:\/\/nielsentech.co.uk\/wp-content\/uploads\/2025\/04\/borcelle-Photoroom-1.png\" class=\"no-lazyload attachment-full\" alt=\"\" srcset=\"https:\/\/nielsentech.co.uk\/wp-content\/uploads\/2025\/04\/borcelle-Photoroom-1.png 500w, https:\/\/nielsentech.co.uk\/wp-content\/uploads\/2025\/04\/borcelle-Photoroom-1-300x300.png 300w, https:\/\/nielsentech.co.uk\/wp-content\/uploads\/2025\/04\/borcelle-Photoroom-1-150x150.png 150w\" sizes=\"(max-width: 500px) 100vw, 500px\" \/><\/a>\n                                    <\/div>\n                                                           <\/div>\n                        <\/div>\n                                            <div class=\"pxl-swiper-slide\">\n                            <div class=\"pxl-item--inner\" data-wow-delay=\"ms\">\n                                                                     <div class=\"pxl-item--logo\">\n                                        <a href=\"#\"><img loading=\"lazy\" decoding=\"async\" width=\"720\" height=\"190\" src=\"https:\/\/nielsentech.co.uk\/wp-content\/uploads\/2025\/04\/result.png\" class=\"no-lazyload attachment-full\" alt=\"\" srcset=\"https:\/\/nielsentech.co.uk\/wp-content\/uploads\/2025\/04\/result.png 720w, https:\/\/nielsentech.co.uk\/wp-content\/uploads\/2025\/04\/result-300x79.png 300w, https:\/\/nielsentech.co.uk\/wp-content\/uploads\/2025\/04\/result-600x158.png 600w\" sizes=\"(max-width: 720px) 100vw, 720px\" \/><\/a>\n                                    <\/div>\n                                                           <\/div>\n                        <\/div>\n                                            <div class=\"pxl-swiper-slide\">\n                            <div class=\"pxl-item--inner\" data-wow-delay=\"ms\">\n                                                                     <div class=\"pxl-item--logo\">\n                                        <a href=\"#\"><img loading=\"lazy\" decoding=\"async\" width=\"720\" height=\"204\" src=\"https:\/\/nielsentech.co.uk\/wp-content\/uploads\/2025\/04\/result-1.png\" class=\"no-lazyload attachment-full\" alt=\"\" srcset=\"https:\/\/nielsentech.co.uk\/wp-content\/uploads\/2025\/04\/result-1.png 720w, https:\/\/nielsentech.co.uk\/wp-content\/uploads\/2025\/04\/result-1-300x85.png 300w, https:\/\/nielsentech.co.uk\/wp-content\/uploads\/2025\/04\/result-1-600x170.png 600w\" sizes=\"(max-width: 720px) 100vw, 720px\" \/><\/a>\n                                    <\/div>\n                                                           <\/div>\n                        <\/div>\n                                            <div class=\"pxl-swiper-slide\">\n                            <div class=\"pxl-item--inner\" data-wow-delay=\"ms\">\n                                                                     <div class=\"pxl-item--logo\">\n                                        <a href=\"#\"><img loading=\"lazy\" decoding=\"async\" width=\"229\" height=\"117\" src=\"https:\/\/nielsentech.co.uk\/wp-content\/uploads\/2024\/04\/partner-4.png\" class=\"no-lazyload attachment-full\" alt=\"\" \/><\/a>\n                                    <\/div>\n                                                           <\/div>\n                        <\/div>\n                                            <div class=\"pxl-swiper-slide\">\n                            <div class=\"pxl-item--inner\" data-wow-delay=\"ms\">\n                                                                     <div class=\"pxl-item--logo\">\n                                        <a href=\"#\"><img loading=\"lazy\" decoding=\"async\" width=\"229\" height=\"117\" src=\"https:\/\/nielsentech.co.uk\/wp-content\/uploads\/2024\/04\/partner-5.png\" class=\"no-lazyload attachment-full\" alt=\"\" \/><\/a>\n                                    <\/div>\n                                                           <\/div>\n                        <\/div>\n                                    <\/div>\n            <\/div>\n            \n            \n                        \n        <\/div>\n    <\/div>\n\t\t\t\t<\/div>\n\t\t\t\t<\/div>\n\t\t            <\/div>\r\n        <\/div>\r\n        \t\t\t<\/div>\n\t\t<\/section>\n\t\t\t\t<\/div>","protected":false},"excerpt":{"rendered":"<p>Our Team Member Empowering Brand Growth Together Your vision, our expertise. Our exceptional software design and development team transforms your ideas into reality, helping you join the growing list of clients who&#8217;ve seen their business skyrocket with our help. Allan Nielsen Founder CEO Emma Markson Leadership Team Kristin Watson Senior Consultant Eleanor Pena Web Developer [&hellip;]<\/p>","protected":false},"author":1,"featured_media":0,"parent":0,"menu_order":0,"comment_status":"closed","ping_status":"closed","template":"","meta":{"googlesitekit_rrm_CAowjZu7DA:productID":"","footnotes":""},"class_list":["post-593","page","type-page","status-publish","hentry"],"_hostinger_reach_plugin_has_subscription_block":false,"_hostinger_reach_plugin_is_elementor":false,"_links":{"self":[{"href":"https:\/\/nielsentech.co.uk\/tr\/wp-json\/wp\/v2\/pages\/593","targetHints":{"allow":["GET"]}}],"collection":[{"href":"https:\/\/nielsentech.co.uk\/tr\/wp-json\/wp\/v2\/pages"}],"about":[{"href":"https:\/\/nielsentech.co.uk\/tr\/wp-json\/wp\/v2\/types\/page"}],"author":[{"embeddable":true,"href":"https:\/\/nielsentech.co.uk\/tr\/wp-json\/wp\/v2\/users\/1"}],"replies":[{"embeddable":true,"href":"https:\/\/nielsentech.co.uk\/tr\/wp-json\/wp\/v2\/comments?post=593"}],"version-history":[{"count":7,"href":"https:\/\/nielsentech.co.uk\/tr\/wp-json\/wp\/v2\/pages\/593\/revisions"}],"predecessor-version":[{"id":5361,"href":"https:\/\/nielsentech.co.uk\/tr\/wp-json\/wp\/v2\/pages\/593\/revisions\/5361"}],"wp:attachment":[{"href":"https:\/\/nielsentech.co.uk\/tr\/wp-json\/wp\/v2\/media?parent=593"}],"curies":[{"name":"wp","href":"https:\/\/api.w.org\/{rel}","templated":true}]}}