{"id":762,"date":"2024-04-25T07:39:07","date_gmt":"2024-04-25T07:39:07","guid":{"rendered":"https:\/\/demo.casethemes.net\/proactive\/?page_id=762"},"modified":"2025-05-18T13:44:58","modified_gmt":"2025-05-18T13:44:58","slug":"bize-ulasin","status":"publish","type":"page","link":"https:\/\/nielsentech.co.uk\/tr\/bize-ulasin\/","title":{"rendered":"Bize ula\u015f\u0131n"},"content":{"rendered":"<div data-elementor-type=\"wp-page\" data-elementor-id=\"762\" class=\"elementor elementor-762\">\n\t\t\t\t        <section class=\"elementor-section elementor-top-section elementor-element elementor-element-d652f5b elementor-section-boxed elementor-section-height-default elementor-section-height-default pxl-row-scroll-none pxl-zoom-point-false pxl-section-overflow-visible pxl-section-fix-none pxl-bg-color-none pxl-section-overlay-none\" data-id=\"d652f5b\" data-element_type=\"section\">\n\n                \n                <div class=\"elementor-container elementor-column-gap-extended\">\n                <div class=\"elementor-column elementor-col-33 elementor-top-column elementor-element elementor-element-5eae2b8 pxl-column-none pxl-column-overflow-hidden-no\" data-id=\"5eae2b8\" data-element_type=\"column\">\r\n        <div class=\"elementor-widget-wrap elementor-element-populated\">\r\n                     \r\n        \t\t<div class=\"elementor-element elementor-element-2059c9f elementor-widget elementor-widget-pxl_contact_box\" data-id=\"2059c9f\" data-element_type=\"widget\" data-widget_type=\"pxl_contact_box.default\">\n\t\t\t\t<div class=\"elementor-widget-container\">\n\t\t\t\t\t<div class=\"pxl-contact-box pxl-contact-box1 wow fadeInUp\" data-wow-delay=\"100ms\">\r\n\t<div class=\"pxl-contact--inner\">\r\n\t\t\t\t\t<div class=\"pxl-item--button\">\r\n\t\t\t\t<a class=\"btn btn-gradient-horizontal\" href=\"mailto:allan.nielsen.1st@gmail.com\">\u0130leti\u015fim<\/a>\r\n\t\t\t<\/div>\r\n\t\t\t\t<div class=\"pxl-item--holder\">\r\n\t\t\t\t\t\t\t<div class=\"pxl-item--icon pxl-mr-18\">\r\n\t\t\t\t\t<i aria-hidden=\"true\" class=\"flaticon flaticon-email\"><\/i>\t\t\t\t<\/div>\r\n\t\t\t\t\t\t<div class=\"pxl-item--meta\">\r\n\t\t\t\t<h6 class=\"pxl-item--title el-empty\">E-posta Adresi<\/h6>\r\n\t\t\t\t<div class=\"pxl-item--content el-empty\">sat\u0131\u015f ekibi:\n <br\/>info@nielsentech.co.uk\n <br\/>destek: Allan.nielsen.1st@gmail.com<br\/>\n\n\n<\/div>\r\n\t\t\t<\/div>\r\n\t\t<\/div>\r\n\t<\/div>\r\n<\/div>\t\t\t\t<\/div>\n\t\t\t\t<\/div>\n\t\t            <\/div>\r\n        <\/div>\r\n                <div class=\"elementor-column elementor-col-33 elementor-top-column elementor-element elementor-element-c60616a pxl-column-none pxl-column-overflow-hidden-no\" data-id=\"c60616a\" data-element_type=\"column\">\r\n        <div class=\"elementor-widget-wrap elementor-element-populated\">\r\n                     \r\n        \t\t<div class=\"elementor-element elementor-element-c672bf3 elementor-widget elementor-widget-pxl_contact_box\" data-id=\"c672bf3\" data-element_type=\"widget\" data-widget_type=\"pxl_contact_box.default\">\n\t\t\t\t<div class=\"elementor-widget-container\">\n\t\t\t\t\t<div class=\"pxl-contact-box pxl-contact-box1 wow fadeInUp\" data-wow-delay=\"200ms\">\r\n\t<div class=\"pxl-contact--inner\">\r\n\t\t\t\t\t<div class=\"pxl-item--button\">\r\n\t\t\t\t<a class=\"btn btn-gradient-horizontal\" href=\"tel:2295550109\">Aray\u0131n<\/a>\r\n\t\t\t<\/div>\r\n\t\t\t\t<div class=\"pxl-item--holder\">\r\n\t\t\t\t\t\t\t<div class=\"pxl-item--icon pxl-mr-18\">\r\n\t\t\t\t\t<i aria-hidden=\"true\" class=\"flaticon flaticon-phone\"><\/i>\t\t\t\t<\/div>\r\n\t\t\t\t\t\t<div class=\"pxl-item--meta\">\r\n\t\t\t\t<h6 class=\"pxl-item--title el-empty\">Telefon Numaras\u0131<\/h6>\r\n\t\t\t\t<div class=\"pxl-item--content el-empty\"><br\/>Pazartesiden Pazara<br\/> Sabah 8:30 - Ak\u015fam 6:00<br\/>\n\n+44 7341 741087<br\/>\n<\/div>\r\n\t\t\t<\/div>\r\n\t\t<\/div>\r\n\t<\/div>\r\n<\/div>\t\t\t\t<\/div>\n\t\t\t\t<\/div>\n\t\t            <\/div>\r\n        <\/div>\r\n                <div class=\"elementor-column elementor-col-33 elementor-top-column elementor-element elementor-element-a0782e1 pxl-column-none pxl-column-overflow-hidden-no\" data-id=\"a0782e1\" data-element_type=\"column\">\r\n        <div class=\"elementor-widget-wrap elementor-element-populated\">\r\n                     \r\n        \t\t<div class=\"elementor-element elementor-element-530d836 elementor-widget elementor-widget-pxl_contact_box\" data-id=\"530d836\" data-element_type=\"widget\" data-widget_type=\"pxl_contact_box.default\">\n\t\t\t\t<div class=\"elementor-widget-container\">\n\t\t\t\t\t<div class=\"pxl-contact-box pxl-contact-box1 wow fadeInUp\" data-wow-delay=\"300ms\">\r\n\t<div class=\"pxl-contact--inner\">\r\n\t\t\t\t\t<div class=\"pxl-item--button\">\r\n\t\t\t\t<a class=\"btn btn-gradient-horizontal\" href=\"https:\/\/g.co\/kgs\/gruvqGo\" target=\"_blank\">Adres<\/a>\r\n\t\t\t<\/div>\r\n\t\t\t\t<div class=\"pxl-item--holder\">\r\n\t\t\t\t\t\t\t<div class=\"pxl-item--icon pxl-mr-18\">\r\n\t\t\t\t\t<i aria-hidden=\"true\" class=\"flaticon flaticon-placeholder\"><\/i>\t\t\t\t<\/div>\r\n\t\t\t\t\t\t<div class=\"pxl-item--meta\">\r\n\t\t\t\t<h6 class=\"pxl-item--title el-empty\">Konum<\/h6>\r\n\t\t\t\t<div class=\"pxl-item--content el-empty\"><br\/>Adres:<br\/>\n\n71-75 Shelton St,\nCovent Garden,\nLondra, WC2H 9JQ<\/div>\r\n\t\t\t<\/div>\r\n\t\t<\/div>\r\n\t<\/div>\r\n<\/div>\t\t\t\t<\/div>\n\t\t\t\t<\/div>\n\t\t            <\/div>\r\n        <\/div>\r\n        \t\t\t<\/div>\n\t\t<\/section>\n\t\t        <section class=\"elementor-section elementor-top-section elementor-element elementor-element-99020b6 elementor-section-content-bottom elementor-section-boxed elementor-section-height-default elementor-section-height-default pxl-row-scroll-none pxl-zoom-point-false pxl-section-overflow-visible pxl-section-fix-none pxl-bg-color-none pxl-section-overlay-none\" data-id=\"99020b6\" data-element_type=\"section\">\n\n                \n                <div class=\"elementor-container elementor-column-gap-extended\">\n                <div class=\"elementor-column elementor-col-50 elementor-top-column elementor-element elementor-element-f21a3a7 pxl-column-none pxl-column-overflow-hidden-no\" data-id=\"f21a3a7\" data-element_type=\"column\">\r\n        <div class=\"elementor-widget-wrap elementor-element-populated\">\r\n                     \r\n        \t\t<div class=\"elementor-element elementor-element-58c74416 elementor-widget elementor-widget-pxl_heading\" data-id=\"58c74416\" data-element_type=\"widget\" data-widget_type=\"pxl_heading.default\">\n\t\t\t\t<div class=\"elementor-widget-container\">\n\t\t\t\t\t\n<div id=\"pxl-pxl_heading-58c74416-4226\" class=\"pxl-heading px-sub-title-shape-style\">\n\t<div class=\"pxl-heading--inner\">\n\t\t\t\t\t<div class=\"pxl-item--subtitle px-sub-title-shape\" data-wow-delay=\"ms\">\n\t\t\t\t<span class=\"pxl-item--subtext\">\n\t\t\t\t\t\t\t\t\t\t\t<i class=\"flaticon-heading text-gradient pxl-mr-10 pxl-icon--heading\"><\/i>\n\t\t\t\t\t\t\t\t\t\t\t\t\t\t\t\t\t\t\t\t<span class=\"\">Bize Ula\u015f\u0131n<\/span>\n\t\t\t\t<\/span>\n\t\t\t<\/div>\n\t\t\n\t\t<h2 class=\"pxl-item--title style-default highlight-default pxl-split-text split-in-right\" data-wow-delay=\"ms\">\n\n\t\t\t<span class=\"pxl-heading--text\">\n\n\t\t\t\t\t\t\t\t\tEkibimiz size yard\u0131mc\u0131 olmak i\u00e7in her zaman haz\u0131rd\u0131r\t\n\t\t\t\t\t\n\n\t\t\t<\/span>\n\t\t<\/h2>\n\t\t\n\t<\/div>\n<\/div>\t\t\t\t<\/div>\n\t\t\t\t<\/div>\n\t\t\t\t<div class=\"elementor-element elementor-element-4fbccae elementor-widget elementor-widget-pxl_text_editor\" data-id=\"4fbccae\" data-element_type=\"widget\" data-widget_type=\"pxl_text_editor.default\">\n\t\t\t\t<div class=\"elementor-widget-container\">\n\t\t\t\t\t<div class=\"pxl-text-editor highlight-gradient\">\n\t<div class=\"pxl-item--inner\" data-wow-delay=\"ms\">\n\t\tBunu duymak harika! Yard\u0131ma haz\u0131r g\u00fcvenilir bir ekibe sahip olmak, sorunsuz operasyonlar ve h\u0131zl\u0131 sorun \u00e7\u00f6zme sa\u011flar. Ba\u011fl\u0131l\u0131\u011f\u0131n\u0131z kolektif ba\u015far\u0131m\u0131z i\u00e7in paha bi\u00e7ilmezdir.\t\t\n\t<\/div>\n<\/div>\t\t\t\t<\/div>\n\t\t\t\t<\/div>\n\t\t\t\t<div class=\"elementor-element elementor-element-16a43af elementor-widget elementor-widget-google_maps\" data-id=\"16a43af\" data-element_type=\"widget\" data-widget_type=\"google_maps.default\">\n\t\t\t\t<div class=\"elementor-widget-container\">\n\t\t\t\t\t\t\t<div class=\"elementor-custom-embed\">\n\t\t\t<iframe loading=\"lazy\"\n\t\t\t\t\tsrc=\"https:\/\/maps.google.com\/maps?q=71-75%20Shelton%20StLondon%20WC2H%209JQ&#038;t=m&#038;z=14&#038;output=embed&#038;iwloc=near\"\n\t\t\t\t\ttitle=\"71-75 Shelton StLondra WC2H 9JQ\"\n\t\t\t\t\taria-label=\"71-75 Shelton StLondra WC2H 9JQ\"\n\t\t\t><\/iframe>\n\t\t<\/div>\n\t\t\t\t\t\t<\/div>\n\t\t\t\t<\/div>\n\t\t            <\/div>\r\n        <\/div>\r\n                <div class=\"elementor-column elementor-col-50 elementor-top-column elementor-element elementor-element-73b1b35 pxl-column-none pxl-column-overflow-hidden-no\" data-id=\"73b1b35\" data-element_type=\"column\">\r\n        <div class=\"elementor-widget-wrap elementor-element-populated\">\r\n                     \r\n                <section class=\"elementor-section elementor-inner-section elementor-element elementor-element-c187b9d elementor-section-boxed elementor-section-height-default elementor-section-height-default pxl-row-scroll-none pxl-zoom-point-false pxl-section-overflow-visible pxl-section-fix-none pxl-bg-color-none pxl-section-overlay-none\" data-id=\"c187b9d\" data-element_type=\"section\" data-settings=\"{&quot;background_background&quot;:&quot;classic&quot;}\">\n\n                \n                <div class=\"elementor-container elementor-column-gap-extended\">\n                <div class=\"elementor-column elementor-col-100 elementor-inner-column elementor-element elementor-element-1608e9d pxl-column-none pxl-column-overflow-hidden-no\" data-id=\"1608e9d\" data-element_type=\"column\">\r\n        <div class=\"elementor-widget-wrap elementor-element-populated\">\r\n                     \r\n        \t\t<div class=\"elementor-element elementor-element-e85b1f1 elementor-widget elementor-widget-pxl_heading\" data-id=\"e85b1f1\" data-element_type=\"widget\" data-widget_type=\"pxl_heading.default\">\n\t\t\t\t<div class=\"elementor-widget-container\">\n\t\t\t\t\t\n<div id=\"pxl-pxl_heading-e85b1f1-3363\" class=\"pxl-heading px-sub-title-default-style\">\n\t<div class=\"pxl-heading--inner\">\n\t\t\n\t\t<h3 class=\"pxl-item--title style-default highlight-default\" data-wow-delay=\"ms\">\n\n\t\t\t<span class=\"pxl-heading--text\">\n\n\t\t\t\t\t\t\t\t\t\u0130leti\u015fime Ge\u00e7in\t\n\t\t\t\t\t\n\n\t\t\t<\/span>\n\t\t<\/h3>\n\t\t\n\t<\/div>\n<\/div>\t\t\t\t<\/div>\n\t\t\t\t<\/div>\n\t\t\t\t<div class=\"elementor-element elementor-element-7569cc6 elementor-widget elementor-widget-pxl_contact_form\" data-id=\"7569cc6\" data-element_type=\"widget\" data-widget_type=\"pxl_contact_form.default\">\n\t\t\t\t<div class=\"elementor-widget-container\">\n\t\t\t\t\t    <div class=\"pxl-contact-form pxl-contact-form1 btn-w-auto\" data-wow-delay=\"ms\">\r\n        \n<div class=\"wpcf7 no-js\" id=\"wpcf7-f2646-o1\" lang=\"en-US\" dir=\"ltr\" data-wpcf7-id=\"2646\">\n<div class=\"screen-reader-response\"><p role=\"status\" aria-live=\"polite\" aria-atomic=\"true\"><\/p> <ul><\/ul><\/div>\n<form action=\"\/tr\/wp-json\/wp\/v2\/pages\/762#wpcf7-f2646-o1\" method=\"post\" class=\"wpcf7-form init\" aria-label=\"Contact form\" novalidate=\"novalidate\" data-status=\"init\" data-trp-original-action=\"\/tr\/wp-json\/wp\/v2\/pages\/762#wpcf7-f2646-o1\">\n<fieldset class=\"hidden-fields-container\"><input type=\"hidden\" name=\"_wpcf7\" value=\"2646\" \/><input type=\"hidden\" name=\"_wpcf7_version\" value=\"6.1.4\" \/><input type=\"hidden\" name=\"_wpcf7_locale\" value=\"en_US\" \/><input type=\"hidden\" name=\"_wpcf7_unit_tag\" value=\"wpcf7-f2646-o1\" \/><input type=\"hidden\" name=\"_wpcf7_container_post\" value=\"0\" \/><input type=\"hidden\" name=\"_wpcf7_posted_data_hash\" value=\"\" \/>\n<\/fieldset>\n<div class=\"pxl--item\">\n\t<p><span class=\"wpcf7-form-control-wrap\" data-name=\"your-name\"><input size=\"40\" maxlength=\"400\" class=\"wpcf7-form-control wpcf7-text wpcf7-validates-as-required\" aria-required=\"true\" aria-invalid=\"false\" placeholder=\"Sizin ad\u0131n\u0131z\" value=\"\" type=\"text\" name=\"your-name\" \/><\/span>\n\t<\/p>\n<\/div>\n<div class=\"pxl--item\">\n\t<p><span class=\"wpcf7-form-control-wrap\" data-name=\"phone-number\"><input size=\"40\" maxlength=\"400\" class=\"wpcf7-form-control wpcf7-text\" aria-invalid=\"false\" placeholder=\"Telefon Numaras\u0131\" value=\"\" type=\"text\" name=\"phone-number\" \/><\/span>\n\t<\/p>\n<\/div>\n<div class=\"pxl--item\">\n\t<p><span class=\"wpcf7-form-control-wrap\" data-name=\"email-address\"><input size=\"40\" maxlength=\"400\" class=\"wpcf7-form-control wpcf7-email wpcf7-validates-as-required wpcf7-text wpcf7-validates-as-email\" aria-required=\"true\" aria-invalid=\"false\" placeholder=\"E-posta Adresi\" value=\"\" type=\"email\" name=\"email-address\" \/><\/span>\n\t<\/p>\n<\/div>\n<div class=\"pxl--item\">\n\t<p><span class=\"wpcf7-form-control-wrap\" data-name=\"your-message\"><textarea cols=\"40\" rows=\"10\" maxlength=\"2000\" class=\"wpcf7-form-control wpcf7-textarea wpcf7-validates-as-required\" aria-required=\"true\" aria-invalid=\"false\" placeholder=\"Mesaj\u0131n\u0131z\u0131 buraya yaz\u0131n...\" name=\"your-message\"><\/textarea><\/span>\n\t<\/p>\n<\/div>\n<div class=\"pxl--item\">\n\t<p><button type=\"submit\" class=\"wpcf7-submit btn btn-text-parallax btn-icon-box\"><span class=\"pxl--btn-text\">Mesaj G\u00f6nder<\/span><span class=\"pxl--btn-icon\"><i class=\"flaticon-up-right-arrow\"><\/i><\/span><\/button>\n\t<\/p>\n<\/div><div class=\"wpcf7-response-output\" aria-hidden=\"true\"><\/div>\n<input type=\"hidden\" name=\"trp-form-language\" value=\"tr\"\/><\/form>\n<\/div>\n    <\/div>\r\n\t\t\t\t<\/div>\n\t\t\t\t<\/div>\n\t\t            <\/div>\r\n        <\/div>\r\n        \t\t\t<\/div>\n\t\t<\/section>\n\t\t            <\/div>\r\n        <\/div>\r\n        \t\t\t<\/div>\n\t\t<\/section>\n\t\t\t\t<\/div>","protected":false},"excerpt":{"rendered":"<p>Contact Email Address sales team: info@nielsentech.co.uk support: Allan.nielsen.1st@gmail.com Call Phone Number Monday to Sunday 8:30 AM to 6:00 PM +44 7341 741087 Address Location Address: 71-75 Shelton St, Covent Garden, London, WC2H 9JQ Contact Us Our team is always available to help you That&#8217;s fantastic to hear! Having a reliable team ready to assist ensures [&hellip;]<\/p>","protected":false},"author":1,"featured_media":0,"parent":0,"menu_order":0,"comment_status":"closed","ping_status":"closed","template":"","meta":{"googlesitekit_rrm_CAowjZu7DA:productID":"","footnotes":""},"class_list":["post-762","page","type-page","status-publish","hentry"],"_hostinger_reach_plugin_has_subscription_block":false,"_hostinger_reach_plugin_is_elementor":false,"_links":{"self":[{"href":"https:\/\/nielsentech.co.uk\/tr\/wp-json\/wp\/v2\/pages\/762","targetHints":{"allow":["GET"]}}],"collection":[{"href":"https:\/\/nielsentech.co.uk\/tr\/wp-json\/wp\/v2\/pages"}],"about":[{"href":"https:\/\/nielsentech.co.uk\/tr\/wp-json\/wp\/v2\/types\/page"}],"author":[{"embeddable":true,"href":"https:\/\/nielsentech.co.uk\/tr\/wp-json\/wp\/v2\/users\/1"}],"replies":[{"embeddable":true,"href":"https:\/\/nielsentech.co.uk\/tr\/wp-json\/wp\/v2\/comments?post=762"}],"version-history":[{"count":6,"href":"https:\/\/nielsentech.co.uk\/tr\/wp-json\/wp\/v2\/pages\/762\/revisions"}],"predecessor-version":[{"id":5432,"href":"https:\/\/nielsentech.co.uk\/tr\/wp-json\/wp\/v2\/pages\/762\/revisions\/5432"}],"wp:attachment":[{"href":"https:\/\/nielsentech.co.uk\/tr\/wp-json\/wp\/v2\/media?parent=762"}],"curies":[{"name":"wp","href":"https:\/\/api.w.org\/{rel}","templated":true}]}}